{"id":55672,"date":"2026-02-08T19:49:43","date_gmt":"2026-02-08T18:49:43","guid":{"rendered":"https:\/\/prideshop.eu\/spletna-trgovina\/unkategorisiert\/taekwondo-lifestyle-hoodie-adidas-dobokstyle-14\/"},"modified":"2026-02-08T20:22:40","modified_gmt":"2026-02-08T19:22:40","slug":"taekwondo-lifestyle-hoodie-adidas-dobokstyle-14-b","status":"publish","type":"product","link":"https:\/\/prideshop.eu\/de\/shop\/sportarten\/itf-taekwondo-traditonelles-taekwondo\/taekwondo-itf-anzuge-dobok-und-kleidung\/taekwondo-lifestyle-hoodie-adidas-dobokstyle-14-b\/","title":{"rendered":"Taekwondo Lifestyle Hoodie Adidas \u2013 DobokStyle 14"},"content":{"rendered":"<p data-start=\"295\" data-end=\"590\">Der <strong data-start=\"299\" data-end=\"352\">Taekwondo Lifestyle Hoodie Adidas \u2013 DobokStyle 14<\/strong> ist ein bequemer, funktionaler und vielseitiger Hoodie f\u00fcr Taekwondo-Sportler und alle Kampfsportbegeisterten. Er eignet sich ideal f\u00fcr das Training, das Aufw\u00e4rmen vor der Einheit, Wettk\u00e4mpfe sowie f\u00fcr einen sportlich-entspannten Alltag.<\/p>\n<p data-start=\"592\" data-end=\"981\">Der Hoodie besteht aus einer hochwertigen <strong data-start=\"634\" data-end=\"665\">Baumwoll-Polyester-Mischung<\/strong>, die f\u00fcr ein angenehmes Tragegef\u00fchl, gute W\u00e4rmeisolierung und hohe Strapazierf\u00e4higkeit sorgt. Das Material bleibt auch bei regelm\u00e4\u00dfigem Tragen und h\u00e4ufigem Waschen formstabil und komfortabel. Mit einem Stoffgewicht von <strong data-start=\"885\" data-end=\"905\">12 oz \/ 350 g\/m\u00b2<\/strong> bietet der Hoodie die perfekte Balance zwischen W\u00e4rme und Atmungsaktivit\u00e4t.<\/p>\n<p data-start=\"983\" data-end=\"1288\">Der <strong data-start=\"987\" data-end=\"1016\">klassische Hoodie-Schnitt<\/strong> mit verstellbarer Kapuze und Kordelzug sowie einer praktischen K\u00e4ngurutasche sorgt f\u00fcr hohen Tragekomfort und Alltagstauglichkeit. Die lockere, sportliche Passform erm\u00f6glicht volle Bewegungsfreiheit \u2013 egal ob beim Aufw\u00e4rmen, auf dem Weg zum Training oder in der Freizeit.<\/p>\n<p data-start=\"1290\" data-end=\"1605\">Auf der Vorderseite befindet sich das markante <strong data-start=\"1337\" data-end=\"1383\">Adidas-Logo mit dem Schriftzug \u201eTaekwondo\u201c<\/strong>, das dem Hoodie einen klaren, sportlichen und authentischen Kampfsport-Look verleiht. Damit ist er nicht nur f\u00fcr Einzelpersonen, sondern auch f\u00fcr <strong data-start=\"1530\" data-end=\"1579\">Taekwondo-Vereine, Teams und Trainingsgruppen<\/strong> eine ausgezeichnete Wahl.<\/p>\n<p data-start=\"1607\" data-end=\"1805\">Der Taekwondo Lifestyle Hoodie Adidas \u2013 DobokStyle 14 verbindet Komfort, Qualit\u00e4t und sportlichen Stil und ist ideal f\u00fcr alle, die Taekwondo auch au\u00dferhalb der Trainingshalle repr\u00e4sentieren m\u00f6chten.<\/p>\n","protected":false},"excerpt":{"rendered":"<ul>\n<li>Taekwondo Lifestyle Hoodie f\u00fcr Training und Freizeit<\/li>\n<li>80 % Baumwolle \/ 20 % Polyester<\/li>\n<li>Stoffgewicht: 12 oz \/ 350 g\/m\u00b2<\/li>\n<li>Adidas Logo mit \u201eTaekwondo\u201c-Aufdruck<\/li>\n<li>klassischer Schnitt mit Kapuze und K\u00e4ngurutasche<\/li>\n<li>erh\u00e4ltlich in Erwachsenengr\u00f6\u00dfen<\/li>\n<\/ul>\n","protected":false},"featured_media":55652,"comment_status":"open","ping_status":"closed","template":"","meta":{"_acf_changed":false},"product_brand":[2084],"product_cat":[600,580,604,788,656,794,764,756],"product_tag":[],"class_list":{"0":"post-55672","1":"product","2":"type-product","3":"status-publish","4":"has-post-thumbnail","6":"product_brand-adidas","7":"product_cat-bekleidung-und-schuhe","8":"product_cat-equipment-de","9":"product_cat-hoodies-und-trainungsanzuge","10":"product_cat-itf-taekwondo-traditonelles-taekwondo","11":"product_cat-sportarten","12":"product_cat-taekwondo-itf-anzuge-dobok-und-kleidung","13":"product_cat-taekwondo-wt-anzuge-dobok-und-kleidung","14":"product_cat-taekwondo-wt-olypic-sports","16":"first","17":"instock","18":"taxable","19":"shipping-taxable","20":"purchasable","21":"product-type-variable"},"acf":[],"yoast_head":"<!-- This site is optimized with the Yoast SEO plugin v27.5 - https:\/\/yoast.com\/product\/yoast-seo-wordpress\/ -->\n<title>Taekwondo Lifestyle Hoodie Adidas \u2013 DobokStyle 14 - PRIDEshop<\/title>\n<meta name=\"description\" content=\"Taekwondo Lifestyle Hoodie Adidas \u2013 DobokStyle 14. Bequemer Hoodie f\u00fcr Training, Aufw\u00e4rmen und Freizeit. Hochwertiges Material und sportliches Design.\" \/>\n<meta name=\"robots\" content=\"index, follow, max-snippet:-1, max-image-preview:large, max-video-preview:-1\" \/>\n<link rel=\"canonical\" href=\"https:\/\/prideshop.eu\/de\/shop\/sportarten\/itf-taekwondo-traditonelles-taekwondo\/taekwondo-itf-anzuge-dobok-und-kleidung\/taekwondo-lifestyle-hoodie-adidas-dobokstyle-14-b\/\" \/>\n<meta property=\"og:locale\" content=\"de_DE\" \/>\n<meta property=\"og:type\" content=\"article\" \/>\n<meta property=\"og:title\" content=\"Taekwondo Lifestyle Hoodie Adidas \u2013 DobokStyle 14 - PRIDEshop\" \/>\n<meta property=\"og:description\" content=\"Taekwondo Lifestyle Hoodie Adidas \u2013 DobokStyle 14. Bequemer Hoodie f\u00fcr Training, Aufw\u00e4rmen und Freizeit. Hochwertiges Material und sportliches Design.\" \/>\n<meta property=\"og:url\" content=\"https:\/\/prideshop.eu\/de\/shop\/sportarten\/itf-taekwondo-traditonelles-taekwondo\/taekwondo-itf-anzuge-dobok-und-kleidung\/taekwondo-lifestyle-hoodie-adidas-dobokstyle-14-b\/\" \/>\n<meta property=\"og:site_name\" content=\"PRIDEshop\" \/>\n<meta property=\"article:publisher\" content=\"https:\/\/sl-si.facebook.com\/PrideShopeu\" \/>\n<meta property=\"article:modified_time\" content=\"2026-02-08T19:22:40+00:00\" \/>\n<meta property=\"og:image\" content=\"https:\/\/prideshop.eu\/wp-content\/uploads\/2026\/02\/taekwondo-lifestyle-hoodie-adidas-dobokstyle-att14b.jpeg\" \/>\n\t<meta property=\"og:image:width\" content=\"1000\" \/>\n\t<meta property=\"og:image:height\" content=\"1000\" \/>\n\t<meta property=\"og:image:type\" content=\"image\/jpeg\" \/>\n<meta name=\"twitter:card\" content=\"summary_large_image\" \/>\n<meta name=\"twitter:label1\" content=\"Gesch\u00e4tzte Lesezeit\" \/>\n\t<meta name=\"twitter:data1\" content=\"1\u00a0Minute\" \/>\n<script type=\"application\/ld+json\" class=\"yoast-schema-graph\">{\"@context\":\"https:\\\/\\\/schema.org\",\"@graph\":[{\"@type\":\"WebPage\",\"@id\":\"https:\\\/\\\/prideshop.eu\\\/de\\\/shop\\\/sportarten\\\/itf-taekwondo-traditonelles-taekwondo\\\/taekwondo-itf-anzuge-dobok-und-kleidung\\\/taekwondo-lifestyle-hoodie-adidas-dobokstyle-14-b\\\/\",\"url\":\"https:\\\/\\\/prideshop.eu\\\/de\\\/shop\\\/sportarten\\\/itf-taekwondo-traditonelles-taekwondo\\\/taekwondo-itf-anzuge-dobok-und-kleidung\\\/taekwondo-lifestyle-hoodie-adidas-dobokstyle-14-b\\\/\",\"name\":\"Taekwondo Lifestyle Hoodie Adidas \u2013 DobokStyle 14 - PRIDEshop\",\"isPartOf\":{\"@id\":\"https:\\\/\\\/prideshop.eu\\\/de\\\/#website\"},\"primaryImageOfPage\":{\"@id\":\"https:\\\/\\\/prideshop.eu\\\/de\\\/shop\\\/sportarten\\\/itf-taekwondo-traditonelles-taekwondo\\\/taekwondo-itf-anzuge-dobok-und-kleidung\\\/taekwondo-lifestyle-hoodie-adidas-dobokstyle-14-b\\\/#primaryimage\"},\"image\":{\"@id\":\"https:\\\/\\\/prideshop.eu\\\/de\\\/shop\\\/sportarten\\\/itf-taekwondo-traditonelles-taekwondo\\\/taekwondo-itf-anzuge-dobok-und-kleidung\\\/taekwondo-lifestyle-hoodie-adidas-dobokstyle-14-b\\\/#primaryimage\"},\"thumbnailUrl\":\"https:\\\/\\\/prideshop.eu\\\/wp-content\\\/uploads\\\/2026\\\/02\\\/taekwondo-lifestyle-hoodie-adidas-dobokstyle-att14b.jpeg\",\"datePublished\":\"2026-02-08T18:49:43+00:00\",\"dateModified\":\"2026-02-08T19:22:40+00:00\",\"description\":\"Taekwondo Lifestyle Hoodie Adidas \u2013 DobokStyle 14. Bequemer Hoodie f\u00fcr Training, Aufw\u00e4rmen und Freizeit. Hochwertiges Material und sportliches Design.\",\"breadcrumb\":{\"@id\":\"https:\\\/\\\/prideshop.eu\\\/de\\\/shop\\\/sportarten\\\/itf-taekwondo-traditonelles-taekwondo\\\/taekwondo-itf-anzuge-dobok-und-kleidung\\\/taekwondo-lifestyle-hoodie-adidas-dobokstyle-14-b\\\/#breadcrumb\"},\"inLanguage\":\"de\",\"potentialAction\":[{\"@type\":\"ReadAction\",\"target\":[\"https:\\\/\\\/prideshop.eu\\\/de\\\/shop\\\/sportarten\\\/itf-taekwondo-traditonelles-taekwondo\\\/taekwondo-itf-anzuge-dobok-und-kleidung\\\/taekwondo-lifestyle-hoodie-adidas-dobokstyle-14-b\\\/\"]}]},{\"@type\":\"ImageObject\",\"inLanguage\":\"de\",\"@id\":\"https:\\\/\\\/prideshop.eu\\\/de\\\/shop\\\/sportarten\\\/itf-taekwondo-traditonelles-taekwondo\\\/taekwondo-itf-anzuge-dobok-und-kleidung\\\/taekwondo-lifestyle-hoodie-adidas-dobokstyle-14-b\\\/#primaryimage\",\"url\":\"https:\\\/\\\/prideshop.eu\\\/wp-content\\\/uploads\\\/2026\\\/02\\\/taekwondo-lifestyle-hoodie-adidas-dobokstyle-att14b.jpeg\",\"contentUrl\":\"https:\\\/\\\/prideshop.eu\\\/wp-content\\\/uploads\\\/2026\\\/02\\\/taekwondo-lifestyle-hoodie-adidas-dobokstyle-att14b.jpeg\",\"width\":1000,\"height\":1000,\"caption\":\"Taekwondo Lifestyle Hoodie Adidas DobokStyle 14 mit Kapuze schwarz\"},{\"@type\":\"BreadcrumbList\",\"@id\":\"https:\\\/\\\/prideshop.eu\\\/de\\\/shop\\\/sportarten\\\/itf-taekwondo-traditonelles-taekwondo\\\/taekwondo-itf-anzuge-dobok-und-kleidung\\\/taekwondo-lifestyle-hoodie-adidas-dobokstyle-14-b\\\/#breadcrumb\",\"itemListElement\":[{\"@type\":\"ListItem\",\"position\":1,\"name\":\"Home\",\"item\":\"https:\\\/\\\/prideshop.eu\\\/de\\\/\"},{\"@type\":\"ListItem\",\"position\":2,\"name\":\"Gesch\u00e4ft\",\"item\":\"https:\\\/\\\/prideshop.eu\\\/de\\\/geschaeft\\\/\"},{\"@type\":\"ListItem\",\"position\":3,\"name\":\"Taekwondo Lifestyle Hoodie Adidas \u2013 DobokStyle 14\"}]},{\"@type\":\"WebSite\",\"@id\":\"https:\\\/\\\/prideshop.eu\\\/de\\\/#website\",\"url\":\"https:\\\/\\\/prideshop.eu\\\/de\\\/\",\"name\":\"PRIDEshop\",\"description\":\"Oprema za Borilne \u0160porte\",\"publisher\":{\"@id\":\"https:\\\/\\\/prideshop.eu\\\/de\\\/#organization\"},\"potentialAction\":[{\"@type\":\"SearchAction\",\"target\":{\"@type\":\"EntryPoint\",\"urlTemplate\":\"https:\\\/\\\/prideshop.eu\\\/de\\\/?s={search_term_string}\"},\"query-input\":{\"@type\":\"PropertyValueSpecification\",\"valueRequired\":true,\"valueName\":\"search_term_string\"}}],\"inLanguage\":\"de\"},{\"@type\":\"Organization\",\"@id\":\"https:\\\/\\\/prideshop.eu\\\/de\\\/#organization\",\"name\":\"PRIDEshop\",\"url\":\"https:\\\/\\\/prideshop.eu\\\/de\\\/\",\"logo\":{\"@type\":\"ImageObject\",\"inLanguage\":\"de\",\"@id\":\"https:\\\/\\\/prideshop.eu\\\/de\\\/#\\\/schema\\\/logo\\\/image\\\/\",\"url\":\"\",\"contentUrl\":\"\",\"caption\":\"PRIDEshop\"},\"image\":{\"@id\":\"https:\\\/\\\/prideshop.eu\\\/de\\\/#\\\/schema\\\/logo\\\/image\\\/\"},\"sameAs\":[\"https:\\\/\\\/sl-si.facebook.com\\\/PrideShopeu\"]}]}<\/script>\n<!-- \/ Yoast SEO plugin. -->","yoast_head_json":{"title":"Taekwondo Lifestyle Hoodie Adidas \u2013 DobokStyle 14 - PRIDEshop","description":"Taekwondo Lifestyle Hoodie Adidas \u2013 DobokStyle 14. Bequemer Hoodie f\u00fcr Training, Aufw\u00e4rmen und Freizeit. Hochwertiges Material und sportliches Design.","robots":{"index":"index","follow":"follow","max-snippet":"max-snippet:-1","max-image-preview":"max-image-preview:large","max-video-preview":"max-video-preview:-1"},"canonical":"https:\/\/prideshop.eu\/de\/shop\/sportarten\/itf-taekwondo-traditonelles-taekwondo\/taekwondo-itf-anzuge-dobok-und-kleidung\/taekwondo-lifestyle-hoodie-adidas-dobokstyle-14-b\/","og_locale":"de_DE","og_type":"article","og_title":"Taekwondo Lifestyle Hoodie Adidas \u2013 DobokStyle 14 - PRIDEshop","og_description":"Taekwondo Lifestyle Hoodie Adidas \u2013 DobokStyle 14. Bequemer Hoodie f\u00fcr Training, Aufw\u00e4rmen und Freizeit. Hochwertiges Material und sportliches Design.","og_url":"https:\/\/prideshop.eu\/de\/shop\/sportarten\/itf-taekwondo-traditonelles-taekwondo\/taekwondo-itf-anzuge-dobok-und-kleidung\/taekwondo-lifestyle-hoodie-adidas-dobokstyle-14-b\/","og_site_name":"PRIDEshop","article_publisher":"https:\/\/sl-si.facebook.com\/PrideShopeu","article_modified_time":"2026-02-08T19:22:40+00:00","og_image":[{"width":1000,"height":1000,"url":"https:\/\/prideshop.eu\/wp-content\/uploads\/2026\/02\/taekwondo-lifestyle-hoodie-adidas-dobokstyle-att14b.jpeg","type":"image\/jpeg"}],"twitter_card":"summary_large_image","twitter_misc":{"Gesch\u00e4tzte Lesezeit":"1\u00a0Minute"},"schema":{"@context":"https:\/\/schema.org","@graph":[{"@type":"WebPage","@id":"https:\/\/prideshop.eu\/de\/shop\/sportarten\/itf-taekwondo-traditonelles-taekwondo\/taekwondo-itf-anzuge-dobok-und-kleidung\/taekwondo-lifestyle-hoodie-adidas-dobokstyle-14-b\/","url":"https:\/\/prideshop.eu\/de\/shop\/sportarten\/itf-taekwondo-traditonelles-taekwondo\/taekwondo-itf-anzuge-dobok-und-kleidung\/taekwondo-lifestyle-hoodie-adidas-dobokstyle-14-b\/","name":"Taekwondo Lifestyle Hoodie Adidas \u2013 DobokStyle 14 - PRIDEshop","isPartOf":{"@id":"https:\/\/prideshop.eu\/de\/#website"},"primaryImageOfPage":{"@id":"https:\/\/prideshop.eu\/de\/shop\/sportarten\/itf-taekwondo-traditonelles-taekwondo\/taekwondo-itf-anzuge-dobok-und-kleidung\/taekwondo-lifestyle-hoodie-adidas-dobokstyle-14-b\/#primaryimage"},"image":{"@id":"https:\/\/prideshop.eu\/de\/shop\/sportarten\/itf-taekwondo-traditonelles-taekwondo\/taekwondo-itf-anzuge-dobok-und-kleidung\/taekwondo-lifestyle-hoodie-adidas-dobokstyle-14-b\/#primaryimage"},"thumbnailUrl":"https:\/\/prideshop.eu\/wp-content\/uploads\/2026\/02\/taekwondo-lifestyle-hoodie-adidas-dobokstyle-att14b.jpeg","datePublished":"2026-02-08T18:49:43+00:00","dateModified":"2026-02-08T19:22:40+00:00","description":"Taekwondo Lifestyle Hoodie Adidas \u2013 DobokStyle 14. Bequemer Hoodie f\u00fcr Training, Aufw\u00e4rmen und Freizeit. Hochwertiges Material und sportliches Design.","breadcrumb":{"@id":"https:\/\/prideshop.eu\/de\/shop\/sportarten\/itf-taekwondo-traditonelles-taekwondo\/taekwondo-itf-anzuge-dobok-und-kleidung\/taekwondo-lifestyle-hoodie-adidas-dobokstyle-14-b\/#breadcrumb"},"inLanguage":"de","potentialAction":[{"@type":"ReadAction","target":["https:\/\/prideshop.eu\/de\/shop\/sportarten\/itf-taekwondo-traditonelles-taekwondo\/taekwondo-itf-anzuge-dobok-und-kleidung\/taekwondo-lifestyle-hoodie-adidas-dobokstyle-14-b\/"]}]},{"@type":"ImageObject","inLanguage":"de","@id":"https:\/\/prideshop.eu\/de\/shop\/sportarten\/itf-taekwondo-traditonelles-taekwondo\/taekwondo-itf-anzuge-dobok-und-kleidung\/taekwondo-lifestyle-hoodie-adidas-dobokstyle-14-b\/#primaryimage","url":"https:\/\/prideshop.eu\/wp-content\/uploads\/2026\/02\/taekwondo-lifestyle-hoodie-adidas-dobokstyle-att14b.jpeg","contentUrl":"https:\/\/prideshop.eu\/wp-content\/uploads\/2026\/02\/taekwondo-lifestyle-hoodie-adidas-dobokstyle-att14b.jpeg","width":1000,"height":1000,"caption":"Taekwondo Lifestyle Hoodie Adidas DobokStyle 14 mit Kapuze schwarz"},{"@type":"BreadcrumbList","@id":"https:\/\/prideshop.eu\/de\/shop\/sportarten\/itf-taekwondo-traditonelles-taekwondo\/taekwondo-itf-anzuge-dobok-und-kleidung\/taekwondo-lifestyle-hoodie-adidas-dobokstyle-14-b\/#breadcrumb","itemListElement":[{"@type":"ListItem","position":1,"name":"Home","item":"https:\/\/prideshop.eu\/de\/"},{"@type":"ListItem","position":2,"name":"Gesch\u00e4ft","item":"https:\/\/prideshop.eu\/de\/geschaeft\/"},{"@type":"ListItem","position":3,"name":"Taekwondo Lifestyle Hoodie Adidas \u2013 DobokStyle 14"}]},{"@type":"WebSite","@id":"https:\/\/prideshop.eu\/de\/#website","url":"https:\/\/prideshop.eu\/de\/","name":"PRIDEshop","description":"Oprema za Borilne \u0160porte","publisher":{"@id":"https:\/\/prideshop.eu\/de\/#organization"},"potentialAction":[{"@type":"SearchAction","target":{"@type":"EntryPoint","urlTemplate":"https:\/\/prideshop.eu\/de\/?s={search_term_string}"},"query-input":{"@type":"PropertyValueSpecification","valueRequired":true,"valueName":"search_term_string"}}],"inLanguage":"de"},{"@type":"Organization","@id":"https:\/\/prideshop.eu\/de\/#organization","name":"PRIDEshop","url":"https:\/\/prideshop.eu\/de\/","logo":{"@type":"ImageObject","inLanguage":"de","@id":"https:\/\/prideshop.eu\/de\/#\/schema\/logo\/image\/","url":"","contentUrl":"","caption":"PRIDEshop"},"image":{"@id":"https:\/\/prideshop.eu\/de\/#\/schema\/logo\/image\/"},"sameAs":["https:\/\/sl-si.facebook.com\/PrideShopeu"]}]}},"_links":{"self":[{"href":"https:\/\/prideshop.eu\/de\/wp-json\/wp\/v2\/product\/55672","targetHints":{"allow":["GET"]}}],"collection":[{"href":"https:\/\/prideshop.eu\/de\/wp-json\/wp\/v2\/product"}],"about":[{"href":"https:\/\/prideshop.eu\/de\/wp-json\/wp\/v2\/types\/product"}],"replies":[{"embeddable":true,"href":"https:\/\/prideshop.eu\/de\/wp-json\/wp\/v2\/comments?post=55672"}],"wp:featuredmedia":[{"embeddable":true,"href":"https:\/\/prideshop.eu\/de\/wp-json\/wp\/v2\/media\/55652"}],"wp:attachment":[{"href":"https:\/\/prideshop.eu\/de\/wp-json\/wp\/v2\/media?parent=55672"}],"wp:term":[{"taxonomy":"product_brand","embeddable":true,"href":"https:\/\/prideshop.eu\/de\/wp-json\/wp\/v2\/product_brand?post=55672"},{"taxonomy":"product_cat","embeddable":true,"href":"https:\/\/prideshop.eu\/de\/wp-json\/wp\/v2\/product_cat?post=55672"},{"taxonomy":"product_tag","embeddable":true,"href":"https:\/\/prideshop.eu\/de\/wp-json\/wp\/v2\/product_tag?post=55672"}],"curies":[{"name":"wp","href":"https:\/\/api.w.org\/{rel}","templated":true}]}}