{"id":56090,"date":"2026-02-11T22:23:39","date_gmt":"2026-02-11T21:23:39","guid":{"rendered":"https:\/\/prideshop.eu\/spletna-trgovina\/unkategorisiert\/adidas-judo-hoodie-gistyle-11\/"},"modified":"2026-02-15T12:58:20","modified_gmt":"2026-02-15T11:58:20","slug":"adidas-judo-hoodie-gistyle-11","status":"publish","type":"product","link":"https:\/\/prideshop.eu\/de\/shop\/sportarten\/judo-de\/judo-anzuge-judogi-und-kleidung\/adidas-judo-hoodie-gistyle-11\/","title":{"rendered":"Judo Hoodie Adidas \u2013 GiStyle 11"},"content":{"rendered":"<p data-start=\"178\" data-end=\"420\">Der <strong data-start=\"182\" data-end=\"217\">Judo Hoodie Adidas \u2013 GiStyle 11<\/strong> ist ein bequemer und vielseitiger Kapuzenpullover f\u00fcr Judoka und alle Kampfsportbegeisterten. Er eignet sich ideal f\u00fcr Training, Aufw\u00e4rmphasen vor dem Training, Wettk\u00e4mpfe oder einen sportlichen Alltag.<\/p>\n<p data-start=\"422\" data-end=\"759\">Der Hoodie besteht aus einer hochwertigen <strong data-start=\"464\" data-end=\"508\">80 % Baumwolle \/ 20 % Polyester Mischung<\/strong>, die f\u00fcr angenehme Weichheit, W\u00e4rme und hohe Strapazierf\u00e4higkeit sorgt. Mit einem Materialgewicht von <strong data-start=\"611\" data-end=\"631\">12 oz \/ 350 g\/m\u00b2<\/strong> bietet er die perfekte Balance zwischen Komfort und Langlebigkeit \u2013 ideal f\u00fcr regelm\u00e4\u00dfige Nutzung im Dojo oder in der Freizeit.<\/p>\n<p data-start=\"761\" data-end=\"936\">Auf der Vorderseite befindet sich das <strong data-start=\"799\" data-end=\"849\">Adidas Logo mit integriertem \u201eJudo\u201c Schriftzug<\/strong>, was dem Hoodie einen klaren, sportlichen und zugleich minimalistischen Look verleiht.<\/p>\n<p data-start=\"938\" data-end=\"1065\">Der klassische Schnitt mit Kapuze und K\u00e4ngurutasche sorgt f\u00fcr maximalen Tragekomfort \u2013 sowohl beim Training als auch im Alltag.<\/p>\n<p data-start=\"1067\" data-end=\"1111\">Erh\u00e4ltlich in Erwachsenen- und Kindergr\u00f6\u00dfen.<\/p>\n","protected":false},"excerpt":{"rendered":"<ul>\n<li>80 % Baumwolle \/ 20 % Polyester<\/li>\n<li>Materialgewicht: 12 oz \/ 350 g\/m\u00b2<\/li>\n<li>Adidas Logo mit integriertem \u201eJudo\u201c Schriftzug<\/li>\n<li>Klassischer Hoodie mit Kapuze und K\u00e4ngurutasche<\/li>\n<li>Weiches, strapazierf\u00e4higes Material<\/li>\n<li>Geeignet f\u00fcr Training, Aufw\u00e4rmen und Freizeit<\/li>\n<li>Erwachsenen- und Kindergr\u00f6\u00dfen verf\u00fcgbar<\/li>\n<\/ul>\n","protected":false},"featured_media":55986,"comment_status":"open","ping_status":"closed","template":"","meta":{"_acf_changed":false},"product_brand":[2084],"product_cat":[600,580,604,700,704,656],"product_tag":[],"class_list":{"0":"post-56090","1":"product","2":"type-product","3":"status-publish","4":"has-post-thumbnail","6":"product_brand-adidas","7":"product_cat-bekleidung-und-schuhe","8":"product_cat-equipment-de","9":"product_cat-hoodies-und-trainungsanzuge","10":"product_cat-judo-de","11":"product_cat-judo-anzuge-judogi-und-kleidung","12":"product_cat-sportarten","14":"first","15":"instock","16":"taxable","17":"shipping-taxable","18":"purchasable","19":"product-type-variable"},"acf":[],"yoast_head":"<!-- This site is optimized with the Yoast SEO plugin v27.5 - https:\/\/yoast.com\/product\/yoast-seo-wordpress\/ -->\n<title>Judo Hoodie Adidas \u2013 GiStyle 11 Kapuzenpullover<\/title>\n<meta name=\"description\" content=\"Judo Hoodie Adidas \u2013 GiStyle 11 aus 80 % Baumwolle und 20 % Polyester (350 g\/m\u00b2). Bequemer Kapuzenpullover mit integriertem Judo Schriftzug \u2013 ideal f\u00fcr Training und Freizeit.\" \/>\n<meta name=\"robots\" content=\"index, follow, max-snippet:-1, max-image-preview:large, max-video-preview:-1\" \/>\n<link rel=\"canonical\" href=\"https:\/\/prideshop.eu\/de\/shop\/sportarten\/judo-de\/judo-anzuge-judogi-und-kleidung\/adidas-judo-hoodie-gistyle-11\/\" \/>\n<meta property=\"og:locale\" content=\"de_DE\" \/>\n<meta property=\"og:type\" content=\"article\" \/>\n<meta property=\"og:title\" content=\"Judo Hoodie Adidas \u2013 GiStyle 11 Kapuzenpullover\" \/>\n<meta property=\"og:description\" content=\"Judo Hoodie Adidas \u2013 GiStyle 11 aus 80 % Baumwolle und 20 % Polyester (350 g\/m\u00b2). Bequemer Kapuzenpullover mit integriertem Judo Schriftzug \u2013 ideal f\u00fcr Training und Freizeit.\" \/>\n<meta property=\"og:url\" content=\"https:\/\/prideshop.eu\/de\/shop\/sportarten\/judo-de\/judo-anzuge-judogi-und-kleidung\/adidas-judo-hoodie-gistyle-11\/\" \/>\n<meta property=\"og:site_name\" content=\"PRIDEshop\" \/>\n<meta property=\"article:publisher\" content=\"https:\/\/sl-si.facebook.com\/PrideShopeu\" \/>\n<meta property=\"article:modified_time\" content=\"2026-02-15T11:58:20+00:00\" \/>\n<meta property=\"og:image\" content=\"https:\/\/prideshop.eu\/wp-content\/uploads\/2026\/02\/judo-lifestyle-hoodie-adidas-gistyle11-r.jpeg\" \/>\n\t<meta property=\"og:image:width\" content=\"1000\" \/>\n\t<meta property=\"og:image:height\" content=\"1000\" \/>\n\t<meta property=\"og:image:type\" content=\"image\/jpeg\" \/>\n<meta name=\"twitter:card\" content=\"summary_large_image\" \/>\n<meta name=\"twitter:label1\" content=\"Gesch\u00e4tzte Lesezeit\" \/>\n\t<meta name=\"twitter:data1\" content=\"1\u00a0Minute\" \/>\n<script type=\"application\/ld+json\" class=\"yoast-schema-graph\">{\"@context\":\"https:\\\/\\\/schema.org\",\"@graph\":[{\"@type\":\"WebPage\",\"@id\":\"https:\\\/\\\/prideshop.eu\\\/de\\\/shop\\\/sportarten\\\/judo-de\\\/judo-anzuge-judogi-und-kleidung\\\/adidas-judo-hoodie-gistyle-11\\\/\",\"url\":\"https:\\\/\\\/prideshop.eu\\\/de\\\/shop\\\/sportarten\\\/judo-de\\\/judo-anzuge-judogi-und-kleidung\\\/adidas-judo-hoodie-gistyle-11\\\/\",\"name\":\"Judo Hoodie Adidas \u2013 GiStyle 11 Kapuzenpullover\",\"isPartOf\":{\"@id\":\"https:\\\/\\\/prideshop.eu\\\/de\\\/#website\"},\"primaryImageOfPage\":{\"@id\":\"https:\\\/\\\/prideshop.eu\\\/de\\\/shop\\\/sportarten\\\/judo-de\\\/judo-anzuge-judogi-und-kleidung\\\/adidas-judo-hoodie-gistyle-11\\\/#primaryimage\"},\"image\":{\"@id\":\"https:\\\/\\\/prideshop.eu\\\/de\\\/shop\\\/sportarten\\\/judo-de\\\/judo-anzuge-judogi-und-kleidung\\\/adidas-judo-hoodie-gistyle-11\\\/#primaryimage\"},\"thumbnailUrl\":\"https:\\\/\\\/prideshop.eu\\\/wp-content\\\/uploads\\\/2026\\\/02\\\/judo-lifestyle-hoodie-adidas-gistyle11-r.jpeg\",\"datePublished\":\"2026-02-11T21:23:39+00:00\",\"dateModified\":\"2026-02-15T11:58:20+00:00\",\"description\":\"Judo Hoodie Adidas \u2013 GiStyle 11 aus 80 % Baumwolle und 20 % Polyester (350 g\\\/m\u00b2). Bequemer Kapuzenpullover mit integriertem Judo Schriftzug \u2013 ideal f\u00fcr Training und Freizeit.\",\"breadcrumb\":{\"@id\":\"https:\\\/\\\/prideshop.eu\\\/de\\\/shop\\\/sportarten\\\/judo-de\\\/judo-anzuge-judogi-und-kleidung\\\/adidas-judo-hoodie-gistyle-11\\\/#breadcrumb\"},\"inLanguage\":\"de\",\"potentialAction\":[{\"@type\":\"ReadAction\",\"target\":[\"https:\\\/\\\/prideshop.eu\\\/de\\\/shop\\\/sportarten\\\/judo-de\\\/judo-anzuge-judogi-und-kleidung\\\/adidas-judo-hoodie-gistyle-11\\\/\"]}]},{\"@type\":\"ImageObject\",\"inLanguage\":\"de\",\"@id\":\"https:\\\/\\\/prideshop.eu\\\/de\\\/shop\\\/sportarten\\\/judo-de\\\/judo-anzuge-judogi-und-kleidung\\\/adidas-judo-hoodie-gistyle-11\\\/#primaryimage\",\"url\":\"https:\\\/\\\/prideshop.eu\\\/wp-content\\\/uploads\\\/2026\\\/02\\\/judo-lifestyle-hoodie-adidas-gistyle11-r.jpeg\",\"contentUrl\":\"https:\\\/\\\/prideshop.eu\\\/wp-content\\\/uploads\\\/2026\\\/02\\\/judo-lifestyle-hoodie-adidas-gistyle11-r.jpeg\",\"width\":1000,\"height\":1000,\"caption\":\"Judo Hoodie Adidas GiStyle 11 mit Judo Schriftzug im Logo rot\"},{\"@type\":\"BreadcrumbList\",\"@id\":\"https:\\\/\\\/prideshop.eu\\\/de\\\/shop\\\/sportarten\\\/judo-de\\\/judo-anzuge-judogi-und-kleidung\\\/adidas-judo-hoodie-gistyle-11\\\/#breadcrumb\",\"itemListElement\":[{\"@type\":\"ListItem\",\"position\":1,\"name\":\"Home\",\"item\":\"https:\\\/\\\/prideshop.eu\\\/de\\\/\"},{\"@type\":\"ListItem\",\"position\":2,\"name\":\"Gesch\u00e4ft\",\"item\":\"https:\\\/\\\/prideshop.eu\\\/de\\\/geschaeft\\\/\"},{\"@type\":\"ListItem\",\"position\":3,\"name\":\"Judo Hoodie Adidas \u2013 GiStyle 11\"}]},{\"@type\":\"WebSite\",\"@id\":\"https:\\\/\\\/prideshop.eu\\\/de\\\/#website\",\"url\":\"https:\\\/\\\/prideshop.eu\\\/de\\\/\",\"name\":\"PRIDEshop\",\"description\":\"Oprema za Borilne \u0160porte\",\"publisher\":{\"@id\":\"https:\\\/\\\/prideshop.eu\\\/de\\\/#organization\"},\"potentialAction\":[{\"@type\":\"SearchAction\",\"target\":{\"@type\":\"EntryPoint\",\"urlTemplate\":\"https:\\\/\\\/prideshop.eu\\\/de\\\/?s={search_term_string}\"},\"query-input\":{\"@type\":\"PropertyValueSpecification\",\"valueRequired\":true,\"valueName\":\"search_term_string\"}}],\"inLanguage\":\"de\"},{\"@type\":\"Organization\",\"@id\":\"https:\\\/\\\/prideshop.eu\\\/de\\\/#organization\",\"name\":\"PRIDEshop\",\"url\":\"https:\\\/\\\/prideshop.eu\\\/de\\\/\",\"logo\":{\"@type\":\"ImageObject\",\"inLanguage\":\"de\",\"@id\":\"https:\\\/\\\/prideshop.eu\\\/de\\\/#\\\/schema\\\/logo\\\/image\\\/\",\"url\":\"\",\"contentUrl\":\"\",\"caption\":\"PRIDEshop\"},\"image\":{\"@id\":\"https:\\\/\\\/prideshop.eu\\\/de\\\/#\\\/schema\\\/logo\\\/image\\\/\"},\"sameAs\":[\"https:\\\/\\\/sl-si.facebook.com\\\/PrideShopeu\"]}]}<\/script>\n<!-- \/ Yoast SEO plugin. -->","yoast_head_json":{"title":"Judo Hoodie Adidas \u2013 GiStyle 11 Kapuzenpullover","description":"Judo Hoodie Adidas \u2013 GiStyle 11 aus 80 % Baumwolle und 20 % Polyester (350 g\/m\u00b2). Bequemer Kapuzenpullover mit integriertem Judo Schriftzug \u2013 ideal f\u00fcr Training und Freizeit.","robots":{"index":"index","follow":"follow","max-snippet":"max-snippet:-1","max-image-preview":"max-image-preview:large","max-video-preview":"max-video-preview:-1"},"canonical":"https:\/\/prideshop.eu\/de\/shop\/sportarten\/judo-de\/judo-anzuge-judogi-und-kleidung\/adidas-judo-hoodie-gistyle-11\/","og_locale":"de_DE","og_type":"article","og_title":"Judo Hoodie Adidas \u2013 GiStyle 11 Kapuzenpullover","og_description":"Judo Hoodie Adidas \u2013 GiStyle 11 aus 80 % Baumwolle und 20 % Polyester (350 g\/m\u00b2). Bequemer Kapuzenpullover mit integriertem Judo Schriftzug \u2013 ideal f\u00fcr Training und Freizeit.","og_url":"https:\/\/prideshop.eu\/de\/shop\/sportarten\/judo-de\/judo-anzuge-judogi-und-kleidung\/adidas-judo-hoodie-gistyle-11\/","og_site_name":"PRIDEshop","article_publisher":"https:\/\/sl-si.facebook.com\/PrideShopeu","article_modified_time":"2026-02-15T11:58:20+00:00","og_image":[{"width":1000,"height":1000,"url":"https:\/\/prideshop.eu\/wp-content\/uploads\/2026\/02\/judo-lifestyle-hoodie-adidas-gistyle11-r.jpeg","type":"image\/jpeg"}],"twitter_card":"summary_large_image","twitter_misc":{"Gesch\u00e4tzte Lesezeit":"1\u00a0Minute"},"schema":{"@context":"https:\/\/schema.org","@graph":[{"@type":"WebPage","@id":"https:\/\/prideshop.eu\/de\/shop\/sportarten\/judo-de\/judo-anzuge-judogi-und-kleidung\/adidas-judo-hoodie-gistyle-11\/","url":"https:\/\/prideshop.eu\/de\/shop\/sportarten\/judo-de\/judo-anzuge-judogi-und-kleidung\/adidas-judo-hoodie-gistyle-11\/","name":"Judo Hoodie Adidas \u2013 GiStyle 11 Kapuzenpullover","isPartOf":{"@id":"https:\/\/prideshop.eu\/de\/#website"},"primaryImageOfPage":{"@id":"https:\/\/prideshop.eu\/de\/shop\/sportarten\/judo-de\/judo-anzuge-judogi-und-kleidung\/adidas-judo-hoodie-gistyle-11\/#primaryimage"},"image":{"@id":"https:\/\/prideshop.eu\/de\/shop\/sportarten\/judo-de\/judo-anzuge-judogi-und-kleidung\/adidas-judo-hoodie-gistyle-11\/#primaryimage"},"thumbnailUrl":"https:\/\/prideshop.eu\/wp-content\/uploads\/2026\/02\/judo-lifestyle-hoodie-adidas-gistyle11-r.jpeg","datePublished":"2026-02-11T21:23:39+00:00","dateModified":"2026-02-15T11:58:20+00:00","description":"Judo Hoodie Adidas \u2013 GiStyle 11 aus 80 % Baumwolle und 20 % Polyester (350 g\/m\u00b2). Bequemer Kapuzenpullover mit integriertem Judo Schriftzug \u2013 ideal f\u00fcr Training und Freizeit.","breadcrumb":{"@id":"https:\/\/prideshop.eu\/de\/shop\/sportarten\/judo-de\/judo-anzuge-judogi-und-kleidung\/adidas-judo-hoodie-gistyle-11\/#breadcrumb"},"inLanguage":"de","potentialAction":[{"@type":"ReadAction","target":["https:\/\/prideshop.eu\/de\/shop\/sportarten\/judo-de\/judo-anzuge-judogi-und-kleidung\/adidas-judo-hoodie-gistyle-11\/"]}]},{"@type":"ImageObject","inLanguage":"de","@id":"https:\/\/prideshop.eu\/de\/shop\/sportarten\/judo-de\/judo-anzuge-judogi-und-kleidung\/adidas-judo-hoodie-gistyle-11\/#primaryimage","url":"https:\/\/prideshop.eu\/wp-content\/uploads\/2026\/02\/judo-lifestyle-hoodie-adidas-gistyle11-r.jpeg","contentUrl":"https:\/\/prideshop.eu\/wp-content\/uploads\/2026\/02\/judo-lifestyle-hoodie-adidas-gistyle11-r.jpeg","width":1000,"height":1000,"caption":"Judo Hoodie Adidas GiStyle 11 mit Judo Schriftzug im Logo rot"},{"@type":"BreadcrumbList","@id":"https:\/\/prideshop.eu\/de\/shop\/sportarten\/judo-de\/judo-anzuge-judogi-und-kleidung\/adidas-judo-hoodie-gistyle-11\/#breadcrumb","itemListElement":[{"@type":"ListItem","position":1,"name":"Home","item":"https:\/\/prideshop.eu\/de\/"},{"@type":"ListItem","position":2,"name":"Gesch\u00e4ft","item":"https:\/\/prideshop.eu\/de\/geschaeft\/"},{"@type":"ListItem","position":3,"name":"Judo Hoodie Adidas \u2013 GiStyle 11"}]},{"@type":"WebSite","@id":"https:\/\/prideshop.eu\/de\/#website","url":"https:\/\/prideshop.eu\/de\/","name":"PRIDEshop","description":"Oprema za Borilne \u0160porte","publisher":{"@id":"https:\/\/prideshop.eu\/de\/#organization"},"potentialAction":[{"@type":"SearchAction","target":{"@type":"EntryPoint","urlTemplate":"https:\/\/prideshop.eu\/de\/?s={search_term_string}"},"query-input":{"@type":"PropertyValueSpecification","valueRequired":true,"valueName":"search_term_string"}}],"inLanguage":"de"},{"@type":"Organization","@id":"https:\/\/prideshop.eu\/de\/#organization","name":"PRIDEshop","url":"https:\/\/prideshop.eu\/de\/","logo":{"@type":"ImageObject","inLanguage":"de","@id":"https:\/\/prideshop.eu\/de\/#\/schema\/logo\/image\/","url":"","contentUrl":"","caption":"PRIDEshop"},"image":{"@id":"https:\/\/prideshop.eu\/de\/#\/schema\/logo\/image\/"},"sameAs":["https:\/\/sl-si.facebook.com\/PrideShopeu"]}]}},"_links":{"self":[{"href":"https:\/\/prideshop.eu\/de\/wp-json\/wp\/v2\/product\/56090","targetHints":{"allow":["GET"]}}],"collection":[{"href":"https:\/\/prideshop.eu\/de\/wp-json\/wp\/v2\/product"}],"about":[{"href":"https:\/\/prideshop.eu\/de\/wp-json\/wp\/v2\/types\/product"}],"replies":[{"embeddable":true,"href":"https:\/\/prideshop.eu\/de\/wp-json\/wp\/v2\/comments?post=56090"}],"wp:featuredmedia":[{"embeddable":true,"href":"https:\/\/prideshop.eu\/de\/wp-json\/wp\/v2\/media\/55986"}],"wp:attachment":[{"href":"https:\/\/prideshop.eu\/de\/wp-json\/wp\/v2\/media?parent=56090"}],"wp:term":[{"taxonomy":"product_brand","embeddable":true,"href":"https:\/\/prideshop.eu\/de\/wp-json\/wp\/v2\/product_brand?post=56090"},{"taxonomy":"product_cat","embeddable":true,"href":"https:\/\/prideshop.eu\/de\/wp-json\/wp\/v2\/product_cat?post=56090"},{"taxonomy":"product_tag","embeddable":true,"href":"https:\/\/prideshop.eu\/de\/wp-json\/wp\/v2\/product_tag?post=56090"}],"curies":[{"name":"wp","href":"https:\/\/api.w.org\/{rel}","templated":true}]}}