{"id":56774,"date":"2026-03-04T16:33:23","date_gmt":"2026-03-04T15:33:23","guid":{"rendered":"https:\/\/prideshop.eu\/spletna-trgovina\/unkategorisiert\/kickboxing-t-shirt-adidas-kickstyle-15-schwarz\/"},"modified":"2026-03-04T21:25:21","modified_gmt":"2026-03-04T20:25:21","slug":"kickboxing-t-shirt-adidas-kickstyle-15-schwarz","status":"publish","type":"product","link":"https:\/\/prideshop.eu\/de\/shop\/sportarten\/kickboxen\/kickboxen-kleidung\/kickboxing-t-shirt-adidas-kickstyle-15-schwarz\/","title":{"rendered":"Kickboxing T-Shirt Adidas \u2013 KickStyle 15 Schwarz"},"content":{"rendered":"<p data-start=\"243\" data-end=\"539\">Das Kickboxing T-Shirt Adidas \u2013 KickStyle 15 Schwarz wurde f\u00fcr Sportler entwickelt, die Kickboxen aktiv trainieren und ihren Sport auch au\u00dferhalb des Gyms repr\u00e4sentieren m\u00f6chten. Das klare Adidas Design mit markantem Kickboxing-Schriftzug sorgt f\u00fcr einen sportlichen und selbstbewussten Auftritt.<\/p>\n<p data-start=\"541\" data-end=\"815\">Gefertigt aus 100 % hochwertiger Baumwolle bietet das Shirt ein angenehmes, atmungsaktives Tragegef\u00fchl \u2013 auch bei l\u00e4ngerer Nutzung. Der klassische Schnitt erm\u00f6glicht optimale Bewegungsfreiheit und eignet sich f\u00fcr Aufw\u00e4rmphasen, leichtes Training oder den sportlichen Alltag.<\/p>\n<p data-start=\"817\" data-end=\"1021\">Die schwarze Variante des Modells KickStyle 15 unterstreicht einen seri\u00f6sen, wettkampforientierten Look. Sie ist zeitlos, vielseitig kombinierbar und besonders beliebt bei aktiven Kickboxern und Trainern.<\/p>\n<p data-start=\"1023\" data-end=\"1095\">Das Material bleibt auch nach mehreren Waschg\u00e4ngen form- und farbstabil.<\/p>\n<p data-start=\"1097\" data-end=\"1141\">Erh\u00e4ltlich in Kinder- und Erwachsenengr\u00f6\u00dfen.<\/p>\n<p data-start=\"1097\" data-end=\"1141\"><img decoding=\"async\" class=\"alignnone size-medium wp-image-56762\" src=\"https:\/\/prideshop.eu\/wp-content\/uploads\/2026\/03\/adidas-kickboxing-majica-kicksteyl-15-crna-800x800.jpg\" alt=\"Kickboxing majica Adidas KickStyle 15 \u010drna, 100% bomba\u017e, lifestyl\" width=\"800\" height=\"800\" srcset=\"https:\/\/prideshop.eu\/wp-content\/uploads\/2026\/03\/adidas-kickboxing-majica-kicksteyl-15-crna-800x800.jpg 800w, https:\/\/prideshop.eu\/wp-content\/uploads\/2026\/03\/adidas-kickboxing-majica-kicksteyl-15-crna-500x500.jpg 500w, https:\/\/prideshop.eu\/wp-content\/uploads\/2026\/03\/adidas-kickboxing-majica-kicksteyl-15-crna-768x768.jpg 768w, https:\/\/prideshop.eu\/wp-content\/uploads\/2026\/03\/adidas-kickboxing-majica-kicksteyl-15-crna-247x247.jpg 247w, https:\/\/prideshop.eu\/wp-content\/uploads\/2026\/03\/adidas-kickboxing-majica-kicksteyl-15-crna-510x510.jpg 510w, https:\/\/prideshop.eu\/wp-content\/uploads\/2026\/03\/adidas-kickboxing-majica-kicksteyl-15-crna-100x100.jpg 100w, https:\/\/prideshop.eu\/wp-content\/uploads\/2026\/03\/adidas-kickboxing-majica-kicksteyl-15-crna.jpg 1000w\" sizes=\"(max-width: 800px) 100vw, 800px\" \/><\/p>\n","protected":false},"excerpt":{"rendered":"<ul>\n<li>100 % Baumwolle<\/li>\n<li>kurze \u00c4rmel<\/li>\n<li>atmungsaktives und angenehmes Material<\/li>\n<li>Adidas Kickboxing Design<\/li>\n<li>geeignet f\u00fcr Training und Freizeit<\/li>\n<li>Kinder- und Erwachsenengr\u00f6\u00dfen<\/li>\n<\/ul>\n","protected":false},"featured_media":56752,"comment_status":"open","ping_status":"closed","template":"","meta":{"_acf_changed":false},"product_brand":[2084],"product_cat":[600,580,722,726,656,608],"product_tag":[],"class_list":{"0":"post-56774","1":"product","2":"type-product","3":"status-publish","4":"has-post-thumbnail","6":"product_brand-adidas","7":"product_cat-bekleidung-und-schuhe","8":"product_cat-equipment-de","9":"product_cat-kickboxen","10":"product_cat-kickboxen-kleidung","11":"product_cat-sportarten","12":"product_cat-t-shirt-de","14":"first","15":"instock","16":"taxable","17":"shipping-taxable","18":"purchasable","19":"product-type-variable"},"acf":[],"yoast_head":"<!-- This site is optimized with the Yoast SEO plugin v27.5 - https:\/\/yoast.com\/product\/yoast-seo-wordpress\/ -->\n<title>Kickboxing T-Shirt Adidas \u2013 KickStyle 15 Schwarz<\/title>\n<meta name=\"description\" content=\"Adidas Kickboxing T-Shirt KickStyle 15 Schwarz aus 100 % Baumwolle. Bequemes, atmungsaktives Shirt f\u00fcr Training und Freizeit. Erh\u00e4ltlich in Kinder- und Erwachsenengr\u00f6\u00dfen.\" \/>\n<meta name=\"robots\" content=\"index, follow, max-snippet:-1, max-image-preview:large, max-video-preview:-1\" \/>\n<link rel=\"canonical\" href=\"https:\/\/prideshop.eu\/de\/shop\/sportarten\/kickboxen\/kickboxen-kleidung\/kickboxing-t-shirt-adidas-kickstyle-15-schwarz\/\" \/>\n<meta property=\"og:locale\" content=\"de_DE\" \/>\n<meta property=\"og:type\" content=\"article\" \/>\n<meta property=\"og:title\" content=\"Kickboxing T-Shirt Adidas \u2013 KickStyle 15 Schwarz\" \/>\n<meta property=\"og:description\" content=\"Adidas Kickboxing T-Shirt KickStyle 15 Schwarz aus 100 % Baumwolle. Bequemes, atmungsaktives Shirt f\u00fcr Training und Freizeit. Erh\u00e4ltlich in Kinder- und Erwachsenengr\u00f6\u00dfen.\" \/>\n<meta property=\"og:url\" content=\"https:\/\/prideshop.eu\/de\/shop\/sportarten\/kickboxen\/kickboxen-kleidung\/kickboxing-t-shirt-adidas-kickstyle-15-schwarz\/\" \/>\n<meta property=\"og:site_name\" content=\"PRIDEshop\" \/>\n<meta property=\"article:publisher\" content=\"https:\/\/sl-si.facebook.com\/PrideShopeu\" \/>\n<meta property=\"article:modified_time\" content=\"2026-03-04T20:25:21+00:00\" \/>\n<meta property=\"og:image\" content=\"https:\/\/prideshop.eu\/wp-content\/uploads\/2026\/03\/kickboxing-majica-adidas-kickstyle-15-crna-atx15.jpeg\" \/>\n\t<meta property=\"og:image:width\" content=\"1000\" \/>\n\t<meta property=\"og:image:height\" content=\"1000\" \/>\n\t<meta property=\"og:image:type\" content=\"image\/jpeg\" \/>\n<meta name=\"twitter:card\" content=\"summary_large_image\" \/>\n<meta name=\"twitter:label1\" content=\"Gesch\u00e4tzte Lesezeit\" \/>\n\t<meta name=\"twitter:data1\" content=\"1\u00a0Minute\" \/>\n<script type=\"application\/ld+json\" class=\"yoast-schema-graph\">{\"@context\":\"https:\\\/\\\/schema.org\",\"@graph\":[{\"@type\":\"WebPage\",\"@id\":\"https:\\\/\\\/prideshop.eu\\\/de\\\/shop\\\/sportarten\\\/kickboxen\\\/kickboxen-kleidung\\\/kickboxing-t-shirt-adidas-kickstyle-15-schwarz\\\/\",\"url\":\"https:\\\/\\\/prideshop.eu\\\/de\\\/shop\\\/sportarten\\\/kickboxen\\\/kickboxen-kleidung\\\/kickboxing-t-shirt-adidas-kickstyle-15-schwarz\\\/\",\"name\":\"Kickboxing T-Shirt Adidas \u2013 KickStyle 15 Schwarz\",\"isPartOf\":{\"@id\":\"https:\\\/\\\/prideshop.eu\\\/de\\\/#website\"},\"primaryImageOfPage\":{\"@id\":\"https:\\\/\\\/prideshop.eu\\\/de\\\/shop\\\/sportarten\\\/kickboxen\\\/kickboxen-kleidung\\\/kickboxing-t-shirt-adidas-kickstyle-15-schwarz\\\/#primaryimage\"},\"image\":{\"@id\":\"https:\\\/\\\/prideshop.eu\\\/de\\\/shop\\\/sportarten\\\/kickboxen\\\/kickboxen-kleidung\\\/kickboxing-t-shirt-adidas-kickstyle-15-schwarz\\\/#primaryimage\"},\"thumbnailUrl\":\"https:\\\/\\\/prideshop.eu\\\/wp-content\\\/uploads\\\/2026\\\/03\\\/kickboxing-majica-adidas-kickstyle-15-crna-atx15.jpeg\",\"datePublished\":\"2026-03-04T15:33:23+00:00\",\"dateModified\":\"2026-03-04T20:25:21+00:00\",\"description\":\"Adidas Kickboxing T-Shirt KickStyle 15 Schwarz aus 100 % Baumwolle. Bequemes, atmungsaktives Shirt f\u00fcr Training und Freizeit. Erh\u00e4ltlich in Kinder- und Erwachsenengr\u00f6\u00dfen.\",\"breadcrumb\":{\"@id\":\"https:\\\/\\\/prideshop.eu\\\/de\\\/shop\\\/sportarten\\\/kickboxen\\\/kickboxen-kleidung\\\/kickboxing-t-shirt-adidas-kickstyle-15-schwarz\\\/#breadcrumb\"},\"inLanguage\":\"de\",\"potentialAction\":[{\"@type\":\"ReadAction\",\"target\":[\"https:\\\/\\\/prideshop.eu\\\/de\\\/shop\\\/sportarten\\\/kickboxen\\\/kickboxen-kleidung\\\/kickboxing-t-shirt-adidas-kickstyle-15-schwarz\\\/\"]}]},{\"@type\":\"ImageObject\",\"inLanguage\":\"de\",\"@id\":\"https:\\\/\\\/prideshop.eu\\\/de\\\/shop\\\/sportarten\\\/kickboxen\\\/kickboxen-kleidung\\\/kickboxing-t-shirt-adidas-kickstyle-15-schwarz\\\/#primaryimage\",\"url\":\"https:\\\/\\\/prideshop.eu\\\/wp-content\\\/uploads\\\/2026\\\/03\\\/kickboxing-majica-adidas-kickstyle-15-crna-atx15.jpeg\",\"contentUrl\":\"https:\\\/\\\/prideshop.eu\\\/wp-content\\\/uploads\\\/2026\\\/03\\\/kickboxing-majica-adidas-kickstyle-15-crna-atx15.jpeg\",\"width\":1000,\"height\":1000,\"caption\":\"Kickboxing T-Shirt Adidas KickStyle 15 Schwarz, 100 % Baumwolle, 170 g\"},{\"@type\":\"BreadcrumbList\",\"@id\":\"https:\\\/\\\/prideshop.eu\\\/de\\\/shop\\\/sportarten\\\/kickboxen\\\/kickboxen-kleidung\\\/kickboxing-t-shirt-adidas-kickstyle-15-schwarz\\\/#breadcrumb\",\"itemListElement\":[{\"@type\":\"ListItem\",\"position\":1,\"name\":\"Home\",\"item\":\"https:\\\/\\\/prideshop.eu\\\/de\\\/\"},{\"@type\":\"ListItem\",\"position\":2,\"name\":\"Gesch\u00e4ft\",\"item\":\"https:\\\/\\\/prideshop.eu\\\/de\\\/geschaeft\\\/\"},{\"@type\":\"ListItem\",\"position\":3,\"name\":\"Kickboxing T-Shirt Adidas \u2013 KickStyle 15 Schwarz\"}]},{\"@type\":\"WebSite\",\"@id\":\"https:\\\/\\\/prideshop.eu\\\/de\\\/#website\",\"url\":\"https:\\\/\\\/prideshop.eu\\\/de\\\/\",\"name\":\"PRIDEshop\",\"description\":\"Oprema za Borilne \u0160porte\",\"publisher\":{\"@id\":\"https:\\\/\\\/prideshop.eu\\\/de\\\/#organization\"},\"potentialAction\":[{\"@type\":\"SearchAction\",\"target\":{\"@type\":\"EntryPoint\",\"urlTemplate\":\"https:\\\/\\\/prideshop.eu\\\/de\\\/?s={search_term_string}\"},\"query-input\":{\"@type\":\"PropertyValueSpecification\",\"valueRequired\":true,\"valueName\":\"search_term_string\"}}],\"inLanguage\":\"de\"},{\"@type\":\"Organization\",\"@id\":\"https:\\\/\\\/prideshop.eu\\\/de\\\/#organization\",\"name\":\"PRIDEshop\",\"url\":\"https:\\\/\\\/prideshop.eu\\\/de\\\/\",\"logo\":{\"@type\":\"ImageObject\",\"inLanguage\":\"de\",\"@id\":\"https:\\\/\\\/prideshop.eu\\\/de\\\/#\\\/schema\\\/logo\\\/image\\\/\",\"url\":\"\",\"contentUrl\":\"\",\"caption\":\"PRIDEshop\"},\"image\":{\"@id\":\"https:\\\/\\\/prideshop.eu\\\/de\\\/#\\\/schema\\\/logo\\\/image\\\/\"},\"sameAs\":[\"https:\\\/\\\/sl-si.facebook.com\\\/PrideShopeu\"]}]}<\/script>\n<!-- \/ Yoast SEO plugin. -->","yoast_head_json":{"title":"Kickboxing T-Shirt Adidas \u2013 KickStyle 15 Schwarz","description":"Adidas Kickboxing T-Shirt KickStyle 15 Schwarz aus 100 % Baumwolle. Bequemes, atmungsaktives Shirt f\u00fcr Training und Freizeit. Erh\u00e4ltlich in Kinder- und Erwachsenengr\u00f6\u00dfen.","robots":{"index":"index","follow":"follow","max-snippet":"max-snippet:-1","max-image-preview":"max-image-preview:large","max-video-preview":"max-video-preview:-1"},"canonical":"https:\/\/prideshop.eu\/de\/shop\/sportarten\/kickboxen\/kickboxen-kleidung\/kickboxing-t-shirt-adidas-kickstyle-15-schwarz\/","og_locale":"de_DE","og_type":"article","og_title":"Kickboxing T-Shirt Adidas \u2013 KickStyle 15 Schwarz","og_description":"Adidas Kickboxing T-Shirt KickStyle 15 Schwarz aus 100 % Baumwolle. Bequemes, atmungsaktives Shirt f\u00fcr Training und Freizeit. Erh\u00e4ltlich in Kinder- und Erwachsenengr\u00f6\u00dfen.","og_url":"https:\/\/prideshop.eu\/de\/shop\/sportarten\/kickboxen\/kickboxen-kleidung\/kickboxing-t-shirt-adidas-kickstyle-15-schwarz\/","og_site_name":"PRIDEshop","article_publisher":"https:\/\/sl-si.facebook.com\/PrideShopeu","article_modified_time":"2026-03-04T20:25:21+00:00","og_image":[{"width":1000,"height":1000,"url":"https:\/\/prideshop.eu\/wp-content\/uploads\/2026\/03\/kickboxing-majica-adidas-kickstyle-15-crna-atx15.jpeg","type":"image\/jpeg"}],"twitter_card":"summary_large_image","twitter_misc":{"Gesch\u00e4tzte Lesezeit":"1\u00a0Minute"},"schema":{"@context":"https:\/\/schema.org","@graph":[{"@type":"WebPage","@id":"https:\/\/prideshop.eu\/de\/shop\/sportarten\/kickboxen\/kickboxen-kleidung\/kickboxing-t-shirt-adidas-kickstyle-15-schwarz\/","url":"https:\/\/prideshop.eu\/de\/shop\/sportarten\/kickboxen\/kickboxen-kleidung\/kickboxing-t-shirt-adidas-kickstyle-15-schwarz\/","name":"Kickboxing T-Shirt Adidas \u2013 KickStyle 15 Schwarz","isPartOf":{"@id":"https:\/\/prideshop.eu\/de\/#website"},"primaryImageOfPage":{"@id":"https:\/\/prideshop.eu\/de\/shop\/sportarten\/kickboxen\/kickboxen-kleidung\/kickboxing-t-shirt-adidas-kickstyle-15-schwarz\/#primaryimage"},"image":{"@id":"https:\/\/prideshop.eu\/de\/shop\/sportarten\/kickboxen\/kickboxen-kleidung\/kickboxing-t-shirt-adidas-kickstyle-15-schwarz\/#primaryimage"},"thumbnailUrl":"https:\/\/prideshop.eu\/wp-content\/uploads\/2026\/03\/kickboxing-majica-adidas-kickstyle-15-crna-atx15.jpeg","datePublished":"2026-03-04T15:33:23+00:00","dateModified":"2026-03-04T20:25:21+00:00","description":"Adidas Kickboxing T-Shirt KickStyle 15 Schwarz aus 100 % Baumwolle. Bequemes, atmungsaktives Shirt f\u00fcr Training und Freizeit. Erh\u00e4ltlich in Kinder- und Erwachsenengr\u00f6\u00dfen.","breadcrumb":{"@id":"https:\/\/prideshop.eu\/de\/shop\/sportarten\/kickboxen\/kickboxen-kleidung\/kickboxing-t-shirt-adidas-kickstyle-15-schwarz\/#breadcrumb"},"inLanguage":"de","potentialAction":[{"@type":"ReadAction","target":["https:\/\/prideshop.eu\/de\/shop\/sportarten\/kickboxen\/kickboxen-kleidung\/kickboxing-t-shirt-adidas-kickstyle-15-schwarz\/"]}]},{"@type":"ImageObject","inLanguage":"de","@id":"https:\/\/prideshop.eu\/de\/shop\/sportarten\/kickboxen\/kickboxen-kleidung\/kickboxing-t-shirt-adidas-kickstyle-15-schwarz\/#primaryimage","url":"https:\/\/prideshop.eu\/wp-content\/uploads\/2026\/03\/kickboxing-majica-adidas-kickstyle-15-crna-atx15.jpeg","contentUrl":"https:\/\/prideshop.eu\/wp-content\/uploads\/2026\/03\/kickboxing-majica-adidas-kickstyle-15-crna-atx15.jpeg","width":1000,"height":1000,"caption":"Kickboxing T-Shirt Adidas KickStyle 15 Schwarz, 100 % Baumwolle, 170 g"},{"@type":"BreadcrumbList","@id":"https:\/\/prideshop.eu\/de\/shop\/sportarten\/kickboxen\/kickboxen-kleidung\/kickboxing-t-shirt-adidas-kickstyle-15-schwarz\/#breadcrumb","itemListElement":[{"@type":"ListItem","position":1,"name":"Home","item":"https:\/\/prideshop.eu\/de\/"},{"@type":"ListItem","position":2,"name":"Gesch\u00e4ft","item":"https:\/\/prideshop.eu\/de\/geschaeft\/"},{"@type":"ListItem","position":3,"name":"Kickboxing T-Shirt Adidas \u2013 KickStyle 15 Schwarz"}]},{"@type":"WebSite","@id":"https:\/\/prideshop.eu\/de\/#website","url":"https:\/\/prideshop.eu\/de\/","name":"PRIDEshop","description":"Oprema za Borilne \u0160porte","publisher":{"@id":"https:\/\/prideshop.eu\/de\/#organization"},"potentialAction":[{"@type":"SearchAction","target":{"@type":"EntryPoint","urlTemplate":"https:\/\/prideshop.eu\/de\/?s={search_term_string}"},"query-input":{"@type":"PropertyValueSpecification","valueRequired":true,"valueName":"search_term_string"}}],"inLanguage":"de"},{"@type":"Organization","@id":"https:\/\/prideshop.eu\/de\/#organization","name":"PRIDEshop","url":"https:\/\/prideshop.eu\/de\/","logo":{"@type":"ImageObject","inLanguage":"de","@id":"https:\/\/prideshop.eu\/de\/#\/schema\/logo\/image\/","url":"","contentUrl":"","caption":"PRIDEshop"},"image":{"@id":"https:\/\/prideshop.eu\/de\/#\/schema\/logo\/image\/"},"sameAs":["https:\/\/sl-si.facebook.com\/PrideShopeu"]}]}},"_links":{"self":[{"href":"https:\/\/prideshop.eu\/de\/wp-json\/wp\/v2\/product\/56774","targetHints":{"allow":["GET"]}}],"collection":[{"href":"https:\/\/prideshop.eu\/de\/wp-json\/wp\/v2\/product"}],"about":[{"href":"https:\/\/prideshop.eu\/de\/wp-json\/wp\/v2\/types\/product"}],"replies":[{"embeddable":true,"href":"https:\/\/prideshop.eu\/de\/wp-json\/wp\/v2\/comments?post=56774"}],"wp:featuredmedia":[{"embeddable":true,"href":"https:\/\/prideshop.eu\/de\/wp-json\/wp\/v2\/media\/56752"}],"wp:attachment":[{"href":"https:\/\/prideshop.eu\/de\/wp-json\/wp\/v2\/media?parent=56774"}],"wp:term":[{"taxonomy":"product_brand","embeddable":true,"href":"https:\/\/prideshop.eu\/de\/wp-json\/wp\/v2\/product_brand?post=56774"},{"taxonomy":"product_cat","embeddable":true,"href":"https:\/\/prideshop.eu\/de\/wp-json\/wp\/v2\/product_cat?post=56774"},{"taxonomy":"product_tag","embeddable":true,"href":"https:\/\/prideshop.eu\/de\/wp-json\/wp\/v2\/product_tag?post=56774"}],"curies":[{"name":"wp","href":"https:\/\/api.w.org\/{rel}","templated":true}]}}