{"id":57352,"date":"2026-05-11T14:43:58","date_gmt":"2026-05-11T12:43:58","guid":{"rendered":"https:\/\/prideshop.eu\/spletna-trgovina\/unkategorisiert\/karateanzug-adidas-shodan-wkf\/"},"modified":"2026-05-11T14:43:58","modified_gmt":"2026-05-11T12:43:58","slug":"karateanzug-adidas-shodan-wkf","status":"publish","type":"product","link":"https:\/\/prideshop.eu\/de\/shop\/sportarten\/karate-ausruestung\/karateanzuge\/karateanzug-adidas-shodan-wkf\/","title":{"rendered":"Karateanzug Adidas &#8211; Shodan WKF"},"content":{"rendered":"<p>Karateanzug Adidas &#8211; Shodan WKF<\/p>\n<p data-start=\"89\" data-end=\"351\">Der Karateanzug Adidas \u2013 Shodan WKF ist ein hochwertiger und komfortabler Karateanzug f\u00fcr Training, erste Wettk\u00e4mpfe und den offiziellen WKF Einsatz. Das leichte und weiche Material sorgt f\u00fcr optimale Bewegungsfreiheit und hohen Tragekomfort bei Kata und Kumite.<\/p>\n<p data-start=\"353\" data-end=\"629\">Die Materialkombination aus Baumwolle und Polyester macht den Karate Gi atmungsaktiv, pflegeleicht und schnelltrocknend. Verst\u00e4rkte N\u00e4hte erh\u00f6hen die Strapazierf\u00e4higkeit im t\u00e4glichen Training, w\u00e4hrend der sportliche Schnitt schnelle und uneingeschr\u00e4nkte Bewegungen erm\u00f6glicht.<\/p>\n<p data-start=\"631\" data-end=\"927\">Die Hose verf\u00fcgt \u00fcber einen elastischen Bund f\u00fcr besseren Sitz und zus\u00e4tzlichen Komfort beim Training. Der Adidas Shodan WKF Karateanzug ist eine ausgezeichnete Wahl f\u00fcr Anf\u00e4nger, junge Wettk\u00e4mpfer und alle Karateka, die einen zuverl\u00e4ssigen adidas WKF Karate Gi zu einem attraktiven Preis suchen.<\/p>\n<p data-start=\"929\" data-end=\"1050\"><strong data-start=\"929\" data-end=\"942\">Material:<\/strong> 60 % Baumwolle, 40 % Polyester<br data-start=\"973\" data-end=\"976\" \/><strong data-start=\"976\" data-end=\"987\">Gr\u00f6\u00dfen:<\/strong> 110 cm, 120 cm, 130 cm, 140 cm, 150 cm, 160 cm, 170 cm, 180 cm<\/p>\n","protected":false},"excerpt":{"rendered":"<ul>\n<li>WKF zugelassener Karateanzug f\u00fcr Training und Wettkampf<\/li>\n<li>Leichtes und komfortables Material<\/li>\n<li>60 % Baumwolle und 40 % Polyester<\/li>\n<li>Elastischer Bund an der Hose f\u00fcr optimalen Komfort<\/li>\n<li>Verst\u00e4rkte N\u00e4hte f\u00fcr l\u00e4ngere Haltbarkeit<\/li>\n<li>Adidas Karate Gi f\u00fcr Kata und Kumite<\/li>\n<\/ul>\n","protected":false},"featured_media":57334,"comment_status":"open","ping_status":"closed","template":"","meta":{"_acf_changed":false},"product_brand":[2084],"product_cat":[606,600,580,710,1907,656],"product_tag":[],"class_list":{"0":"post-57352","1":"product","2":"type-product","3":"status-publish","4":"has-post-thumbnail","6":"product_brand-adidas","7":"product_cat-anzuge-fur-kamfsportarten","8":"product_cat-bekleidung-und-schuhe","9":"product_cat-equipment-de","10":"product_cat-karate-ausruestung","11":"product_cat-karateanzuge","12":"product_cat-sportarten","14":"first","15":"instock","16":"taxable","17":"shipping-taxable","18":"purchasable","19":"product-type-variable"},"acf":[],"yoast_head":"<!-- This site is optimized with the Yoast SEO plugin v27.5 - https:\/\/yoast.com\/product\/yoast-seo-wordpress\/ -->\n<title>Karateanzug Adidas - Shodan WKF - PRIDEshop<\/title>\n<meta name=\"description\" content=\"WKF zugelassener Karateanzug Adidas Shodan f\u00fcr Training und Wettkampf. Leichter und robuster Karate Gi f\u00fcr Kata und Kumite.\" \/>\n<meta name=\"robots\" content=\"index, follow, max-snippet:-1, max-image-preview:large, max-video-preview:-1\" \/>\n<link rel=\"canonical\" href=\"https:\/\/prideshop.eu\/de\/shop\/sportarten\/karate-ausruestung\/karateanzuge\/karateanzug-adidas-shodan-wkf\/\" \/>\n<meta property=\"og:locale\" content=\"de_DE\" \/>\n<meta property=\"og:type\" content=\"article\" \/>\n<meta property=\"og:title\" content=\"Karateanzug Adidas - Shodan WKF - PRIDEshop\" \/>\n<meta property=\"og:description\" content=\"WKF zugelassener Karateanzug Adidas Shodan f\u00fcr Training und Wettkampf. Leichter und robuster Karate Gi f\u00fcr Kata und Kumite.\" \/>\n<meta property=\"og:url\" content=\"https:\/\/prideshop.eu\/de\/shop\/sportarten\/karate-ausruestung\/karateanzuge\/karateanzug-adidas-shodan-wkf\/\" \/>\n<meta property=\"og:site_name\" content=\"PRIDEshop\" \/>\n<meta property=\"article:publisher\" content=\"https:\/\/sl-si.facebook.com\/PrideShopeu\" \/>\n<meta property=\"og:image\" content=\"https:\/\/prideshop.eu\/wp-content\/uploads\/2026\/05\/karate-kimono-adidas-shodan-wkf.jpeg\" \/>\n\t<meta property=\"og:image:width\" content=\"600\" \/>\n\t<meta property=\"og:image:height\" content=\"600\" \/>\n\t<meta property=\"og:image:type\" content=\"image\/jpeg\" \/>\n<meta name=\"twitter:card\" content=\"summary_large_image\" \/>\n<meta name=\"twitter:label1\" content=\"Gesch\u00e4tzte Lesezeit\" \/>\n\t<meta name=\"twitter:data1\" content=\"1\u00a0Minute\" \/>\n<script type=\"application\/ld+json\" class=\"yoast-schema-graph\">{\"@context\":\"https:\\\/\\\/schema.org\",\"@graph\":[{\"@type\":\"WebPage\",\"@id\":\"https:\\\/\\\/prideshop.eu\\\/de\\\/shop\\\/sportarten\\\/karate-ausruestung\\\/karateanzuge\\\/karateanzug-adidas-shodan-wkf\\\/\",\"url\":\"https:\\\/\\\/prideshop.eu\\\/de\\\/shop\\\/sportarten\\\/karate-ausruestung\\\/karateanzuge\\\/karateanzug-adidas-shodan-wkf\\\/\",\"name\":\"Karateanzug Adidas - Shodan WKF - PRIDEshop\",\"isPartOf\":{\"@id\":\"https:\\\/\\\/prideshop.eu\\\/de\\\/#website\"},\"primaryImageOfPage\":{\"@id\":\"https:\\\/\\\/prideshop.eu\\\/de\\\/shop\\\/sportarten\\\/karate-ausruestung\\\/karateanzuge\\\/karateanzug-adidas-shodan-wkf\\\/#primaryimage\"},\"image\":{\"@id\":\"https:\\\/\\\/prideshop.eu\\\/de\\\/shop\\\/sportarten\\\/karate-ausruestung\\\/karateanzuge\\\/karateanzug-adidas-shodan-wkf\\\/#primaryimage\"},\"thumbnailUrl\":\"https:\\\/\\\/prideshop.eu\\\/wp-content\\\/uploads\\\/2026\\\/05\\\/karate-kimono-adidas-shodan-wkf.jpeg\",\"datePublished\":\"2026-05-11T12:43:58+00:00\",\"description\":\"WKF zugelassener Karateanzug Adidas Shodan f\u00fcr Training und Wettkampf. Leichter und robuster Karate Gi f\u00fcr Kata und Kumite.\",\"breadcrumb\":{\"@id\":\"https:\\\/\\\/prideshop.eu\\\/de\\\/shop\\\/sportarten\\\/karate-ausruestung\\\/karateanzuge\\\/karateanzug-adidas-shodan-wkf\\\/#breadcrumb\"},\"inLanguage\":\"de\",\"potentialAction\":[{\"@type\":\"ReadAction\",\"target\":[\"https:\\\/\\\/prideshop.eu\\\/de\\\/shop\\\/sportarten\\\/karate-ausruestung\\\/karateanzuge\\\/karateanzug-adidas-shodan-wkf\\\/\"]}]},{\"@type\":\"ImageObject\",\"inLanguage\":\"de\",\"@id\":\"https:\\\/\\\/prideshop.eu\\\/de\\\/shop\\\/sportarten\\\/karate-ausruestung\\\/karateanzuge\\\/karateanzug-adidas-shodan-wkf\\\/#primaryimage\",\"url\":\"https:\\\/\\\/prideshop.eu\\\/wp-content\\\/uploads\\\/2026\\\/05\\\/karate-kimono-adidas-shodan-wkf.jpeg\",\"contentUrl\":\"https:\\\/\\\/prideshop.eu\\\/wp-content\\\/uploads\\\/2026\\\/05\\\/karate-kimono-adidas-shodan-wkf.jpeg\",\"width\":600,\"height\":600,\"caption\":\"Karateanzug Adidas Shodan WKF f\u00fcr Training und Wettkampf\"},{\"@type\":\"BreadcrumbList\",\"@id\":\"https:\\\/\\\/prideshop.eu\\\/de\\\/shop\\\/sportarten\\\/karate-ausruestung\\\/karateanzuge\\\/karateanzug-adidas-shodan-wkf\\\/#breadcrumb\",\"itemListElement\":[{\"@type\":\"ListItem\",\"position\":1,\"name\":\"Home\",\"item\":\"https:\\\/\\\/prideshop.eu\\\/de\\\/\"},{\"@type\":\"ListItem\",\"position\":2,\"name\":\"Gesch\u00e4ft\",\"item\":\"https:\\\/\\\/prideshop.eu\\\/de\\\/geschaeft\\\/\"},{\"@type\":\"ListItem\",\"position\":3,\"name\":\"Karateanzug Adidas &#8211; Shodan WKF\"}]},{\"@type\":\"WebSite\",\"@id\":\"https:\\\/\\\/prideshop.eu\\\/de\\\/#website\",\"url\":\"https:\\\/\\\/prideshop.eu\\\/de\\\/\",\"name\":\"PRIDEshop\",\"description\":\"Oprema za Borilne \u0160porte\",\"publisher\":{\"@id\":\"https:\\\/\\\/prideshop.eu\\\/de\\\/#organization\"},\"potentialAction\":[{\"@type\":\"SearchAction\",\"target\":{\"@type\":\"EntryPoint\",\"urlTemplate\":\"https:\\\/\\\/prideshop.eu\\\/de\\\/?s={search_term_string}\"},\"query-input\":{\"@type\":\"PropertyValueSpecification\",\"valueRequired\":true,\"valueName\":\"search_term_string\"}}],\"inLanguage\":\"de\"},{\"@type\":\"Organization\",\"@id\":\"https:\\\/\\\/prideshop.eu\\\/de\\\/#organization\",\"name\":\"PRIDEshop\",\"url\":\"https:\\\/\\\/prideshop.eu\\\/de\\\/\",\"logo\":{\"@type\":\"ImageObject\",\"inLanguage\":\"de\",\"@id\":\"https:\\\/\\\/prideshop.eu\\\/de\\\/#\\\/schema\\\/logo\\\/image\\\/\",\"url\":\"\",\"contentUrl\":\"\",\"caption\":\"PRIDEshop\"},\"image\":{\"@id\":\"https:\\\/\\\/prideshop.eu\\\/de\\\/#\\\/schema\\\/logo\\\/image\\\/\"},\"sameAs\":[\"https:\\\/\\\/sl-si.facebook.com\\\/PrideShopeu\"]}]}<\/script>\n<!-- \/ Yoast SEO plugin. -->","yoast_head_json":{"title":"Karateanzug Adidas - Shodan WKF - PRIDEshop","description":"WKF zugelassener Karateanzug Adidas Shodan f\u00fcr Training und Wettkampf. Leichter und robuster Karate Gi f\u00fcr Kata und Kumite.","robots":{"index":"index","follow":"follow","max-snippet":"max-snippet:-1","max-image-preview":"max-image-preview:large","max-video-preview":"max-video-preview:-1"},"canonical":"https:\/\/prideshop.eu\/de\/shop\/sportarten\/karate-ausruestung\/karateanzuge\/karateanzug-adidas-shodan-wkf\/","og_locale":"de_DE","og_type":"article","og_title":"Karateanzug Adidas - Shodan WKF - PRIDEshop","og_description":"WKF zugelassener Karateanzug Adidas Shodan f\u00fcr Training und Wettkampf. Leichter und robuster Karate Gi f\u00fcr Kata und Kumite.","og_url":"https:\/\/prideshop.eu\/de\/shop\/sportarten\/karate-ausruestung\/karateanzuge\/karateanzug-adidas-shodan-wkf\/","og_site_name":"PRIDEshop","article_publisher":"https:\/\/sl-si.facebook.com\/PrideShopeu","og_image":[{"width":600,"height":600,"url":"https:\/\/prideshop.eu\/wp-content\/uploads\/2026\/05\/karate-kimono-adidas-shodan-wkf.jpeg","type":"image\/jpeg"}],"twitter_card":"summary_large_image","twitter_misc":{"Gesch\u00e4tzte Lesezeit":"1\u00a0Minute"},"schema":{"@context":"https:\/\/schema.org","@graph":[{"@type":"WebPage","@id":"https:\/\/prideshop.eu\/de\/shop\/sportarten\/karate-ausruestung\/karateanzuge\/karateanzug-adidas-shodan-wkf\/","url":"https:\/\/prideshop.eu\/de\/shop\/sportarten\/karate-ausruestung\/karateanzuge\/karateanzug-adidas-shodan-wkf\/","name":"Karateanzug Adidas - Shodan WKF - PRIDEshop","isPartOf":{"@id":"https:\/\/prideshop.eu\/de\/#website"},"primaryImageOfPage":{"@id":"https:\/\/prideshop.eu\/de\/shop\/sportarten\/karate-ausruestung\/karateanzuge\/karateanzug-adidas-shodan-wkf\/#primaryimage"},"image":{"@id":"https:\/\/prideshop.eu\/de\/shop\/sportarten\/karate-ausruestung\/karateanzuge\/karateanzug-adidas-shodan-wkf\/#primaryimage"},"thumbnailUrl":"https:\/\/prideshop.eu\/wp-content\/uploads\/2026\/05\/karate-kimono-adidas-shodan-wkf.jpeg","datePublished":"2026-05-11T12:43:58+00:00","description":"WKF zugelassener Karateanzug Adidas Shodan f\u00fcr Training und Wettkampf. Leichter und robuster Karate Gi f\u00fcr Kata und Kumite.","breadcrumb":{"@id":"https:\/\/prideshop.eu\/de\/shop\/sportarten\/karate-ausruestung\/karateanzuge\/karateanzug-adidas-shodan-wkf\/#breadcrumb"},"inLanguage":"de","potentialAction":[{"@type":"ReadAction","target":["https:\/\/prideshop.eu\/de\/shop\/sportarten\/karate-ausruestung\/karateanzuge\/karateanzug-adidas-shodan-wkf\/"]}]},{"@type":"ImageObject","inLanguage":"de","@id":"https:\/\/prideshop.eu\/de\/shop\/sportarten\/karate-ausruestung\/karateanzuge\/karateanzug-adidas-shodan-wkf\/#primaryimage","url":"https:\/\/prideshop.eu\/wp-content\/uploads\/2026\/05\/karate-kimono-adidas-shodan-wkf.jpeg","contentUrl":"https:\/\/prideshop.eu\/wp-content\/uploads\/2026\/05\/karate-kimono-adidas-shodan-wkf.jpeg","width":600,"height":600,"caption":"Karateanzug Adidas Shodan WKF f\u00fcr Training und Wettkampf"},{"@type":"BreadcrumbList","@id":"https:\/\/prideshop.eu\/de\/shop\/sportarten\/karate-ausruestung\/karateanzuge\/karateanzug-adidas-shodan-wkf\/#breadcrumb","itemListElement":[{"@type":"ListItem","position":1,"name":"Home","item":"https:\/\/prideshop.eu\/de\/"},{"@type":"ListItem","position":2,"name":"Gesch\u00e4ft","item":"https:\/\/prideshop.eu\/de\/geschaeft\/"},{"@type":"ListItem","position":3,"name":"Karateanzug Adidas &#8211; Shodan WKF"}]},{"@type":"WebSite","@id":"https:\/\/prideshop.eu\/de\/#website","url":"https:\/\/prideshop.eu\/de\/","name":"PRIDEshop","description":"Oprema za Borilne \u0160porte","publisher":{"@id":"https:\/\/prideshop.eu\/de\/#organization"},"potentialAction":[{"@type":"SearchAction","target":{"@type":"EntryPoint","urlTemplate":"https:\/\/prideshop.eu\/de\/?s={search_term_string}"},"query-input":{"@type":"PropertyValueSpecification","valueRequired":true,"valueName":"search_term_string"}}],"inLanguage":"de"},{"@type":"Organization","@id":"https:\/\/prideshop.eu\/de\/#organization","name":"PRIDEshop","url":"https:\/\/prideshop.eu\/de\/","logo":{"@type":"ImageObject","inLanguage":"de","@id":"https:\/\/prideshop.eu\/de\/#\/schema\/logo\/image\/","url":"","contentUrl":"","caption":"PRIDEshop"},"image":{"@id":"https:\/\/prideshop.eu\/de\/#\/schema\/logo\/image\/"},"sameAs":["https:\/\/sl-si.facebook.com\/PrideShopeu"]}]}},"_links":{"self":[{"href":"https:\/\/prideshop.eu\/de\/wp-json\/wp\/v2\/product\/57352","targetHints":{"allow":["GET"]}}],"collection":[{"href":"https:\/\/prideshop.eu\/de\/wp-json\/wp\/v2\/product"}],"about":[{"href":"https:\/\/prideshop.eu\/de\/wp-json\/wp\/v2\/types\/product"}],"replies":[{"embeddable":true,"href":"https:\/\/prideshop.eu\/de\/wp-json\/wp\/v2\/comments?post=57352"}],"wp:featuredmedia":[{"embeddable":true,"href":"https:\/\/prideshop.eu\/de\/wp-json\/wp\/v2\/media\/57334"}],"wp:attachment":[{"href":"https:\/\/prideshop.eu\/de\/wp-json\/wp\/v2\/media?parent=57352"}],"wp:term":[{"taxonomy":"product_brand","embeddable":true,"href":"https:\/\/prideshop.eu\/de\/wp-json\/wp\/v2\/product_brand?post=57352"},{"taxonomy":"product_cat","embeddable":true,"href":"https:\/\/prideshop.eu\/de\/wp-json\/wp\/v2\/product_cat?post=57352"},{"taxonomy":"product_tag","embeddable":true,"href":"https:\/\/prideshop.eu\/de\/wp-json\/wp\/v2\/product_tag?post=57352"}],"curies":[{"name":"wp","href":"https:\/\/api.w.org\/{rel}","templated":true}]}}