{"id":8780,"date":"2020-08-27T10:12:04","date_gmt":"2020-08-27T08:12:04","guid":{"rendered":"https:\/\/prideshop.eu\/spletna-trgovina\/unkategorisiert\/deckenhalter-fur-den-boxsack-tajd-team\/"},"modified":"2025-09-26T08:52:28","modified_gmt":"2025-09-26T06:52:28","slug":"deckenhalter-fur-den-boxsack-tajd-team","status":"publish","type":"product","link":"https:\/\/prideshop.eu\/de\/shop\/equipment-de\/trainingsgerate\/boxsacke\/deckenhalter-fur-den-boxsack-tajd-team\/","title":{"rendered":"Deckenhalterung f\u00fcr Boxsack Tajd Team \u2013 Rot360"},"content":{"rendered":"<h3>Deckenhalterung f\u00fcr Boxsack Tajd Team \u2013 Rot360<\/h3>\n<p>Deckenhalterung f\u00fcr Boxsack, Tajd Team. Eine Deckenhalterung zur Aufh\u00e4ngung von Boxs\u00e4cken an der Decke. Die Tajd Team Deckenhalterung f\u00fcr Boxs\u00e4cke ist perfekt an die Bed\u00fcrfnisse von Boxern angepasst. Mit ihr k\u00f6nnen Sie einen Boxsack einfach an der Decke aufh\u00e4ngen, was ideal f\u00fcr den Heimgebrauch oder das Training in Fitnessstudios und \u2013zentren ist. Das Besondere an dieser Deckenhalterung ist ihr Design, das dem Sack erm\u00f6glicht, sich zu drehen und nicht zu verwickeln. Der Boxer kann somit ohne Hindernisse und mit weniger Unterbrechungen trainieren. Die Deckenhalterung wird mit zwei Schrauben an der Decke befestigt, die jedoch nicht im Set enthalten sind. Bei der Auswahl der Schrauben ist es notwendig, das Material der Decke zu ber\u00fccksichtigen. Die Tajd Team Deckenhalterung f\u00fcr Boxs\u00e4cke ist ein zuverl\u00e4ssiges und hochwertiges Produkt, das sicherlich zu erfolgreichen Trainingseinheiten beitragen wird.<\/p>\n","protected":false},"excerpt":{"rendered":"<p>Deckenhalterung f\u00fcr Boxsack, Tajd Team. Eine Deckenhalterung zur Aufh\u00e4ngung von Boxs\u00e4cken an der Decke. Die Tajd Team Deckenhalterung f\u00fcr Boxs\u00e4cke ist perfekt an die Bed\u00fcrfnisse von Boxern angepasst. Mit ihr k\u00f6nnen Sie einen Boxsack einfach an der Decke aufh\u00e4ngen, was ideal f\u00fcr den Heimgebrauch oder das Training in Fitnessstudios und \u2013zentren ist. Das Besondere an dieser Deckenhalterung ist ihr Design, das dem Sack erm\u00f6glicht, sich zu drehen und nicht zu verwickeln. Der Boxer kann somit ohne Hindernisse und mit weniger Unterbrechungen trainieren. Die Deckenhalterung wird mit zwei Schrauben an der Decke befestigt, die jedoch nicht im Set enthalten sind. Bei der Auswahl der Schrauben ist es notwendig, das Material der Decke zu ber\u00fccksichtigen. Die Tajd Team Deckenhalterung f\u00fcr Boxs\u00e4cke ist ein zuverl\u00e4ssiges und hochwertiges Produkt, das sicherlich zu erfolgreichen Trainingseinheiten beitragen wird.<\/p>\n","protected":false},"featured_media":43793,"comment_status":"open","ping_status":"closed","template":"","meta":{"_acf_changed":false},"product_brand":[2099],"product_cat":[622,580,616],"product_tag":[],"class_list":{"0":"post-8780","1":"product","2":"type-product","3":"status-publish","4":"has-post-thumbnail","6":"product_brand-tajd-team","7":"product_cat-boxsacke","8":"product_cat-equipment-de","9":"product_cat-trainingsgerate","11":"first","12":"instock","13":"taxable","14":"shipping-taxable","15":"purchasable","16":"product-type-simple"},"acf":[],"yoast_head":"<!-- This site is optimized with the Yoast SEO plugin v27.5 - https:\/\/yoast.com\/product\/yoast-seo-wordpress\/ -->\n<title>Deckenhalterung f\u00fcr Boxsack Tajd Team \u2013 Rot360 - PRIDEshop<\/title>\n<meta name=\"description\" content=\"&quot;Deckenhalterung f\u00fcr Boxsack, Tajd Team. Eine Deckenhalterung zur Aufh\u00e4ngung von Boxs\u00e4cken an der Decke. Die Tajd Team Deckenhalterung f\u00fcr Boxs\u00e4cke ist perfekt an die Bed\u00fcrfnisse von Boxern angepasst. Mit ihr k\u00f6nnen Sie einen Boxsack einfach an der Decke aufh\u00e4ngen, was ideal f\u00fcr den Heimgebrauch oder das Training in Fitnessstudios und -zentren ist. Das Besondere an dieser Deckenhalterung ist ihr Design, das dem Sack erm\u00f6glicht, sich zu drehen und nicht zu verwickeln. Der Boxer kann somit ohne Hindernisse und mit weniger\" \/>\n<meta name=\"robots\" content=\"index, follow, max-snippet:-1, max-image-preview:large, max-video-preview:-1\" \/>\n<link rel=\"canonical\" href=\"https:\/\/prideshop.eu\/de\/shop\/equipment-de\/trainingsgerate\/boxsacke\/deckenhalter-fur-den-boxsack-tajd-team\/\" \/>\n<meta property=\"og:locale\" content=\"de_DE\" \/>\n<meta property=\"og:type\" content=\"article\" \/>\n<meta property=\"og:title\" content=\"Deckenhalterung f\u00fcr Boxsack Tajd Team \u2013 Rot360 - PRIDEshop\" \/>\n<meta property=\"og:description\" content=\"&quot;Deckenhalterung f\u00fcr Boxsack, Tajd Team. Eine Deckenhalterung zur Aufh\u00e4ngung von Boxs\u00e4cken an der Decke. Die Tajd Team Deckenhalterung f\u00fcr Boxs\u00e4cke ist perfekt an die Bed\u00fcrfnisse von Boxern angepasst. Mit ihr k\u00f6nnen Sie einen Boxsack einfach an der Decke aufh\u00e4ngen, was ideal f\u00fcr den Heimgebrauch oder das Training in Fitnessstudios und -zentren ist. Das Besondere an dieser Deckenhalterung ist ihr Design, das dem Sack erm\u00f6glicht, sich zu drehen und nicht zu verwickeln. Der Boxer kann somit ohne Hindernisse und mit weniger\" \/>\n<meta property=\"og:url\" content=\"https:\/\/prideshop.eu\/de\/shop\/equipment-de\/trainingsgerate\/boxsacke\/deckenhalter-fur-den-boxsack-tajd-team\/\" \/>\n<meta property=\"og:site_name\" content=\"PRIDEshop\" \/>\n<meta property=\"article:publisher\" content=\"https:\/\/sl-si.facebook.com\/PrideShopeu\" \/>\n<meta property=\"article:modified_time\" content=\"2025-09-26T06:52:28+00:00\" \/>\n<meta property=\"og:image\" content=\"https:\/\/prideshop.eu\/wp-content\/uploads\/2020\/08\/stropni_nosilec_za_boks_vreco_TA1286.jpg\" \/>\n\t<meta property=\"og:image:width\" content=\"873\" \/>\n\t<meta property=\"og:image:height\" content=\"800\" \/>\n\t<meta property=\"og:image:type\" content=\"image\/jpeg\" \/>\n<meta name=\"twitter:card\" content=\"summary_large_image\" \/>\n<meta name=\"twitter:label1\" content=\"Gesch\u00e4tzte Lesezeit\" \/>\n\t<meta name=\"twitter:data1\" content=\"1\u00a0Minute\" \/>\n<script type=\"application\/ld+json\" class=\"yoast-schema-graph\">{\"@context\":\"https:\\\/\\\/schema.org\",\"@graph\":[{\"@type\":\"WebPage\",\"@id\":\"https:\\\/\\\/prideshop.eu\\\/de\\\/shop\\\/equipment-de\\\/trainingsgerate\\\/boxsacke\\\/deckenhalter-fur-den-boxsack-tajd-team\\\/\",\"url\":\"https:\\\/\\\/prideshop.eu\\\/de\\\/shop\\\/equipment-de\\\/trainingsgerate\\\/boxsacke\\\/deckenhalter-fur-den-boxsack-tajd-team\\\/\",\"name\":\"Deckenhalterung f\u00fcr Boxsack Tajd Team \u2013 Rot360 - PRIDEshop\",\"isPartOf\":{\"@id\":\"https:\\\/\\\/prideshop.eu\\\/de\\\/#website\"},\"primaryImageOfPage\":{\"@id\":\"https:\\\/\\\/prideshop.eu\\\/de\\\/shop\\\/equipment-de\\\/trainingsgerate\\\/boxsacke\\\/deckenhalter-fur-den-boxsack-tajd-team\\\/#primaryimage\"},\"image\":{\"@id\":\"https:\\\/\\\/prideshop.eu\\\/de\\\/shop\\\/equipment-de\\\/trainingsgerate\\\/boxsacke\\\/deckenhalter-fur-den-boxsack-tajd-team\\\/#primaryimage\"},\"thumbnailUrl\":\"https:\\\/\\\/prideshop.eu\\\/wp-content\\\/uploads\\\/2020\\\/08\\\/stropni_nosilec_za_boks_vreco_TA1286.jpg\",\"datePublished\":\"2020-08-27T08:12:04+00:00\",\"dateModified\":\"2025-09-26T06:52:28+00:00\",\"description\":\"\\\"Deckenhalterung f\u00fcr Boxsack, Tajd Team. Eine Deckenhalterung zur Aufh\u00e4ngung von Boxs\u00e4cken an der Decke. Die Tajd Team Deckenhalterung f\u00fcr Boxs\u00e4cke ist perfekt an die Bed\u00fcrfnisse von Boxern angepasst. Mit ihr k\u00f6nnen Sie einen Boxsack einfach an der Decke aufh\u00e4ngen, was ideal f\u00fcr den Heimgebrauch oder das Training in Fitnessstudios und -zentren ist. Das Besondere an dieser Deckenhalterung ist ihr Design, das dem Sack erm\u00f6glicht, sich zu drehen und nicht zu verwickeln. Der Boxer kann somit ohne Hindernisse und mit weniger\",\"breadcrumb\":{\"@id\":\"https:\\\/\\\/prideshop.eu\\\/de\\\/shop\\\/equipment-de\\\/trainingsgerate\\\/boxsacke\\\/deckenhalter-fur-den-boxsack-tajd-team\\\/#breadcrumb\"},\"inLanguage\":\"de\",\"potentialAction\":[{\"@type\":\"ReadAction\",\"target\":[\"https:\\\/\\\/prideshop.eu\\\/de\\\/shop\\\/equipment-de\\\/trainingsgerate\\\/boxsacke\\\/deckenhalter-fur-den-boxsack-tajd-team\\\/\"]}]},{\"@type\":\"ImageObject\",\"inLanguage\":\"de\",\"@id\":\"https:\\\/\\\/prideshop.eu\\\/de\\\/shop\\\/equipment-de\\\/trainingsgerate\\\/boxsacke\\\/deckenhalter-fur-den-boxsack-tajd-team\\\/#primaryimage\",\"url\":\"https:\\\/\\\/prideshop.eu\\\/wp-content\\\/uploads\\\/2020\\\/08\\\/stropni_nosilec_za_boks_vreco_TA1286.jpg\",\"contentUrl\":\"https:\\\/\\\/prideshop.eu\\\/wp-content\\\/uploads\\\/2020\\\/08\\\/stropni_nosilec_za_boks_vreco_TA1286.jpg\",\"width\":873,\"height\":800,\"caption\":\"Deckenhalter f\u00fcr den Boxsack Tajd Team\"},{\"@type\":\"BreadcrumbList\",\"@id\":\"https:\\\/\\\/prideshop.eu\\\/de\\\/shop\\\/equipment-de\\\/trainingsgerate\\\/boxsacke\\\/deckenhalter-fur-den-boxsack-tajd-team\\\/#breadcrumb\",\"itemListElement\":[{\"@type\":\"ListItem\",\"position\":1,\"name\":\"Home\",\"item\":\"https:\\\/\\\/prideshop.eu\\\/de\\\/\"},{\"@type\":\"ListItem\",\"position\":2,\"name\":\"Gesch\u00e4ft\",\"item\":\"https:\\\/\\\/prideshop.eu\\\/de\\\/geschaeft\\\/\"},{\"@type\":\"ListItem\",\"position\":3,\"name\":\"Deckenhalterung f\u00fcr Boxsack Tajd Team \u2013 Rot360\"}]},{\"@type\":\"WebSite\",\"@id\":\"https:\\\/\\\/prideshop.eu\\\/de\\\/#website\",\"url\":\"https:\\\/\\\/prideshop.eu\\\/de\\\/\",\"name\":\"PRIDEshop\",\"description\":\"Oprema za Borilne \u0160porte\",\"publisher\":{\"@id\":\"https:\\\/\\\/prideshop.eu\\\/de\\\/#organization\"},\"potentialAction\":[{\"@type\":\"SearchAction\",\"target\":{\"@type\":\"EntryPoint\",\"urlTemplate\":\"https:\\\/\\\/prideshop.eu\\\/de\\\/?s={search_term_string}\"},\"query-input\":{\"@type\":\"PropertyValueSpecification\",\"valueRequired\":true,\"valueName\":\"search_term_string\"}}],\"inLanguage\":\"de\"},{\"@type\":\"Organization\",\"@id\":\"https:\\\/\\\/prideshop.eu\\\/de\\\/#organization\",\"name\":\"PRIDEshop\",\"url\":\"https:\\\/\\\/prideshop.eu\\\/de\\\/\",\"logo\":{\"@type\":\"ImageObject\",\"inLanguage\":\"de\",\"@id\":\"https:\\\/\\\/prideshop.eu\\\/de\\\/#\\\/schema\\\/logo\\\/image\\\/\",\"url\":\"\",\"contentUrl\":\"\",\"caption\":\"PRIDEshop\"},\"image\":{\"@id\":\"https:\\\/\\\/prideshop.eu\\\/de\\\/#\\\/schema\\\/logo\\\/image\\\/\"},\"sameAs\":[\"https:\\\/\\\/sl-si.facebook.com\\\/PrideShopeu\"]}]}<\/script>\n<!-- \/ Yoast SEO plugin. -->","yoast_head_json":{"title":"Deckenhalterung f\u00fcr Boxsack Tajd Team \u2013 Rot360 - PRIDEshop","description":"\"Deckenhalterung f\u00fcr Boxsack, Tajd Team. Eine Deckenhalterung zur Aufh\u00e4ngung von Boxs\u00e4cken an der Decke. Die Tajd Team Deckenhalterung f\u00fcr Boxs\u00e4cke ist perfekt an die Bed\u00fcrfnisse von Boxern angepasst. Mit ihr k\u00f6nnen Sie einen Boxsack einfach an der Decke aufh\u00e4ngen, was ideal f\u00fcr den Heimgebrauch oder das Training in Fitnessstudios und -zentren ist. Das Besondere an dieser Deckenhalterung ist ihr Design, das dem Sack erm\u00f6glicht, sich zu drehen und nicht zu verwickeln. Der Boxer kann somit ohne Hindernisse und mit weniger","robots":{"index":"index","follow":"follow","max-snippet":"max-snippet:-1","max-image-preview":"max-image-preview:large","max-video-preview":"max-video-preview:-1"},"canonical":"https:\/\/prideshop.eu\/de\/shop\/equipment-de\/trainingsgerate\/boxsacke\/deckenhalter-fur-den-boxsack-tajd-team\/","og_locale":"de_DE","og_type":"article","og_title":"Deckenhalterung f\u00fcr Boxsack Tajd Team \u2013 Rot360 - PRIDEshop","og_description":"\"Deckenhalterung f\u00fcr Boxsack, Tajd Team. Eine Deckenhalterung zur Aufh\u00e4ngung von Boxs\u00e4cken an der Decke. Die Tajd Team Deckenhalterung f\u00fcr Boxs\u00e4cke ist perfekt an die Bed\u00fcrfnisse von Boxern angepasst. Mit ihr k\u00f6nnen Sie einen Boxsack einfach an der Decke aufh\u00e4ngen, was ideal f\u00fcr den Heimgebrauch oder das Training in Fitnessstudios und -zentren ist. Das Besondere an dieser Deckenhalterung ist ihr Design, das dem Sack erm\u00f6glicht, sich zu drehen und nicht zu verwickeln. Der Boxer kann somit ohne Hindernisse und mit weniger","og_url":"https:\/\/prideshop.eu\/de\/shop\/equipment-de\/trainingsgerate\/boxsacke\/deckenhalter-fur-den-boxsack-tajd-team\/","og_site_name":"PRIDEshop","article_publisher":"https:\/\/sl-si.facebook.com\/PrideShopeu","article_modified_time":"2025-09-26T06:52:28+00:00","og_image":[{"width":873,"height":800,"url":"https:\/\/prideshop.eu\/wp-content\/uploads\/2020\/08\/stropni_nosilec_za_boks_vreco_TA1286.jpg","type":"image\/jpeg"}],"twitter_card":"summary_large_image","twitter_misc":{"Gesch\u00e4tzte Lesezeit":"1\u00a0Minute"},"schema":{"@context":"https:\/\/schema.org","@graph":[{"@type":"WebPage","@id":"https:\/\/prideshop.eu\/de\/shop\/equipment-de\/trainingsgerate\/boxsacke\/deckenhalter-fur-den-boxsack-tajd-team\/","url":"https:\/\/prideshop.eu\/de\/shop\/equipment-de\/trainingsgerate\/boxsacke\/deckenhalter-fur-den-boxsack-tajd-team\/","name":"Deckenhalterung f\u00fcr Boxsack Tajd Team \u2013 Rot360 - PRIDEshop","isPartOf":{"@id":"https:\/\/prideshop.eu\/de\/#website"},"primaryImageOfPage":{"@id":"https:\/\/prideshop.eu\/de\/shop\/equipment-de\/trainingsgerate\/boxsacke\/deckenhalter-fur-den-boxsack-tajd-team\/#primaryimage"},"image":{"@id":"https:\/\/prideshop.eu\/de\/shop\/equipment-de\/trainingsgerate\/boxsacke\/deckenhalter-fur-den-boxsack-tajd-team\/#primaryimage"},"thumbnailUrl":"https:\/\/prideshop.eu\/wp-content\/uploads\/2020\/08\/stropni_nosilec_za_boks_vreco_TA1286.jpg","datePublished":"2020-08-27T08:12:04+00:00","dateModified":"2025-09-26T06:52:28+00:00","description":"\"Deckenhalterung f\u00fcr Boxsack, Tajd Team. Eine Deckenhalterung zur Aufh\u00e4ngung von Boxs\u00e4cken an der Decke. Die Tajd Team Deckenhalterung f\u00fcr Boxs\u00e4cke ist perfekt an die Bed\u00fcrfnisse von Boxern angepasst. Mit ihr k\u00f6nnen Sie einen Boxsack einfach an der Decke aufh\u00e4ngen, was ideal f\u00fcr den Heimgebrauch oder das Training in Fitnessstudios und -zentren ist. Das Besondere an dieser Deckenhalterung ist ihr Design, das dem Sack erm\u00f6glicht, sich zu drehen und nicht zu verwickeln. Der Boxer kann somit ohne Hindernisse und mit weniger","breadcrumb":{"@id":"https:\/\/prideshop.eu\/de\/shop\/equipment-de\/trainingsgerate\/boxsacke\/deckenhalter-fur-den-boxsack-tajd-team\/#breadcrumb"},"inLanguage":"de","potentialAction":[{"@type":"ReadAction","target":["https:\/\/prideshop.eu\/de\/shop\/equipment-de\/trainingsgerate\/boxsacke\/deckenhalter-fur-den-boxsack-tajd-team\/"]}]},{"@type":"ImageObject","inLanguage":"de","@id":"https:\/\/prideshop.eu\/de\/shop\/equipment-de\/trainingsgerate\/boxsacke\/deckenhalter-fur-den-boxsack-tajd-team\/#primaryimage","url":"https:\/\/prideshop.eu\/wp-content\/uploads\/2020\/08\/stropni_nosilec_za_boks_vreco_TA1286.jpg","contentUrl":"https:\/\/prideshop.eu\/wp-content\/uploads\/2020\/08\/stropni_nosilec_za_boks_vreco_TA1286.jpg","width":873,"height":800,"caption":"Deckenhalter f\u00fcr den Boxsack Tajd Team"},{"@type":"BreadcrumbList","@id":"https:\/\/prideshop.eu\/de\/shop\/equipment-de\/trainingsgerate\/boxsacke\/deckenhalter-fur-den-boxsack-tajd-team\/#breadcrumb","itemListElement":[{"@type":"ListItem","position":1,"name":"Home","item":"https:\/\/prideshop.eu\/de\/"},{"@type":"ListItem","position":2,"name":"Gesch\u00e4ft","item":"https:\/\/prideshop.eu\/de\/geschaeft\/"},{"@type":"ListItem","position":3,"name":"Deckenhalterung f\u00fcr Boxsack Tajd Team \u2013 Rot360"}]},{"@type":"WebSite","@id":"https:\/\/prideshop.eu\/de\/#website","url":"https:\/\/prideshop.eu\/de\/","name":"PRIDEshop","description":"Oprema za Borilne \u0160porte","publisher":{"@id":"https:\/\/prideshop.eu\/de\/#organization"},"potentialAction":[{"@type":"SearchAction","target":{"@type":"EntryPoint","urlTemplate":"https:\/\/prideshop.eu\/de\/?s={search_term_string}"},"query-input":{"@type":"PropertyValueSpecification","valueRequired":true,"valueName":"search_term_string"}}],"inLanguage":"de"},{"@type":"Organization","@id":"https:\/\/prideshop.eu\/de\/#organization","name":"PRIDEshop","url":"https:\/\/prideshop.eu\/de\/","logo":{"@type":"ImageObject","inLanguage":"de","@id":"https:\/\/prideshop.eu\/de\/#\/schema\/logo\/image\/","url":"","contentUrl":"","caption":"PRIDEshop"},"image":{"@id":"https:\/\/prideshop.eu\/de\/#\/schema\/logo\/image\/"},"sameAs":["https:\/\/sl-si.facebook.com\/PrideShopeu"]}]}},"_links":{"self":[{"href":"https:\/\/prideshop.eu\/de\/wp-json\/wp\/v2\/product\/8780","targetHints":{"allow":["GET"]}}],"collection":[{"href":"https:\/\/prideshop.eu\/de\/wp-json\/wp\/v2\/product"}],"about":[{"href":"https:\/\/prideshop.eu\/de\/wp-json\/wp\/v2\/types\/product"}],"replies":[{"embeddable":true,"href":"https:\/\/prideshop.eu\/de\/wp-json\/wp\/v2\/comments?post=8780"}],"wp:featuredmedia":[{"embeddable":true,"href":"https:\/\/prideshop.eu\/de\/wp-json\/wp\/v2\/media\/43793"}],"wp:attachment":[{"href":"https:\/\/prideshop.eu\/de\/wp-json\/wp\/v2\/media?parent=8780"}],"wp:term":[{"taxonomy":"product_brand","embeddable":true,"href":"https:\/\/prideshop.eu\/de\/wp-json\/wp\/v2\/product_brand?post=8780"},{"taxonomy":"product_cat","embeddable":true,"href":"https:\/\/prideshop.eu\/de\/wp-json\/wp\/v2\/product_cat?post=8780"},{"taxonomy":"product_tag","embeddable":true,"href":"https:\/\/prideshop.eu\/de\/wp-json\/wp\/v2\/product_tag?post=8780"}],"curies":[{"name":"wp","href":"https:\/\/api.w.org\/{rel}","templated":true}]}}