{"id":8804,"date":"2020-09-03T12:14:43","date_gmt":"2020-09-03T10:14:43","guid":{"rendered":"https:\/\/prideshop.eu\/spletna-trgovina\/unkategorisiert\/karate-faustschutz-wkf-adidas\/"},"modified":"2025-08-04T11:03:14","modified_gmt":"2025-08-04T09:03:14","slug":"karate-faustschutz-wkf-adidas","status":"publish","type":"product","link":"https:\/\/prideshop.eu\/de\/shop\/sportarten\/karate-ausruestung\/karate-schutzausrustung\/karate-faustschutz-wkf-adidas\/","title":{"rendered":"Karatehandschuhe Adidas \u2013 WKF Tokyo II"},"content":{"rendered":"<h3>Karatehandschuhe Adidas \u2013 WKF Tokyo II<\/h3>\n<p>Karate Faustschutz WKF, Adidas. Kumite karate Hadnschuhe sind ergonomisch geformt f\u00fcr maximalen Komfort und entsprechen den neuen internationalen Vorschriften. Der Karate Handschutz ist f\u00fcr alle Wettk\u00e4mpfe und Trainings geeignet, elastischer Verschluss, 100% PU\u2013Hightech\u2013Kunstleder, IMF\u2013Spritzgussschaum, CE\u2013Kennzeichnung.<\/p>\n","protected":false},"excerpt":{"rendered":"<p>Karate Faustschutz WKF, Adidas. Kumite karate Hadnschuhe sind ergonomisch geformt f\u00fcr maximalen Komfort und entsprechen den neuen internationalen Vorschriften. Der Karate Handschutz ist f\u00fcr alle Wettk\u00e4mpfe und Trainings geeignet, elastischer Verschluss, 100% PU\u2013Hightech\u2013Kunstleder, IMF\u2013Spritzgussschaum, CE\u2013Kennzeichnung.<\/p>\n","protected":false},"featured_media":42838,"comment_status":"open","ping_status":"closed","template":"","meta":{"_acf_changed":false},"product_brand":[2084],"product_cat":[580,638,710,720,634,656],"product_tag":[],"class_list":{"0":"post-8804","1":"product","2":"type-product","3":"status-publish","4":"has-post-thumbnail","6":"product_brand-adidas","7":"product_cat-equipment-de","8":"product_cat-handschuhe","9":"product_cat-karate-ausruestung","10":"product_cat-karate-schutzausrustung","11":"product_cat-schutzausrustung","12":"product_cat-sportarten","14":"first","15":"instock","16":"sale","17":"taxable","18":"shipping-taxable","19":"purchasable","20":"product-type-variable"},"acf":[],"yoast_head":"<!-- This site is optimized with the Yoast SEO plugin v27.5 - https:\/\/yoast.com\/product\/yoast-seo-wordpress\/ -->\n<title>Karatehandschuhe Adidas \u2013 WKF Tokyo II - PRIDEshop<\/title>\n<meta name=\"description\" content=\"Karate Faustschutz WKF, Adidas sind ergonomisch geformt f\u00fcr maximalen Komfort und entsprechen den neuen internationalen Vorschriften.\" \/>\n<meta name=\"robots\" content=\"index, follow, max-snippet:-1, max-image-preview:large, max-video-preview:-1\" \/>\n<link rel=\"canonical\" href=\"https:\/\/prideshop.eu\/de\/shop\/sportarten\/karate-ausruestung\/karate-schutzausrustung\/karate-faustschutz-wkf-adidas\/\" \/>\n<meta property=\"og:locale\" content=\"de_DE\" \/>\n<meta property=\"og:type\" content=\"article\" \/>\n<meta property=\"og:title\" content=\"Karatehandschuhe Adidas \u2013 WKF Tokyo II - PRIDEshop\" \/>\n<meta property=\"og:description\" content=\"Karate Faustschutz WKF, Adidas sind ergonomisch geformt f\u00fcr maximalen Komfort und entsprechen den neuen internationalen Vorschriften.\" \/>\n<meta property=\"og:url\" content=\"https:\/\/prideshop.eu\/de\/shop\/sportarten\/karate-ausruestung\/karate-schutzausrustung\/karate-faustschutz-wkf-adidas\/\" \/>\n<meta property=\"og:site_name\" content=\"PRIDEshop\" \/>\n<meta property=\"article:publisher\" content=\"https:\/\/sl-si.facebook.com\/PrideShopeu\" \/>\n<meta property=\"article:modified_time\" content=\"2025-08-04T09:03:14+00:00\" \/>\n<meta property=\"og:image\" content=\"https:\/\/prideshop.eu\/wp-content\/uploads\/2020\/09\/karate-rokavice-wkf-adidas-a500.jpg\" \/>\n\t<meta property=\"og:image:width\" content=\"600\" \/>\n\t<meta property=\"og:image:height\" content=\"600\" \/>\n\t<meta property=\"og:image:type\" content=\"image\/jpeg\" \/>\n<meta name=\"twitter:card\" content=\"summary_large_image\" \/>\n<script type=\"application\/ld+json\" class=\"yoast-schema-graph\">{\"@context\":\"https:\\\/\\\/schema.org\",\"@graph\":[{\"@type\":\"WebPage\",\"@id\":\"https:\\\/\\\/prideshop.eu\\\/de\\\/shop\\\/sportarten\\\/karate-ausruestung\\\/karate-schutzausrustung\\\/karate-faustschutz-wkf-adidas\\\/\",\"url\":\"https:\\\/\\\/prideshop.eu\\\/de\\\/shop\\\/sportarten\\\/karate-ausruestung\\\/karate-schutzausrustung\\\/karate-faustschutz-wkf-adidas\\\/\",\"name\":\"Karatehandschuhe Adidas \u2013 WKF Tokyo II - PRIDEshop\",\"isPartOf\":{\"@id\":\"https:\\\/\\\/prideshop.eu\\\/de\\\/#website\"},\"primaryImageOfPage\":{\"@id\":\"https:\\\/\\\/prideshop.eu\\\/de\\\/shop\\\/sportarten\\\/karate-ausruestung\\\/karate-schutzausrustung\\\/karate-faustschutz-wkf-adidas\\\/#primaryimage\"},\"image\":{\"@id\":\"https:\\\/\\\/prideshop.eu\\\/de\\\/shop\\\/sportarten\\\/karate-ausruestung\\\/karate-schutzausrustung\\\/karate-faustschutz-wkf-adidas\\\/#primaryimage\"},\"thumbnailUrl\":\"https:\\\/\\\/prideshop.eu\\\/wp-content\\\/uploads\\\/2020\\\/09\\\/karate-rokavice-wkf-adidas-a500.jpg\",\"datePublished\":\"2020-09-03T10:14:43+00:00\",\"dateModified\":\"2025-08-04T09:03:14+00:00\",\"description\":\"Karate Faustschutz WKF, Adidas sind ergonomisch geformt f\u00fcr maximalen Komfort und entsprechen den neuen internationalen Vorschriften.\",\"breadcrumb\":{\"@id\":\"https:\\\/\\\/prideshop.eu\\\/de\\\/shop\\\/sportarten\\\/karate-ausruestung\\\/karate-schutzausrustung\\\/karate-faustschutz-wkf-adidas\\\/#breadcrumb\"},\"inLanguage\":\"de\",\"potentialAction\":[{\"@type\":\"ReadAction\",\"target\":[\"https:\\\/\\\/prideshop.eu\\\/de\\\/shop\\\/sportarten\\\/karate-ausruestung\\\/karate-schutzausrustung\\\/karate-faustschutz-wkf-adidas\\\/\"]}]},{\"@type\":\"ImageObject\",\"inLanguage\":\"de\",\"@id\":\"https:\\\/\\\/prideshop.eu\\\/de\\\/shop\\\/sportarten\\\/karate-ausruestung\\\/karate-schutzausrustung\\\/karate-faustschutz-wkf-adidas\\\/#primaryimage\",\"url\":\"https:\\\/\\\/prideshop.eu\\\/wp-content\\\/uploads\\\/2020\\\/09\\\/karate-rokavice-wkf-adidas-a500.jpg\",\"contentUrl\":\"https:\\\/\\\/prideshop.eu\\\/wp-content\\\/uploads\\\/2020\\\/09\\\/karate-rokavice-wkf-adidas-a500.jpg\",\"width\":600,\"height\":600,\"caption\":\"karate-rokavice-wkf-adidas\"},{\"@type\":\"BreadcrumbList\",\"@id\":\"https:\\\/\\\/prideshop.eu\\\/de\\\/shop\\\/sportarten\\\/karate-ausruestung\\\/karate-schutzausrustung\\\/karate-faustschutz-wkf-adidas\\\/#breadcrumb\",\"itemListElement\":[{\"@type\":\"ListItem\",\"position\":1,\"name\":\"Home\",\"item\":\"https:\\\/\\\/prideshop.eu\\\/de\\\/\"},{\"@type\":\"ListItem\",\"position\":2,\"name\":\"Gesch\u00e4ft\",\"item\":\"https:\\\/\\\/prideshop.eu\\\/de\\\/geschaeft\\\/\"},{\"@type\":\"ListItem\",\"position\":3,\"name\":\"Karatehandschuhe Adidas \u2013 WKF Tokyo II\"}]},{\"@type\":\"WebSite\",\"@id\":\"https:\\\/\\\/prideshop.eu\\\/de\\\/#website\",\"url\":\"https:\\\/\\\/prideshop.eu\\\/de\\\/\",\"name\":\"PRIDEshop\",\"description\":\"Oprema za Borilne \u0160porte\",\"publisher\":{\"@id\":\"https:\\\/\\\/prideshop.eu\\\/de\\\/#organization\"},\"potentialAction\":[{\"@type\":\"SearchAction\",\"target\":{\"@type\":\"EntryPoint\",\"urlTemplate\":\"https:\\\/\\\/prideshop.eu\\\/de\\\/?s={search_term_string}\"},\"query-input\":{\"@type\":\"PropertyValueSpecification\",\"valueRequired\":true,\"valueName\":\"search_term_string\"}}],\"inLanguage\":\"de\"},{\"@type\":\"Organization\",\"@id\":\"https:\\\/\\\/prideshop.eu\\\/de\\\/#organization\",\"name\":\"PRIDEshop\",\"url\":\"https:\\\/\\\/prideshop.eu\\\/de\\\/\",\"logo\":{\"@type\":\"ImageObject\",\"inLanguage\":\"de\",\"@id\":\"https:\\\/\\\/prideshop.eu\\\/de\\\/#\\\/schema\\\/logo\\\/image\\\/\",\"url\":\"\",\"contentUrl\":\"\",\"caption\":\"PRIDEshop\"},\"image\":{\"@id\":\"https:\\\/\\\/prideshop.eu\\\/de\\\/#\\\/schema\\\/logo\\\/image\\\/\"},\"sameAs\":[\"https:\\\/\\\/sl-si.facebook.com\\\/PrideShopeu\"]}]}<\/script>\n<!-- \/ Yoast SEO plugin. -->","yoast_head_json":{"title":"Karatehandschuhe Adidas \u2013 WKF Tokyo II - PRIDEshop","description":"Karate Faustschutz WKF, Adidas sind ergonomisch geformt f\u00fcr maximalen Komfort und entsprechen den neuen internationalen Vorschriften.","robots":{"index":"index","follow":"follow","max-snippet":"max-snippet:-1","max-image-preview":"max-image-preview:large","max-video-preview":"max-video-preview:-1"},"canonical":"https:\/\/prideshop.eu\/de\/shop\/sportarten\/karate-ausruestung\/karate-schutzausrustung\/karate-faustschutz-wkf-adidas\/","og_locale":"de_DE","og_type":"article","og_title":"Karatehandschuhe Adidas \u2013 WKF Tokyo II - PRIDEshop","og_description":"Karate Faustschutz WKF, Adidas sind ergonomisch geformt f\u00fcr maximalen Komfort und entsprechen den neuen internationalen Vorschriften.","og_url":"https:\/\/prideshop.eu\/de\/shop\/sportarten\/karate-ausruestung\/karate-schutzausrustung\/karate-faustschutz-wkf-adidas\/","og_site_name":"PRIDEshop","article_publisher":"https:\/\/sl-si.facebook.com\/PrideShopeu","article_modified_time":"2025-08-04T09:03:14+00:00","og_image":[{"width":600,"height":600,"url":"https:\/\/prideshop.eu\/wp-content\/uploads\/2020\/09\/karate-rokavice-wkf-adidas-a500.jpg","type":"image\/jpeg"}],"twitter_card":"summary_large_image","schema":{"@context":"https:\/\/schema.org","@graph":[{"@type":"WebPage","@id":"https:\/\/prideshop.eu\/de\/shop\/sportarten\/karate-ausruestung\/karate-schutzausrustung\/karate-faustschutz-wkf-adidas\/","url":"https:\/\/prideshop.eu\/de\/shop\/sportarten\/karate-ausruestung\/karate-schutzausrustung\/karate-faustschutz-wkf-adidas\/","name":"Karatehandschuhe Adidas \u2013 WKF Tokyo II - PRIDEshop","isPartOf":{"@id":"https:\/\/prideshop.eu\/de\/#website"},"primaryImageOfPage":{"@id":"https:\/\/prideshop.eu\/de\/shop\/sportarten\/karate-ausruestung\/karate-schutzausrustung\/karate-faustschutz-wkf-adidas\/#primaryimage"},"image":{"@id":"https:\/\/prideshop.eu\/de\/shop\/sportarten\/karate-ausruestung\/karate-schutzausrustung\/karate-faustschutz-wkf-adidas\/#primaryimage"},"thumbnailUrl":"https:\/\/prideshop.eu\/wp-content\/uploads\/2020\/09\/karate-rokavice-wkf-adidas-a500.jpg","datePublished":"2020-09-03T10:14:43+00:00","dateModified":"2025-08-04T09:03:14+00:00","description":"Karate Faustschutz WKF, Adidas sind ergonomisch geformt f\u00fcr maximalen Komfort und entsprechen den neuen internationalen Vorschriften.","breadcrumb":{"@id":"https:\/\/prideshop.eu\/de\/shop\/sportarten\/karate-ausruestung\/karate-schutzausrustung\/karate-faustschutz-wkf-adidas\/#breadcrumb"},"inLanguage":"de","potentialAction":[{"@type":"ReadAction","target":["https:\/\/prideshop.eu\/de\/shop\/sportarten\/karate-ausruestung\/karate-schutzausrustung\/karate-faustschutz-wkf-adidas\/"]}]},{"@type":"ImageObject","inLanguage":"de","@id":"https:\/\/prideshop.eu\/de\/shop\/sportarten\/karate-ausruestung\/karate-schutzausrustung\/karate-faustschutz-wkf-adidas\/#primaryimage","url":"https:\/\/prideshop.eu\/wp-content\/uploads\/2020\/09\/karate-rokavice-wkf-adidas-a500.jpg","contentUrl":"https:\/\/prideshop.eu\/wp-content\/uploads\/2020\/09\/karate-rokavice-wkf-adidas-a500.jpg","width":600,"height":600,"caption":"karate-rokavice-wkf-adidas"},{"@type":"BreadcrumbList","@id":"https:\/\/prideshop.eu\/de\/shop\/sportarten\/karate-ausruestung\/karate-schutzausrustung\/karate-faustschutz-wkf-adidas\/#breadcrumb","itemListElement":[{"@type":"ListItem","position":1,"name":"Home","item":"https:\/\/prideshop.eu\/de\/"},{"@type":"ListItem","position":2,"name":"Gesch\u00e4ft","item":"https:\/\/prideshop.eu\/de\/geschaeft\/"},{"@type":"ListItem","position":3,"name":"Karatehandschuhe Adidas \u2013 WKF Tokyo II"}]},{"@type":"WebSite","@id":"https:\/\/prideshop.eu\/de\/#website","url":"https:\/\/prideshop.eu\/de\/","name":"PRIDEshop","description":"Oprema za Borilne \u0160porte","publisher":{"@id":"https:\/\/prideshop.eu\/de\/#organization"},"potentialAction":[{"@type":"SearchAction","target":{"@type":"EntryPoint","urlTemplate":"https:\/\/prideshop.eu\/de\/?s={search_term_string}"},"query-input":{"@type":"PropertyValueSpecification","valueRequired":true,"valueName":"search_term_string"}}],"inLanguage":"de"},{"@type":"Organization","@id":"https:\/\/prideshop.eu\/de\/#organization","name":"PRIDEshop","url":"https:\/\/prideshop.eu\/de\/","logo":{"@type":"ImageObject","inLanguage":"de","@id":"https:\/\/prideshop.eu\/de\/#\/schema\/logo\/image\/","url":"","contentUrl":"","caption":"PRIDEshop"},"image":{"@id":"https:\/\/prideshop.eu\/de\/#\/schema\/logo\/image\/"},"sameAs":["https:\/\/sl-si.facebook.com\/PrideShopeu"]}]}},"_links":{"self":[{"href":"https:\/\/prideshop.eu\/de\/wp-json\/wp\/v2\/product\/8804","targetHints":{"allow":["GET"]}}],"collection":[{"href":"https:\/\/prideshop.eu\/de\/wp-json\/wp\/v2\/product"}],"about":[{"href":"https:\/\/prideshop.eu\/de\/wp-json\/wp\/v2\/types\/product"}],"replies":[{"embeddable":true,"href":"https:\/\/prideshop.eu\/de\/wp-json\/wp\/v2\/comments?post=8804"}],"wp:featuredmedia":[{"embeddable":true,"href":"https:\/\/prideshop.eu\/de\/wp-json\/wp\/v2\/media\/42838"}],"wp:attachment":[{"href":"https:\/\/prideshop.eu\/de\/wp-json\/wp\/v2\/media?parent=8804"}],"wp:term":[{"taxonomy":"product_brand","embeddable":true,"href":"https:\/\/prideshop.eu\/de\/wp-json\/wp\/v2\/product_brand?post=8804"},{"taxonomy":"product_cat","embeddable":true,"href":"https:\/\/prideshop.eu\/de\/wp-json\/wp\/v2\/product_cat?post=8804"},{"taxonomy":"product_tag","embeddable":true,"href":"https:\/\/prideshop.eu\/de\/wp-json\/wp\/v2\/product_tag?post=8804"}],"curies":[{"name":"wp","href":"https:\/\/api.w.org\/{rel}","templated":true}]}}