{"id":9490,"date":"2020-09-15T11:33:58","date_gmt":"2020-09-15T09:33:58","guid":{"rendered":"https:\/\/prideshop.eu\/spletna-trgovina\/unkategorisiert\/standboxsack-cobra-pride\/"},"modified":"2026-01-15T09:20:52","modified_gmt":"2026-01-15T08:20:52","slug":"standboxsack-cobra-pride","status":"publish","type":"product","link":"https:\/\/prideshop.eu\/de\/shop\/equipment-de\/trainingsgerate\/boxsacke\/standboxsack-cobra-pride\/","title":{"rendered":"Standboxsack Pride \u2013 Cobra"},"content":{"rendered":"<p>Der Standboxsack Cobra von Pride ist ein freistehender Boxsack, der f\u00fcr vielseitiges<br \/>\nSchlag- und Kombinations\u00adtraining entwickelt wurde. Er eignet sich ideal f\u00fcr den Einsatz<br \/>\nzu Hause, in Sporthallen, Schulen, Fitnessstudios oder Trainingszentren.<\/p>\n<p>Dank seiner stabilen Konstruktion und der elastischen Verbindung bietet der Cobra ein<br \/>\ndynamisches Trainingserlebnis mit realistischen Bewegungen des Boxsacks.<\/p>\n<h3>Elastisches Gelenk f\u00fcr dynamische und unvorhersehbare Bewegungen<\/h3>\n<p>Das integrierte elastische Gelenk sorgt f\u00fcr eine verst\u00e4rkte Federflexibilit\u00e4t und erm\u00f6glicht<br \/>\ngr\u00f6\u00dfere, unvorhersehbare Bewegungen des Boxsacks. Dadurch lassen sich verschiedene<br \/>\nSchlagkombinationen, Tritttechniken und Reaktionsabl\u00e4ufe effektiv trainieren.<\/p>\n<h3>Stabile Polyurethan-F\u00fcllung<\/h3>\n<p>Der Schlagk\u00f6rper ist mit einer hochwertigen Polyurethan-F\u00fcllung ausgestattet,<br \/>\ndie eine gute Sto\u00dfabsorption bietet und gleichzeitig ihre Form auch bei intensivem<br \/>\nTraining beibeh\u00e4lt.<\/p>\n<h3>Massive Standbasis mit hoher Stabilit\u00e4t<\/h3>\n<p>Die Standbasis kann mit Wasser oder Sand bef\u00fcllt werden und erreicht dabei ein Gewicht<br \/>\nvon bis zu 65 kg. Dies sorgt f\u00fcr einen sicheren Stand und hohe Stabilit\u00e4t auch bei<br \/>\nkr\u00e4ftigen Treffern.<\/p>\n<h3>Ideal f\u00fcr vielseitige Trainingsumgebungen<\/h3>\n<p>Der Standboxsack Cobra ist f\u00fcr unterschiedlichste Trainingsorte geeignet \u2013<br \/>\nvom Homegym \u00fcber Fitnessstudios bis hin zu Schulen und Vereinen.<br \/>\nMit einer H\u00f6he von ca. 170 cm bietet er optimale Trainingsbedingungen f\u00fcr Erwachsene<br \/>\nund Jugendliche.<\/p>\n","protected":false},"excerpt":{"rendered":"<p>Standboxsack Cobra, Pride. Alleinstehender Boxsack Cobra zum Trainieren. Besonders gestaltet f\u00fcr den Gebrauch zu Hause, in der Halle, in Schulen, in Fitness Zentren usw.. Verst\u00e4rkte Federflexibilit\u00e4t. Polyurethan F\u00fcllung.F\u00fcllen Sie mit Sand oder Wasser, bis zu 65kg. Das elastische Gelenk erm\u00f6glicht eine gr\u00f6\u00dfere und unvorhersehbare Bewegung des Sackes, was das Training mit mehreren Kombinationsm\u00f6glichkeiten von Techniken bereichert.nH\u00f6he 170 cm<\/p>\n","protected":false},"featured_media":39597,"comment_status":"open","ping_status":"closed","template":"","meta":{"_acf_changed":false},"product_brand":[2086],"product_cat":[622,580,616],"product_tag":[],"class_list":{"0":"post-9490","1":"product","2":"type-product","3":"status-publish","4":"has-post-thumbnail","6":"product_brand-pride","7":"product_cat-boxsacke","8":"product_cat-equipment-de","9":"product_cat-trainingsgerate","10":"product_shipping_class-nofreeshipping","12":"first","13":"instock","14":"sale","15":"taxable","16":"shipping-taxable","17":"purchasable","18":"product-type-simple"},"acf":[],"yoast_head":"<!-- This site is optimized with the Yoast SEO plugin v27.5 - https:\/\/yoast.com\/product\/yoast-seo-wordpress\/ -->\n<title>Standboxsack Pride \u2013 Cobra - PRIDEshop<\/title>\n<meta name=\"description\" content=\"Standboxsack Cobra, Pride. Alleinstehender Boxsack Cobra zum Trainieren. Besonders gestaltet f\u00fcr den Gebrauch zu Hause, in der Halle, in Schulen, in Fitness Zentren usw.\" \/>\n<meta name=\"robots\" content=\"index, follow, max-snippet:-1, max-image-preview:large, max-video-preview:-1\" \/>\n<link rel=\"canonical\" href=\"https:\/\/prideshop.eu\/de\/shop\/equipment-de\/trainingsgerate\/boxsacke\/standboxsack-cobra-pride\/\" \/>\n<meta property=\"og:locale\" content=\"de_DE\" \/>\n<meta property=\"og:type\" content=\"article\" \/>\n<meta property=\"og:title\" content=\"Standboxsack Pride \u2013 Cobra - PRIDEshop\" \/>\n<meta property=\"og:description\" content=\"Standboxsack Cobra, Pride. Alleinstehender Boxsack Cobra zum Trainieren. Besonders gestaltet f\u00fcr den Gebrauch zu Hause, in der Halle, in Schulen, in Fitness Zentren usw.\" \/>\n<meta property=\"og:url\" content=\"https:\/\/prideshop.eu\/de\/shop\/equipment-de\/trainingsgerate\/boxsacke\/standboxsack-cobra-pride\/\" \/>\n<meta property=\"og:site_name\" content=\"PRIDEshop\" \/>\n<meta property=\"article:publisher\" content=\"https:\/\/sl-si.facebook.com\/PrideShopeu\" \/>\n<meta property=\"article:modified_time\" content=\"2026-01-15T08:20:52+00:00\" \/>\n<meta property=\"og:image\" content=\"https:\/\/prideshop.eu\/wp-content\/uploads\/2020\/09\/samostojeca-boks-vreca-cobra-pride-1156.jpeg\" \/>\n\t<meta property=\"og:image:width\" content=\"600\" \/>\n\t<meta property=\"og:image:height\" content=\"600\" \/>\n\t<meta property=\"og:image:type\" content=\"image\/jpeg\" \/>\n<meta name=\"twitter:card\" content=\"summary_large_image\" \/>\n<meta name=\"twitter:label1\" content=\"Gesch\u00e4tzte Lesezeit\" \/>\n\t<meta name=\"twitter:data1\" content=\"1\u00a0Minute\" \/>\n<script type=\"application\/ld+json\" class=\"yoast-schema-graph\">{\"@context\":\"https:\\\/\\\/schema.org\",\"@graph\":[{\"@type\":\"WebPage\",\"@id\":\"https:\\\/\\\/prideshop.eu\\\/de\\\/shop\\\/equipment-de\\\/trainingsgerate\\\/boxsacke\\\/standboxsack-cobra-pride\\\/\",\"url\":\"https:\\\/\\\/prideshop.eu\\\/de\\\/shop\\\/equipment-de\\\/trainingsgerate\\\/boxsacke\\\/standboxsack-cobra-pride\\\/\",\"name\":\"Standboxsack Pride \u2013 Cobra - PRIDEshop\",\"isPartOf\":{\"@id\":\"https:\\\/\\\/prideshop.eu\\\/de\\\/#website\"},\"primaryImageOfPage\":{\"@id\":\"https:\\\/\\\/prideshop.eu\\\/de\\\/shop\\\/equipment-de\\\/trainingsgerate\\\/boxsacke\\\/standboxsack-cobra-pride\\\/#primaryimage\"},\"image\":{\"@id\":\"https:\\\/\\\/prideshop.eu\\\/de\\\/shop\\\/equipment-de\\\/trainingsgerate\\\/boxsacke\\\/standboxsack-cobra-pride\\\/#primaryimage\"},\"thumbnailUrl\":\"https:\\\/\\\/prideshop.eu\\\/wp-content\\\/uploads\\\/2020\\\/09\\\/samostojeca-boks-vreca-cobra-pride-1156.jpeg\",\"datePublished\":\"2020-09-15T09:33:58+00:00\",\"dateModified\":\"2026-01-15T08:20:52+00:00\",\"description\":\"Standboxsack Cobra, Pride. Alleinstehender Boxsack Cobra zum Trainieren. Besonders gestaltet f\u00fcr den Gebrauch zu Hause, in der Halle, in Schulen, in Fitness Zentren usw.\",\"breadcrumb\":{\"@id\":\"https:\\\/\\\/prideshop.eu\\\/de\\\/shop\\\/equipment-de\\\/trainingsgerate\\\/boxsacke\\\/standboxsack-cobra-pride\\\/#breadcrumb\"},\"inLanguage\":\"de\",\"potentialAction\":[{\"@type\":\"ReadAction\",\"target\":[\"https:\\\/\\\/prideshop.eu\\\/de\\\/shop\\\/equipment-de\\\/trainingsgerate\\\/boxsacke\\\/standboxsack-cobra-pride\\\/\"]}]},{\"@type\":\"ImageObject\",\"inLanguage\":\"de\",\"@id\":\"https:\\\/\\\/prideshop.eu\\\/de\\\/shop\\\/equipment-de\\\/trainingsgerate\\\/boxsacke\\\/standboxsack-cobra-pride\\\/#primaryimage\",\"url\":\"https:\\\/\\\/prideshop.eu\\\/wp-content\\\/uploads\\\/2020\\\/09\\\/samostojeca-boks-vreca-cobra-pride-1156.jpeg\",\"contentUrl\":\"https:\\\/\\\/prideshop.eu\\\/wp-content\\\/uploads\\\/2020\\\/09\\\/samostojeca-boks-vreca-cobra-pride-1156.jpeg\",\"width\":600,\"height\":600,\"caption\":\"Standboxsack Cobra Pride\"},{\"@type\":\"BreadcrumbList\",\"@id\":\"https:\\\/\\\/prideshop.eu\\\/de\\\/shop\\\/equipment-de\\\/trainingsgerate\\\/boxsacke\\\/standboxsack-cobra-pride\\\/#breadcrumb\",\"itemListElement\":[{\"@type\":\"ListItem\",\"position\":1,\"name\":\"Home\",\"item\":\"https:\\\/\\\/prideshop.eu\\\/de\\\/\"},{\"@type\":\"ListItem\",\"position\":2,\"name\":\"Gesch\u00e4ft\",\"item\":\"https:\\\/\\\/prideshop.eu\\\/de\\\/geschaeft\\\/\"},{\"@type\":\"ListItem\",\"position\":3,\"name\":\"Standboxsack Pride \u2013 Cobra\"}]},{\"@type\":\"WebSite\",\"@id\":\"https:\\\/\\\/prideshop.eu\\\/de\\\/#website\",\"url\":\"https:\\\/\\\/prideshop.eu\\\/de\\\/\",\"name\":\"PRIDEshop\",\"description\":\"Oprema za Borilne \u0160porte\",\"publisher\":{\"@id\":\"https:\\\/\\\/prideshop.eu\\\/de\\\/#organization\"},\"potentialAction\":[{\"@type\":\"SearchAction\",\"target\":{\"@type\":\"EntryPoint\",\"urlTemplate\":\"https:\\\/\\\/prideshop.eu\\\/de\\\/?s={search_term_string}\"},\"query-input\":{\"@type\":\"PropertyValueSpecification\",\"valueRequired\":true,\"valueName\":\"search_term_string\"}}],\"inLanguage\":\"de\"},{\"@type\":\"Organization\",\"@id\":\"https:\\\/\\\/prideshop.eu\\\/de\\\/#organization\",\"name\":\"PRIDEshop\",\"url\":\"https:\\\/\\\/prideshop.eu\\\/de\\\/\",\"logo\":{\"@type\":\"ImageObject\",\"inLanguage\":\"de\",\"@id\":\"https:\\\/\\\/prideshop.eu\\\/de\\\/#\\\/schema\\\/logo\\\/image\\\/\",\"url\":\"\",\"contentUrl\":\"\",\"caption\":\"PRIDEshop\"},\"image\":{\"@id\":\"https:\\\/\\\/prideshop.eu\\\/de\\\/#\\\/schema\\\/logo\\\/image\\\/\"},\"sameAs\":[\"https:\\\/\\\/sl-si.facebook.com\\\/PrideShopeu\"]}]}<\/script>\n<!-- \/ Yoast SEO plugin. -->","yoast_head_json":{"title":"Standboxsack Pride \u2013 Cobra - PRIDEshop","description":"Standboxsack Cobra, Pride. Alleinstehender Boxsack Cobra zum Trainieren. Besonders gestaltet f\u00fcr den Gebrauch zu Hause, in der Halle, in Schulen, in Fitness Zentren usw.","robots":{"index":"index","follow":"follow","max-snippet":"max-snippet:-1","max-image-preview":"max-image-preview:large","max-video-preview":"max-video-preview:-1"},"canonical":"https:\/\/prideshop.eu\/de\/shop\/equipment-de\/trainingsgerate\/boxsacke\/standboxsack-cobra-pride\/","og_locale":"de_DE","og_type":"article","og_title":"Standboxsack Pride \u2013 Cobra - PRIDEshop","og_description":"Standboxsack Cobra, Pride. Alleinstehender Boxsack Cobra zum Trainieren. Besonders gestaltet f\u00fcr den Gebrauch zu Hause, in der Halle, in Schulen, in Fitness Zentren usw.","og_url":"https:\/\/prideshop.eu\/de\/shop\/equipment-de\/trainingsgerate\/boxsacke\/standboxsack-cobra-pride\/","og_site_name":"PRIDEshop","article_publisher":"https:\/\/sl-si.facebook.com\/PrideShopeu","article_modified_time":"2026-01-15T08:20:52+00:00","og_image":[{"width":600,"height":600,"url":"https:\/\/prideshop.eu\/wp-content\/uploads\/2020\/09\/samostojeca-boks-vreca-cobra-pride-1156.jpeg","type":"image\/jpeg"}],"twitter_card":"summary_large_image","twitter_misc":{"Gesch\u00e4tzte Lesezeit":"1\u00a0Minute"},"schema":{"@context":"https:\/\/schema.org","@graph":[{"@type":"WebPage","@id":"https:\/\/prideshop.eu\/de\/shop\/equipment-de\/trainingsgerate\/boxsacke\/standboxsack-cobra-pride\/","url":"https:\/\/prideshop.eu\/de\/shop\/equipment-de\/trainingsgerate\/boxsacke\/standboxsack-cobra-pride\/","name":"Standboxsack Pride \u2013 Cobra - PRIDEshop","isPartOf":{"@id":"https:\/\/prideshop.eu\/de\/#website"},"primaryImageOfPage":{"@id":"https:\/\/prideshop.eu\/de\/shop\/equipment-de\/trainingsgerate\/boxsacke\/standboxsack-cobra-pride\/#primaryimage"},"image":{"@id":"https:\/\/prideshop.eu\/de\/shop\/equipment-de\/trainingsgerate\/boxsacke\/standboxsack-cobra-pride\/#primaryimage"},"thumbnailUrl":"https:\/\/prideshop.eu\/wp-content\/uploads\/2020\/09\/samostojeca-boks-vreca-cobra-pride-1156.jpeg","datePublished":"2020-09-15T09:33:58+00:00","dateModified":"2026-01-15T08:20:52+00:00","description":"Standboxsack Cobra, Pride. Alleinstehender Boxsack Cobra zum Trainieren. Besonders gestaltet f\u00fcr den Gebrauch zu Hause, in der Halle, in Schulen, in Fitness Zentren usw.","breadcrumb":{"@id":"https:\/\/prideshop.eu\/de\/shop\/equipment-de\/trainingsgerate\/boxsacke\/standboxsack-cobra-pride\/#breadcrumb"},"inLanguage":"de","potentialAction":[{"@type":"ReadAction","target":["https:\/\/prideshop.eu\/de\/shop\/equipment-de\/trainingsgerate\/boxsacke\/standboxsack-cobra-pride\/"]}]},{"@type":"ImageObject","inLanguage":"de","@id":"https:\/\/prideshop.eu\/de\/shop\/equipment-de\/trainingsgerate\/boxsacke\/standboxsack-cobra-pride\/#primaryimage","url":"https:\/\/prideshop.eu\/wp-content\/uploads\/2020\/09\/samostojeca-boks-vreca-cobra-pride-1156.jpeg","contentUrl":"https:\/\/prideshop.eu\/wp-content\/uploads\/2020\/09\/samostojeca-boks-vreca-cobra-pride-1156.jpeg","width":600,"height":600,"caption":"Standboxsack Cobra Pride"},{"@type":"BreadcrumbList","@id":"https:\/\/prideshop.eu\/de\/shop\/equipment-de\/trainingsgerate\/boxsacke\/standboxsack-cobra-pride\/#breadcrumb","itemListElement":[{"@type":"ListItem","position":1,"name":"Home","item":"https:\/\/prideshop.eu\/de\/"},{"@type":"ListItem","position":2,"name":"Gesch\u00e4ft","item":"https:\/\/prideshop.eu\/de\/geschaeft\/"},{"@type":"ListItem","position":3,"name":"Standboxsack Pride \u2013 Cobra"}]},{"@type":"WebSite","@id":"https:\/\/prideshop.eu\/de\/#website","url":"https:\/\/prideshop.eu\/de\/","name":"PRIDEshop","description":"Oprema za Borilne \u0160porte","publisher":{"@id":"https:\/\/prideshop.eu\/de\/#organization"},"potentialAction":[{"@type":"SearchAction","target":{"@type":"EntryPoint","urlTemplate":"https:\/\/prideshop.eu\/de\/?s={search_term_string}"},"query-input":{"@type":"PropertyValueSpecification","valueRequired":true,"valueName":"search_term_string"}}],"inLanguage":"de"},{"@type":"Organization","@id":"https:\/\/prideshop.eu\/de\/#organization","name":"PRIDEshop","url":"https:\/\/prideshop.eu\/de\/","logo":{"@type":"ImageObject","inLanguage":"de","@id":"https:\/\/prideshop.eu\/de\/#\/schema\/logo\/image\/","url":"","contentUrl":"","caption":"PRIDEshop"},"image":{"@id":"https:\/\/prideshop.eu\/de\/#\/schema\/logo\/image\/"},"sameAs":["https:\/\/sl-si.facebook.com\/PrideShopeu"]}]}},"_links":{"self":[{"href":"https:\/\/prideshop.eu\/de\/wp-json\/wp\/v2\/product\/9490","targetHints":{"allow":["GET"]}}],"collection":[{"href":"https:\/\/prideshop.eu\/de\/wp-json\/wp\/v2\/product"}],"about":[{"href":"https:\/\/prideshop.eu\/de\/wp-json\/wp\/v2\/types\/product"}],"replies":[{"embeddable":true,"href":"https:\/\/prideshop.eu\/de\/wp-json\/wp\/v2\/comments?post=9490"}],"wp:featuredmedia":[{"embeddable":true,"href":"https:\/\/prideshop.eu\/de\/wp-json\/wp\/v2\/media\/39597"}],"wp:attachment":[{"href":"https:\/\/prideshop.eu\/de\/wp-json\/wp\/v2\/media?parent=9490"}],"wp:term":[{"taxonomy":"product_brand","embeddable":true,"href":"https:\/\/prideshop.eu\/de\/wp-json\/wp\/v2\/product_brand?post=9490"},{"taxonomy":"product_cat","embeddable":true,"href":"https:\/\/prideshop.eu\/de\/wp-json\/wp\/v2\/product_cat?post=9490"},{"taxonomy":"product_tag","embeddable":true,"href":"https:\/\/prideshop.eu\/de\/wp-json\/wp\/v2\/product_tag?post=9490"}],"curies":[{"name":"wp","href":"https:\/\/api.w.org\/{rel}","templated":true}]}}