{"id":9528,"date":"2020-09-16T10:26:26","date_gmt":"2020-09-16T08:26:26","guid":{"rendered":"https:\/\/prideshop.eu\/spletna-trgovina\/unkategorisiert\/ideale-wand-trainingstasche-elite-fur-boxen-pride\/"},"modified":"2025-08-04T10:44:48","modified_gmt":"2025-08-04T08:44:48","slug":"ideale-wand-trainingstasche-elite-fur-boxen-pride","status":"publish","type":"product","link":"https:\/\/prideshop.eu\/de\/shop\/equipment-de\/trainingsgerate\/boxsacke\/ideale-wand-trainingstasche-elite-fur-boxen-pride\/","title":{"rendered":"Wand\u2013Schlagpolster Pride \u2013 Elite"},"content":{"rendered":"<h3>Wand\u2013Schlagpolster Pride \u2013 Elite<\/h3>\n<p>Ideale Wand Trainingstasche &#8220;Elite&#8221; f\u00fcr Boxen, Pride. Ideale Trainingstasche \u2013 Kissen zum Schlagen und Trainieren aller Hand\u2013 und Fu\u00dfbewegungen. Sie k\u00f6nnen es in einer Halle sowie in Ihrem Haus installieren, wo immer Sie welche haben \u2013 freiraum an der Wand. Es besteht aus erstem Leder mit zus\u00e4tzlichen Zonen als Zielscheiben.nMa\u00dfe: 61 cm hoch, 41 cm breit, 41 cm tief oben und 21 cm im unteren Teil.nDie Stahlkonstruktion ist f\u00fcr eine einfache Befestigung konzipiert. Gewicht 14 kg.<\/p>\n","protected":false},"excerpt":{"rendered":"<p>Ideale Wand Trainingstasche &#8220;Elite&#8221; f\u00fcr Boxen, Pride. Ideale Trainingstasche \u2013 Kissen zum Schlagen und Trainieren aller Hand\u2013 und Fu\u00dfbewegungen. Sie k\u00f6nnen es in einer Halle sowie in Ihrem Haus installieren, wo immer Sie welche haben \u2013 freiraum an der Wand. Es besteht aus erstem Leder mit zus\u00e4tzlichen Zonen als Zielscheiben.nMa\u00dfe: 61 cm hoch, 41 cm breit, 41 cm tief oben und 21 cm im unteren Teil.nDie Stahlkonstruktion ist f\u00fcr eine einfache Befestigung konzipiert. Gewicht 14 kg.<\/p>\n","protected":false},"featured_media":39447,"comment_status":"open","ping_status":"closed","template":"","meta":{"_acf_changed":false},"product_brand":[2086],"product_cat":[622,580,624,1691,616],"product_tag":[],"class_list":{"0":"post-9528","1":"product","2":"type-product","3":"status-publish","4":"has-post-thumbnail","6":"product_brand-pride","7":"product_cat-boxsacke","8":"product_cat-equipment-de","9":"product_cat-handpratzen-schlagpolster-schlagschilder","10":"product_cat-sonderangebote","11":"product_cat-trainingsgerate","12":"product_shipping_class-nofreeshipping","14":"first","15":"instock","16":"taxable","17":"shipping-taxable","18":"purchasable","19":"product-type-simple"},"acf":[],"yoast_head":"<!-- This site is optimized with the Yoast SEO plugin v27.5 - https:\/\/yoast.com\/product\/yoast-seo-wordpress\/ -->\n<title>Wand\u2013Schlagpolster Pride \u2013 Elite - PRIDEshop<\/title>\n<meta name=\"description\" content=\"Ideale Wand Trainingstasche &quot;Elite&quot; f\u00fcr Boxen, Pride Ideale Trainingstasche - Kissen zum Schlagen und Trainieren aller Hand- und Fu\u00dfbewegungen.\" \/>\n<meta name=\"robots\" content=\"index, follow, max-snippet:-1, max-image-preview:large, max-video-preview:-1\" \/>\n<link rel=\"canonical\" href=\"https:\/\/prideshop.eu\/de\/shop\/equipment-de\/trainingsgerate\/boxsacke\/ideale-wand-trainingstasche-elite-fur-boxen-pride\/\" \/>\n<meta property=\"og:locale\" content=\"de_DE\" \/>\n<meta property=\"og:type\" content=\"article\" \/>\n<meta property=\"og:title\" content=\"Wand\u2013Schlagpolster Pride \u2013 Elite - PRIDEshop\" \/>\n<meta property=\"og:description\" content=\"Ideale Wand Trainingstasche &quot;Elite&quot; f\u00fcr Boxen, Pride Ideale Trainingstasche - Kissen zum Schlagen und Trainieren aller Hand- und Fu\u00dfbewegungen.\" \/>\n<meta property=\"og:url\" content=\"https:\/\/prideshop.eu\/de\/shop\/equipment-de\/trainingsgerate\/boxsacke\/ideale-wand-trainingstasche-elite-fur-boxen-pride\/\" \/>\n<meta property=\"og:site_name\" content=\"PRIDEshop\" \/>\n<meta property=\"article:publisher\" content=\"https:\/\/sl-si.facebook.com\/PrideShopeu\" \/>\n<meta property=\"article:modified_time\" content=\"2025-08-04T08:44:48+00:00\" \/>\n<meta property=\"og:image\" content=\"https:\/\/prideshop.eu\/wp-content\/uploads\/2020\/09\/stenska-blazina-za-boksanje-elite-pride-1240.jpeg\" \/>\n\t<meta property=\"og:image:width\" content=\"600\" \/>\n\t<meta property=\"og:image:height\" content=\"600\" \/>\n\t<meta property=\"og:image:type\" content=\"image\/jpeg\" \/>\n<meta name=\"twitter:card\" content=\"summary_large_image\" \/>\n<script type=\"application\/ld+json\" class=\"yoast-schema-graph\">{\"@context\":\"https:\\\/\\\/schema.org\",\"@graph\":[{\"@type\":\"WebPage\",\"@id\":\"https:\\\/\\\/prideshop.eu\\\/de\\\/shop\\\/equipment-de\\\/trainingsgerate\\\/boxsacke\\\/ideale-wand-trainingstasche-elite-fur-boxen-pride\\\/\",\"url\":\"https:\\\/\\\/prideshop.eu\\\/de\\\/shop\\\/equipment-de\\\/trainingsgerate\\\/boxsacke\\\/ideale-wand-trainingstasche-elite-fur-boxen-pride\\\/\",\"name\":\"Wand\u2013Schlagpolster Pride \u2013 Elite - PRIDEshop\",\"isPartOf\":{\"@id\":\"https:\\\/\\\/prideshop.eu\\\/de\\\/#website\"},\"primaryImageOfPage\":{\"@id\":\"https:\\\/\\\/prideshop.eu\\\/de\\\/shop\\\/equipment-de\\\/trainingsgerate\\\/boxsacke\\\/ideale-wand-trainingstasche-elite-fur-boxen-pride\\\/#primaryimage\"},\"image\":{\"@id\":\"https:\\\/\\\/prideshop.eu\\\/de\\\/shop\\\/equipment-de\\\/trainingsgerate\\\/boxsacke\\\/ideale-wand-trainingstasche-elite-fur-boxen-pride\\\/#primaryimage\"},\"thumbnailUrl\":\"https:\\\/\\\/prideshop.eu\\\/wp-content\\\/uploads\\\/2020\\\/09\\\/stenska-blazina-za-boksanje-elite-pride-1240.jpeg\",\"datePublished\":\"2020-09-16T08:26:26+00:00\",\"dateModified\":\"2025-08-04T08:44:48+00:00\",\"description\":\"Ideale Wand Trainingstasche \\\"Elite\\\" f\u00fcr Boxen, Pride Ideale Trainingstasche - Kissen zum Schlagen und Trainieren aller Hand- und Fu\u00dfbewegungen.\",\"breadcrumb\":{\"@id\":\"https:\\\/\\\/prideshop.eu\\\/de\\\/shop\\\/equipment-de\\\/trainingsgerate\\\/boxsacke\\\/ideale-wand-trainingstasche-elite-fur-boxen-pride\\\/#breadcrumb\"},\"inLanguage\":\"de\",\"potentialAction\":[{\"@type\":\"ReadAction\",\"target\":[\"https:\\\/\\\/prideshop.eu\\\/de\\\/shop\\\/equipment-de\\\/trainingsgerate\\\/boxsacke\\\/ideale-wand-trainingstasche-elite-fur-boxen-pride\\\/\"]}]},{\"@type\":\"ImageObject\",\"inLanguage\":\"de\",\"@id\":\"https:\\\/\\\/prideshop.eu\\\/de\\\/shop\\\/equipment-de\\\/trainingsgerate\\\/boxsacke\\\/ideale-wand-trainingstasche-elite-fur-boxen-pride\\\/#primaryimage\",\"url\":\"https:\\\/\\\/prideshop.eu\\\/wp-content\\\/uploads\\\/2020\\\/09\\\/stenska-blazina-za-boksanje-elite-pride-1240.jpeg\",\"contentUrl\":\"https:\\\/\\\/prideshop.eu\\\/wp-content\\\/uploads\\\/2020\\\/09\\\/stenska-blazina-za-boksanje-elite-pride-1240.jpeg\",\"width\":600,\"height\":600,\"caption\":\"Ideale Wand Trainingstasche \\\"Elite\\\" f\u00fcr Boxen Pride\"},{\"@type\":\"BreadcrumbList\",\"@id\":\"https:\\\/\\\/prideshop.eu\\\/de\\\/shop\\\/equipment-de\\\/trainingsgerate\\\/boxsacke\\\/ideale-wand-trainingstasche-elite-fur-boxen-pride\\\/#breadcrumb\",\"itemListElement\":[{\"@type\":\"ListItem\",\"position\":1,\"name\":\"Home\",\"item\":\"https:\\\/\\\/prideshop.eu\\\/de\\\/\"},{\"@type\":\"ListItem\",\"position\":2,\"name\":\"Gesch\u00e4ft\",\"item\":\"https:\\\/\\\/prideshop.eu\\\/de\\\/geschaeft\\\/\"},{\"@type\":\"ListItem\",\"position\":3,\"name\":\"Wand\u2013Schlagpolster Pride \u2013 Elite\"}]},{\"@type\":\"WebSite\",\"@id\":\"https:\\\/\\\/prideshop.eu\\\/de\\\/#website\",\"url\":\"https:\\\/\\\/prideshop.eu\\\/de\\\/\",\"name\":\"PRIDEshop\",\"description\":\"Oprema za Borilne \u0160porte\",\"publisher\":{\"@id\":\"https:\\\/\\\/prideshop.eu\\\/de\\\/#organization\"},\"potentialAction\":[{\"@type\":\"SearchAction\",\"target\":{\"@type\":\"EntryPoint\",\"urlTemplate\":\"https:\\\/\\\/prideshop.eu\\\/de\\\/?s={search_term_string}\"},\"query-input\":{\"@type\":\"PropertyValueSpecification\",\"valueRequired\":true,\"valueName\":\"search_term_string\"}}],\"inLanguage\":\"de\"},{\"@type\":\"Organization\",\"@id\":\"https:\\\/\\\/prideshop.eu\\\/de\\\/#organization\",\"name\":\"PRIDEshop\",\"url\":\"https:\\\/\\\/prideshop.eu\\\/de\\\/\",\"logo\":{\"@type\":\"ImageObject\",\"inLanguage\":\"de\",\"@id\":\"https:\\\/\\\/prideshop.eu\\\/de\\\/#\\\/schema\\\/logo\\\/image\\\/\",\"url\":\"\",\"contentUrl\":\"\",\"caption\":\"PRIDEshop\"},\"image\":{\"@id\":\"https:\\\/\\\/prideshop.eu\\\/de\\\/#\\\/schema\\\/logo\\\/image\\\/\"},\"sameAs\":[\"https:\\\/\\\/sl-si.facebook.com\\\/PrideShopeu\"]}]}<\/script>\n<!-- \/ Yoast SEO plugin. -->","yoast_head_json":{"title":"Wand\u2013Schlagpolster Pride \u2013 Elite - PRIDEshop","description":"Ideale Wand Trainingstasche \"Elite\" f\u00fcr Boxen, Pride Ideale Trainingstasche - Kissen zum Schlagen und Trainieren aller Hand- und Fu\u00dfbewegungen.","robots":{"index":"index","follow":"follow","max-snippet":"max-snippet:-1","max-image-preview":"max-image-preview:large","max-video-preview":"max-video-preview:-1"},"canonical":"https:\/\/prideshop.eu\/de\/shop\/equipment-de\/trainingsgerate\/boxsacke\/ideale-wand-trainingstasche-elite-fur-boxen-pride\/","og_locale":"de_DE","og_type":"article","og_title":"Wand\u2013Schlagpolster Pride \u2013 Elite - PRIDEshop","og_description":"Ideale Wand Trainingstasche \"Elite\" f\u00fcr Boxen, Pride Ideale Trainingstasche - Kissen zum Schlagen und Trainieren aller Hand- und Fu\u00dfbewegungen.","og_url":"https:\/\/prideshop.eu\/de\/shop\/equipment-de\/trainingsgerate\/boxsacke\/ideale-wand-trainingstasche-elite-fur-boxen-pride\/","og_site_name":"PRIDEshop","article_publisher":"https:\/\/sl-si.facebook.com\/PrideShopeu","article_modified_time":"2025-08-04T08:44:48+00:00","og_image":[{"width":600,"height":600,"url":"https:\/\/prideshop.eu\/wp-content\/uploads\/2020\/09\/stenska-blazina-za-boksanje-elite-pride-1240.jpeg","type":"image\/jpeg"}],"twitter_card":"summary_large_image","schema":{"@context":"https:\/\/schema.org","@graph":[{"@type":"WebPage","@id":"https:\/\/prideshop.eu\/de\/shop\/equipment-de\/trainingsgerate\/boxsacke\/ideale-wand-trainingstasche-elite-fur-boxen-pride\/","url":"https:\/\/prideshop.eu\/de\/shop\/equipment-de\/trainingsgerate\/boxsacke\/ideale-wand-trainingstasche-elite-fur-boxen-pride\/","name":"Wand\u2013Schlagpolster Pride \u2013 Elite - PRIDEshop","isPartOf":{"@id":"https:\/\/prideshop.eu\/de\/#website"},"primaryImageOfPage":{"@id":"https:\/\/prideshop.eu\/de\/shop\/equipment-de\/trainingsgerate\/boxsacke\/ideale-wand-trainingstasche-elite-fur-boxen-pride\/#primaryimage"},"image":{"@id":"https:\/\/prideshop.eu\/de\/shop\/equipment-de\/trainingsgerate\/boxsacke\/ideale-wand-trainingstasche-elite-fur-boxen-pride\/#primaryimage"},"thumbnailUrl":"https:\/\/prideshop.eu\/wp-content\/uploads\/2020\/09\/stenska-blazina-za-boksanje-elite-pride-1240.jpeg","datePublished":"2020-09-16T08:26:26+00:00","dateModified":"2025-08-04T08:44:48+00:00","description":"Ideale Wand Trainingstasche \"Elite\" f\u00fcr Boxen, Pride Ideale Trainingstasche - Kissen zum Schlagen und Trainieren aller Hand- und Fu\u00dfbewegungen.","breadcrumb":{"@id":"https:\/\/prideshop.eu\/de\/shop\/equipment-de\/trainingsgerate\/boxsacke\/ideale-wand-trainingstasche-elite-fur-boxen-pride\/#breadcrumb"},"inLanguage":"de","potentialAction":[{"@type":"ReadAction","target":["https:\/\/prideshop.eu\/de\/shop\/equipment-de\/trainingsgerate\/boxsacke\/ideale-wand-trainingstasche-elite-fur-boxen-pride\/"]}]},{"@type":"ImageObject","inLanguage":"de","@id":"https:\/\/prideshop.eu\/de\/shop\/equipment-de\/trainingsgerate\/boxsacke\/ideale-wand-trainingstasche-elite-fur-boxen-pride\/#primaryimage","url":"https:\/\/prideshop.eu\/wp-content\/uploads\/2020\/09\/stenska-blazina-za-boksanje-elite-pride-1240.jpeg","contentUrl":"https:\/\/prideshop.eu\/wp-content\/uploads\/2020\/09\/stenska-blazina-za-boksanje-elite-pride-1240.jpeg","width":600,"height":600,"caption":"Ideale Wand Trainingstasche \"Elite\" f\u00fcr Boxen Pride"},{"@type":"BreadcrumbList","@id":"https:\/\/prideshop.eu\/de\/shop\/equipment-de\/trainingsgerate\/boxsacke\/ideale-wand-trainingstasche-elite-fur-boxen-pride\/#breadcrumb","itemListElement":[{"@type":"ListItem","position":1,"name":"Home","item":"https:\/\/prideshop.eu\/de\/"},{"@type":"ListItem","position":2,"name":"Gesch\u00e4ft","item":"https:\/\/prideshop.eu\/de\/geschaeft\/"},{"@type":"ListItem","position":3,"name":"Wand\u2013Schlagpolster Pride \u2013 Elite"}]},{"@type":"WebSite","@id":"https:\/\/prideshop.eu\/de\/#website","url":"https:\/\/prideshop.eu\/de\/","name":"PRIDEshop","description":"Oprema za Borilne \u0160porte","publisher":{"@id":"https:\/\/prideshop.eu\/de\/#organization"},"potentialAction":[{"@type":"SearchAction","target":{"@type":"EntryPoint","urlTemplate":"https:\/\/prideshop.eu\/de\/?s={search_term_string}"},"query-input":{"@type":"PropertyValueSpecification","valueRequired":true,"valueName":"search_term_string"}}],"inLanguage":"de"},{"@type":"Organization","@id":"https:\/\/prideshop.eu\/de\/#organization","name":"PRIDEshop","url":"https:\/\/prideshop.eu\/de\/","logo":{"@type":"ImageObject","inLanguage":"de","@id":"https:\/\/prideshop.eu\/de\/#\/schema\/logo\/image\/","url":"","contentUrl":"","caption":"PRIDEshop"},"image":{"@id":"https:\/\/prideshop.eu\/de\/#\/schema\/logo\/image\/"},"sameAs":["https:\/\/sl-si.facebook.com\/PrideShopeu"]}]}},"_links":{"self":[{"href":"https:\/\/prideshop.eu\/de\/wp-json\/wp\/v2\/product\/9528","targetHints":{"allow":["GET"]}}],"collection":[{"href":"https:\/\/prideshop.eu\/de\/wp-json\/wp\/v2\/product"}],"about":[{"href":"https:\/\/prideshop.eu\/de\/wp-json\/wp\/v2\/types\/product"}],"replies":[{"embeddable":true,"href":"https:\/\/prideshop.eu\/de\/wp-json\/wp\/v2\/comments?post=9528"}],"wp:featuredmedia":[{"embeddable":true,"href":"https:\/\/prideshop.eu\/de\/wp-json\/wp\/v2\/media\/39447"}],"wp:attachment":[{"href":"https:\/\/prideshop.eu\/de\/wp-json\/wp\/v2\/media?parent=9528"}],"wp:term":[{"taxonomy":"product_brand","embeddable":true,"href":"https:\/\/prideshop.eu\/de\/wp-json\/wp\/v2\/product_brand?post=9528"},{"taxonomy":"product_cat","embeddable":true,"href":"https:\/\/prideshop.eu\/de\/wp-json\/wp\/v2\/product_cat?post=9528"},{"taxonomy":"product_tag","embeddable":true,"href":"https:\/\/prideshop.eu\/de\/wp-json\/wp\/v2\/product_tag?post=9528"}],"curies":[{"name":"wp","href":"https:\/\/api.w.org\/{rel}","templated":true}]}}