{"id":9541,"date":"2020-12-04T15:22:23","date_gmt":"2020-12-04T14:22:23","guid":{"rendered":"https:\/\/prideshop.eu\/spletna-trgovina\/unkategorisiert\/schwenkhalterung-fur-boxsack-pride\/"},"modified":"2025-08-04T10:44:49","modified_gmt":"2025-08-04T08:44:49","slug":"schwenkhalterung-fur-boxsack-pride","status":"publish","type":"product","link":"https:\/\/prideshop.eu\/de\/shop\/equipment-de\/trainingsgerate\/boxsacke\/schwenkhalterung-fur-boxsack-pride\/","title":{"rendered":"Drehbare Boxsackhalterung Pride \u2013 SpinMount\u00a08"},"content":{"rendered":"<h3>Drehbare Boxsackhalterung Pride \u2013 SpinMount\u00a08<\/h3>\n<p>Schwenkhalterung f\u00fcr Boxsack, Pride eine verrostete Metallwandhalterung f\u00fcr einen Sack. Leichtbauweise f\u00fcr eine Vielzahl von Anwendungen. Mit dem mitgelieferten Schraubensatz an der Wand befestigt 72 cm (von der Wand bis zum letzten Ausgangspunkt)<\/p>\n","protected":false},"excerpt":{"rendered":"<p>Schwenkhalterung f\u00fcr Boxsack, Pride eine verrostete Metallwandhalterung f\u00fcr einen Sack. Leichtbauweise f\u00fcr eine Vielzahl von Anwendungen. Mit dem mitgelieferten Schraubensatz an der Wand befestigt 72 cm (von der Wand bis zum letzten Ausgangspunkt)<\/p>\n","protected":false},"featured_media":24999,"comment_status":"open","ping_status":"closed","template":"","meta":{"_acf_changed":false},"product_brand":[2086],"product_cat":[622,580,616],"product_tag":[],"class_list":{"0":"post-9541","1":"product","2":"type-product","3":"status-publish","4":"has-post-thumbnail","6":"product_brand-pride","7":"product_cat-boxsacke","8":"product_cat-equipment-de","9":"product_cat-trainingsgerate","11":"first","12":"instock","13":"taxable","14":"shipping-taxable","15":"purchasable","16":"product-type-simple"},"acf":[],"yoast_head":"<!-- This site is optimized with the Yoast SEO plugin v27.5 - https:\/\/yoast.com\/product\/yoast-seo-wordpress\/ -->\n<title>Drehbare Boxsackhalterung Pride \u2013 SpinMount\u00a08 - PRIDEshop<\/title>\n<meta name=\"description\" content=\"Schwenkhalterung f\u00fcr Boxsack, Pride. Eine verrostete Metallwandhalterung f\u00fcr einen Sack. Leichtbauweise f\u00fcr eine Vielzahl von Anwendungen.\" \/>\n<meta name=\"robots\" content=\"index, follow, max-snippet:-1, max-image-preview:large, max-video-preview:-1\" \/>\n<link rel=\"canonical\" href=\"https:\/\/prideshop.eu\/de\/shop\/equipment-de\/trainingsgerate\/boxsacke\/schwenkhalterung-fur-boxsack-pride\/\" \/>\n<meta property=\"og:locale\" content=\"de_DE\" \/>\n<meta property=\"og:type\" content=\"article\" \/>\n<meta property=\"og:title\" content=\"Drehbare Boxsackhalterung Pride \u2013 SpinMount\u00a08 - PRIDEshop\" \/>\n<meta property=\"og:description\" content=\"Schwenkhalterung f\u00fcr Boxsack, Pride. Eine verrostete Metallwandhalterung f\u00fcr einen Sack. Leichtbauweise f\u00fcr eine Vielzahl von Anwendungen.\" \/>\n<meta property=\"og:url\" content=\"https:\/\/prideshop.eu\/de\/shop\/equipment-de\/trainingsgerate\/boxsacke\/schwenkhalterung-fur-boxsack-pride\/\" \/>\n<meta property=\"og:site_name\" content=\"PRIDEshop\" \/>\n<meta property=\"article:publisher\" content=\"https:\/\/sl-si.facebook.com\/PrideShopeu\" \/>\n<meta property=\"article:modified_time\" content=\"2025-08-04T08:44:49+00:00\" \/>\n<meta property=\"og:image\" content=\"https:\/\/prideshop.eu\/wp-content\/uploads\/2020\/12\/vrtljiv-nosilec-za-boks-vreco-pride-1283.jpeg\" \/>\n\t<meta property=\"og:image:width\" content=\"600\" \/>\n\t<meta property=\"og:image:height\" content=\"600\" \/>\n\t<meta property=\"og:image:type\" content=\"image\/jpeg\" \/>\n<meta name=\"twitter:card\" content=\"summary_large_image\" \/>\n<script type=\"application\/ld+json\" class=\"yoast-schema-graph\">{\"@context\":\"https:\\\/\\\/schema.org\",\"@graph\":[{\"@type\":\"WebPage\",\"@id\":\"https:\\\/\\\/prideshop.eu\\\/de\\\/shop\\\/equipment-de\\\/trainingsgerate\\\/boxsacke\\\/schwenkhalterung-fur-boxsack-pride\\\/\",\"url\":\"https:\\\/\\\/prideshop.eu\\\/de\\\/shop\\\/equipment-de\\\/trainingsgerate\\\/boxsacke\\\/schwenkhalterung-fur-boxsack-pride\\\/\",\"name\":\"Drehbare Boxsackhalterung Pride \u2013 SpinMount\u00a08 - PRIDEshop\",\"isPartOf\":{\"@id\":\"https:\\\/\\\/prideshop.eu\\\/de\\\/#website\"},\"primaryImageOfPage\":{\"@id\":\"https:\\\/\\\/prideshop.eu\\\/de\\\/shop\\\/equipment-de\\\/trainingsgerate\\\/boxsacke\\\/schwenkhalterung-fur-boxsack-pride\\\/#primaryimage\"},\"image\":{\"@id\":\"https:\\\/\\\/prideshop.eu\\\/de\\\/shop\\\/equipment-de\\\/trainingsgerate\\\/boxsacke\\\/schwenkhalterung-fur-boxsack-pride\\\/#primaryimage\"},\"thumbnailUrl\":\"https:\\\/\\\/prideshop.eu\\\/wp-content\\\/uploads\\\/2020\\\/12\\\/vrtljiv-nosilec-za-boks-vreco-pride-1283.jpeg\",\"datePublished\":\"2020-12-04T14:22:23+00:00\",\"dateModified\":\"2025-08-04T08:44:49+00:00\",\"description\":\"Schwenkhalterung f\u00fcr Boxsack, Pride. Eine verrostete Metallwandhalterung f\u00fcr einen Sack. Leichtbauweise f\u00fcr eine Vielzahl von Anwendungen.\",\"breadcrumb\":{\"@id\":\"https:\\\/\\\/prideshop.eu\\\/de\\\/shop\\\/equipment-de\\\/trainingsgerate\\\/boxsacke\\\/schwenkhalterung-fur-boxsack-pride\\\/#breadcrumb\"},\"inLanguage\":\"de\",\"potentialAction\":[{\"@type\":\"ReadAction\",\"target\":[\"https:\\\/\\\/prideshop.eu\\\/de\\\/shop\\\/equipment-de\\\/trainingsgerate\\\/boxsacke\\\/schwenkhalterung-fur-boxsack-pride\\\/\"]}]},{\"@type\":\"ImageObject\",\"inLanguage\":\"de\",\"@id\":\"https:\\\/\\\/prideshop.eu\\\/de\\\/shop\\\/equipment-de\\\/trainingsgerate\\\/boxsacke\\\/schwenkhalterung-fur-boxsack-pride\\\/#primaryimage\",\"url\":\"https:\\\/\\\/prideshop.eu\\\/wp-content\\\/uploads\\\/2020\\\/12\\\/vrtljiv-nosilec-za-boks-vreco-pride-1283.jpeg\",\"contentUrl\":\"https:\\\/\\\/prideshop.eu\\\/wp-content\\\/uploads\\\/2020\\\/12\\\/vrtljiv-nosilec-za-boks-vreco-pride-1283.jpeg\",\"width\":600,\"height\":600,\"caption\":\"Schwenkhalterung f\u00fcr Boxsack Pride metallisch\"},{\"@type\":\"BreadcrumbList\",\"@id\":\"https:\\\/\\\/prideshop.eu\\\/de\\\/shop\\\/equipment-de\\\/trainingsgerate\\\/boxsacke\\\/schwenkhalterung-fur-boxsack-pride\\\/#breadcrumb\",\"itemListElement\":[{\"@type\":\"ListItem\",\"position\":1,\"name\":\"Home\",\"item\":\"https:\\\/\\\/prideshop.eu\\\/de\\\/\"},{\"@type\":\"ListItem\",\"position\":2,\"name\":\"Gesch\u00e4ft\",\"item\":\"https:\\\/\\\/prideshop.eu\\\/de\\\/geschaeft\\\/\"},{\"@type\":\"ListItem\",\"position\":3,\"name\":\"Drehbare Boxsackhalterung Pride \u2013 SpinMount\u00a08\"}]},{\"@type\":\"WebSite\",\"@id\":\"https:\\\/\\\/prideshop.eu\\\/de\\\/#website\",\"url\":\"https:\\\/\\\/prideshop.eu\\\/de\\\/\",\"name\":\"PRIDEshop\",\"description\":\"Oprema za Borilne \u0160porte\",\"publisher\":{\"@id\":\"https:\\\/\\\/prideshop.eu\\\/de\\\/#organization\"},\"potentialAction\":[{\"@type\":\"SearchAction\",\"target\":{\"@type\":\"EntryPoint\",\"urlTemplate\":\"https:\\\/\\\/prideshop.eu\\\/de\\\/?s={search_term_string}\"},\"query-input\":{\"@type\":\"PropertyValueSpecification\",\"valueRequired\":true,\"valueName\":\"search_term_string\"}}],\"inLanguage\":\"de\"},{\"@type\":\"Organization\",\"@id\":\"https:\\\/\\\/prideshop.eu\\\/de\\\/#organization\",\"name\":\"PRIDEshop\",\"url\":\"https:\\\/\\\/prideshop.eu\\\/de\\\/\",\"logo\":{\"@type\":\"ImageObject\",\"inLanguage\":\"de\",\"@id\":\"https:\\\/\\\/prideshop.eu\\\/de\\\/#\\\/schema\\\/logo\\\/image\\\/\",\"url\":\"\",\"contentUrl\":\"\",\"caption\":\"PRIDEshop\"},\"image\":{\"@id\":\"https:\\\/\\\/prideshop.eu\\\/de\\\/#\\\/schema\\\/logo\\\/image\\\/\"},\"sameAs\":[\"https:\\\/\\\/sl-si.facebook.com\\\/PrideShopeu\"]}]}<\/script>\n<!-- \/ Yoast SEO plugin. -->","yoast_head_json":{"title":"Drehbare Boxsackhalterung Pride \u2013 SpinMount\u00a08 - PRIDEshop","description":"Schwenkhalterung f\u00fcr Boxsack, Pride. Eine verrostete Metallwandhalterung f\u00fcr einen Sack. Leichtbauweise f\u00fcr eine Vielzahl von Anwendungen.","robots":{"index":"index","follow":"follow","max-snippet":"max-snippet:-1","max-image-preview":"max-image-preview:large","max-video-preview":"max-video-preview:-1"},"canonical":"https:\/\/prideshop.eu\/de\/shop\/equipment-de\/trainingsgerate\/boxsacke\/schwenkhalterung-fur-boxsack-pride\/","og_locale":"de_DE","og_type":"article","og_title":"Drehbare Boxsackhalterung Pride \u2013 SpinMount\u00a08 - PRIDEshop","og_description":"Schwenkhalterung f\u00fcr Boxsack, Pride. Eine verrostete Metallwandhalterung f\u00fcr einen Sack. Leichtbauweise f\u00fcr eine Vielzahl von Anwendungen.","og_url":"https:\/\/prideshop.eu\/de\/shop\/equipment-de\/trainingsgerate\/boxsacke\/schwenkhalterung-fur-boxsack-pride\/","og_site_name":"PRIDEshop","article_publisher":"https:\/\/sl-si.facebook.com\/PrideShopeu","article_modified_time":"2025-08-04T08:44:49+00:00","og_image":[{"width":600,"height":600,"url":"https:\/\/prideshop.eu\/wp-content\/uploads\/2020\/12\/vrtljiv-nosilec-za-boks-vreco-pride-1283.jpeg","type":"image\/jpeg"}],"twitter_card":"summary_large_image","schema":{"@context":"https:\/\/schema.org","@graph":[{"@type":"WebPage","@id":"https:\/\/prideshop.eu\/de\/shop\/equipment-de\/trainingsgerate\/boxsacke\/schwenkhalterung-fur-boxsack-pride\/","url":"https:\/\/prideshop.eu\/de\/shop\/equipment-de\/trainingsgerate\/boxsacke\/schwenkhalterung-fur-boxsack-pride\/","name":"Drehbare Boxsackhalterung Pride \u2013 SpinMount\u00a08 - PRIDEshop","isPartOf":{"@id":"https:\/\/prideshop.eu\/de\/#website"},"primaryImageOfPage":{"@id":"https:\/\/prideshop.eu\/de\/shop\/equipment-de\/trainingsgerate\/boxsacke\/schwenkhalterung-fur-boxsack-pride\/#primaryimage"},"image":{"@id":"https:\/\/prideshop.eu\/de\/shop\/equipment-de\/trainingsgerate\/boxsacke\/schwenkhalterung-fur-boxsack-pride\/#primaryimage"},"thumbnailUrl":"https:\/\/prideshop.eu\/wp-content\/uploads\/2020\/12\/vrtljiv-nosilec-za-boks-vreco-pride-1283.jpeg","datePublished":"2020-12-04T14:22:23+00:00","dateModified":"2025-08-04T08:44:49+00:00","description":"Schwenkhalterung f\u00fcr Boxsack, Pride. Eine verrostete Metallwandhalterung f\u00fcr einen Sack. Leichtbauweise f\u00fcr eine Vielzahl von Anwendungen.","breadcrumb":{"@id":"https:\/\/prideshop.eu\/de\/shop\/equipment-de\/trainingsgerate\/boxsacke\/schwenkhalterung-fur-boxsack-pride\/#breadcrumb"},"inLanguage":"de","potentialAction":[{"@type":"ReadAction","target":["https:\/\/prideshop.eu\/de\/shop\/equipment-de\/trainingsgerate\/boxsacke\/schwenkhalterung-fur-boxsack-pride\/"]}]},{"@type":"ImageObject","inLanguage":"de","@id":"https:\/\/prideshop.eu\/de\/shop\/equipment-de\/trainingsgerate\/boxsacke\/schwenkhalterung-fur-boxsack-pride\/#primaryimage","url":"https:\/\/prideshop.eu\/wp-content\/uploads\/2020\/12\/vrtljiv-nosilec-za-boks-vreco-pride-1283.jpeg","contentUrl":"https:\/\/prideshop.eu\/wp-content\/uploads\/2020\/12\/vrtljiv-nosilec-za-boks-vreco-pride-1283.jpeg","width":600,"height":600,"caption":"Schwenkhalterung f\u00fcr Boxsack Pride metallisch"},{"@type":"BreadcrumbList","@id":"https:\/\/prideshop.eu\/de\/shop\/equipment-de\/trainingsgerate\/boxsacke\/schwenkhalterung-fur-boxsack-pride\/#breadcrumb","itemListElement":[{"@type":"ListItem","position":1,"name":"Home","item":"https:\/\/prideshop.eu\/de\/"},{"@type":"ListItem","position":2,"name":"Gesch\u00e4ft","item":"https:\/\/prideshop.eu\/de\/geschaeft\/"},{"@type":"ListItem","position":3,"name":"Drehbare Boxsackhalterung Pride \u2013 SpinMount\u00a08"}]},{"@type":"WebSite","@id":"https:\/\/prideshop.eu\/de\/#website","url":"https:\/\/prideshop.eu\/de\/","name":"PRIDEshop","description":"Oprema za Borilne \u0160porte","publisher":{"@id":"https:\/\/prideshop.eu\/de\/#organization"},"potentialAction":[{"@type":"SearchAction","target":{"@type":"EntryPoint","urlTemplate":"https:\/\/prideshop.eu\/de\/?s={search_term_string}"},"query-input":{"@type":"PropertyValueSpecification","valueRequired":true,"valueName":"search_term_string"}}],"inLanguage":"de"},{"@type":"Organization","@id":"https:\/\/prideshop.eu\/de\/#organization","name":"PRIDEshop","url":"https:\/\/prideshop.eu\/de\/","logo":{"@type":"ImageObject","inLanguage":"de","@id":"https:\/\/prideshop.eu\/de\/#\/schema\/logo\/image\/","url":"","contentUrl":"","caption":"PRIDEshop"},"image":{"@id":"https:\/\/prideshop.eu\/de\/#\/schema\/logo\/image\/"},"sameAs":["https:\/\/sl-si.facebook.com\/PrideShopeu"]}]}},"_links":{"self":[{"href":"https:\/\/prideshop.eu\/de\/wp-json\/wp\/v2\/product\/9541","targetHints":{"allow":["GET"]}}],"collection":[{"href":"https:\/\/prideshop.eu\/de\/wp-json\/wp\/v2\/product"}],"about":[{"href":"https:\/\/prideshop.eu\/de\/wp-json\/wp\/v2\/types\/product"}],"replies":[{"embeddable":true,"href":"https:\/\/prideshop.eu\/de\/wp-json\/wp\/v2\/comments?post=9541"}],"wp:featuredmedia":[{"embeddable":true,"href":"https:\/\/prideshop.eu\/de\/wp-json\/wp\/v2\/media\/24999"}],"wp:attachment":[{"href":"https:\/\/prideshop.eu\/de\/wp-json\/wp\/v2\/media?parent=9541"}],"wp:term":[{"taxonomy":"product_brand","embeddable":true,"href":"https:\/\/prideshop.eu\/de\/wp-json\/wp\/v2\/product_brand?post=9541"},{"taxonomy":"product_cat","embeddable":true,"href":"https:\/\/prideshop.eu\/de\/wp-json\/wp\/v2\/product_cat?post=9541"},{"taxonomy":"product_tag","embeddable":true,"href":"https:\/\/prideshop.eu\/de\/wp-json\/wp\/v2\/product_tag?post=9541"}],"curies":[{"name":"wp","href":"https:\/\/api.w.org\/{rel}","templated":true}]}}