{"id":9734,"date":"2020-08-28T09:53:27","date_gmt":"2020-08-28T07:53:27","guid":{"rendered":"https:\/\/prideshop.eu\/spletna-trgovina\/unkategorisiert\/sporttasche-rucksack-3-in-1-pride\/"},"modified":"2025-08-04T10:47:40","modified_gmt":"2025-08-04T08:47:40","slug":"sporttasche-rucksack-3-in-1-pride","status":"publish","type":"product","link":"https:\/\/prideshop.eu\/de\/shop\/equipment-de\/sporttaschen\/sporttasche-rucksack-3-in-1-pride\/","title":{"rendered":"3\u2011in\u20111 Sporttasche mit Rucksackfunktion Pride \u2013 3v1"},"content":{"rendered":"<h3>3\u2011in\u20111 Sporttasche mit Rucksackfunktion Pride \u2013 3v1<\/h3>\n<p>Sporttasche \/ Rucksack, PridenF\u00fcr alle, die ein modernes Design und Funktionalit\u00e4t in einem auf Wettk\u00e4mpfen wollen.nSie k\u00f6nnen die Tasche \u00fcber die Schulter oder in der Hand tragen. Kompaktes Verschlie\u00dfen mit einem Rei\u00dfverschluss.nnIn zwei Gr\u00f6\u00dfen verf\u00fcgbarnnM (62x31x31 cm \/ 50 L)nL (72x34x34 cm \/ 65 L)<\/p>\n","protected":false},"excerpt":{"rendered":"<p>Sporttasche \/ Rucksack, PridenF\u00fcr alle, die ein modernes Design und Funktionalit\u00e4t in einem auf Wettk\u00e4mpfen wollen.nSie k\u00f6nnen die Tasche \u00fcber die Schulter oder in der Hand tragen. Kompaktes Verschlie\u00dfen mit einem Rei\u00dfverschluss.nnIn zwei Gr\u00f6\u00dfen verf\u00fcgbarnnM (62x31x31 cm \/ 50 L)nL (72x34x34 cm \/ 65 L)<\/p>\n","protected":false},"featured_media":24396,"comment_status":"open","ping_status":"closed","template":"","meta":{"_acf_changed":false},"product_brand":[2086],"product_cat":[580,654],"product_tag":[],"class_list":{"0":"post-9734","1":"product","2":"type-product","3":"status-publish","4":"has-post-thumbnail","6":"product_brand-pride","7":"product_cat-equipment-de","8":"product_cat-sporttaschen","10":"first","11":"outofstock","12":"taxable","13":"shipping-taxable","14":"product-type-variable"},"acf":[],"yoast_head":"<!-- This site is optimized with the Yoast SEO plugin v27.5 - https:\/\/yoast.com\/product\/yoast-seo-wordpress\/ -->\n<title>3\u2011in\u20111 Sporttasche mit Rucksackfunktion Pride \u2013 3v1 - PRIDEshop<\/title>\n<meta name=\"description\" content=\"Sporttasche \/ Rucksack, Pride. F\u00fcr alle, die ein modernes Design und Funktionalit\u00e4t in einem auf Wettk\u00e4mpfen wollen.\" \/>\n<meta name=\"robots\" content=\"index, follow, max-snippet:-1, max-image-preview:large, max-video-preview:-1\" \/>\n<link rel=\"canonical\" href=\"https:\/\/prideshop.eu\/de\/shop\/equipment-de\/sporttaschen\/sporttasche-rucksack-3-in-1-pride\/\" \/>\n<meta property=\"og:locale\" content=\"de_DE\" \/>\n<meta property=\"og:type\" content=\"article\" \/>\n<meta property=\"og:title\" content=\"3\u2011in\u20111 Sporttasche mit Rucksackfunktion Pride \u2013 3v1 - PRIDEshop\" \/>\n<meta property=\"og:description\" content=\"Sporttasche \/ Rucksack, Pride. F\u00fcr alle, die ein modernes Design und Funktionalit\u00e4t in einem auf Wettk\u00e4mpfen wollen.\" \/>\n<meta property=\"og:url\" content=\"https:\/\/prideshop.eu\/de\/shop\/equipment-de\/sporttaschen\/sporttasche-rucksack-3-in-1-pride\/\" \/>\n<meta property=\"og:site_name\" content=\"PRIDEshop\" \/>\n<meta property=\"article:publisher\" content=\"https:\/\/sl-si.facebook.com\/PrideShopeu\" \/>\n<meta property=\"article:modified_time\" content=\"2025-08-04T08:47:40+00:00\" \/>\n<meta property=\"og:image\" content=\"https:\/\/prideshop.eu\/wp-content\/uploads\/2020\/08\/sportna-torba-nahrbtnik-3-v-1-pride-2423.jpeg\" \/>\n\t<meta property=\"og:image:width\" content=\"600\" \/>\n\t<meta property=\"og:image:height\" content=\"600\" \/>\n\t<meta property=\"og:image:type\" content=\"image\/jpeg\" \/>\n<meta name=\"twitter:card\" content=\"summary_large_image\" \/>\n<script type=\"application\/ld+json\" class=\"yoast-schema-graph\">{\"@context\":\"https:\\\/\\\/schema.org\",\"@graph\":[{\"@type\":\"WebPage\",\"@id\":\"https:\\\/\\\/prideshop.eu\\\/de\\\/shop\\\/equipment-de\\\/sporttaschen\\\/sporttasche-rucksack-3-in-1-pride\\\/\",\"url\":\"https:\\\/\\\/prideshop.eu\\\/de\\\/shop\\\/equipment-de\\\/sporttaschen\\\/sporttasche-rucksack-3-in-1-pride\\\/\",\"name\":\"3\u2011in\u20111 Sporttasche mit Rucksackfunktion Pride \u2013 3v1 - PRIDEshop\",\"isPartOf\":{\"@id\":\"https:\\\/\\\/prideshop.eu\\\/de\\\/#website\"},\"primaryImageOfPage\":{\"@id\":\"https:\\\/\\\/prideshop.eu\\\/de\\\/shop\\\/equipment-de\\\/sporttaschen\\\/sporttasche-rucksack-3-in-1-pride\\\/#primaryimage\"},\"image\":{\"@id\":\"https:\\\/\\\/prideshop.eu\\\/de\\\/shop\\\/equipment-de\\\/sporttaschen\\\/sporttasche-rucksack-3-in-1-pride\\\/#primaryimage\"},\"thumbnailUrl\":\"https:\\\/\\\/prideshop.eu\\\/wp-content\\\/uploads\\\/2020\\\/08\\\/sportna-torba-nahrbtnik-3-v-1-pride-2423.jpeg\",\"datePublished\":\"2020-08-28T07:53:27+00:00\",\"dateModified\":\"2025-08-04T08:47:40+00:00\",\"description\":\"Sporttasche \\\/ Rucksack, Pride. F\u00fcr alle, die ein modernes Design und Funktionalit\u00e4t in einem auf Wettk\u00e4mpfen wollen.\",\"breadcrumb\":{\"@id\":\"https:\\\/\\\/prideshop.eu\\\/de\\\/shop\\\/equipment-de\\\/sporttaschen\\\/sporttasche-rucksack-3-in-1-pride\\\/#breadcrumb\"},\"inLanguage\":\"de\",\"potentialAction\":[{\"@type\":\"ReadAction\",\"target\":[\"https:\\\/\\\/prideshop.eu\\\/de\\\/shop\\\/equipment-de\\\/sporttaschen\\\/sporttasche-rucksack-3-in-1-pride\\\/\"]}]},{\"@type\":\"ImageObject\",\"inLanguage\":\"de\",\"@id\":\"https:\\\/\\\/prideshop.eu\\\/de\\\/shop\\\/equipment-de\\\/sporttaschen\\\/sporttasche-rucksack-3-in-1-pride\\\/#primaryimage\",\"url\":\"https:\\\/\\\/prideshop.eu\\\/wp-content\\\/uploads\\\/2020\\\/08\\\/sportna-torba-nahrbtnik-3-v-1-pride-2423.jpeg\",\"contentUrl\":\"https:\\\/\\\/prideshop.eu\\\/wp-content\\\/uploads\\\/2020\\\/08\\\/sportna-torba-nahrbtnik-3-v-1-pride-2423.jpeg\",\"width\":600,\"height\":600,\"caption\":\"Pride Sporttasche in Schwarz\"},{\"@type\":\"BreadcrumbList\",\"@id\":\"https:\\\/\\\/prideshop.eu\\\/de\\\/shop\\\/equipment-de\\\/sporttaschen\\\/sporttasche-rucksack-3-in-1-pride\\\/#breadcrumb\",\"itemListElement\":[{\"@type\":\"ListItem\",\"position\":1,\"name\":\"Home\",\"item\":\"https:\\\/\\\/prideshop.eu\\\/de\\\/\"},{\"@type\":\"ListItem\",\"position\":2,\"name\":\"Gesch\u00e4ft\",\"item\":\"https:\\\/\\\/prideshop.eu\\\/de\\\/geschaeft\\\/\"},{\"@type\":\"ListItem\",\"position\":3,\"name\":\"3\u2011in\u20111 Sporttasche mit Rucksackfunktion Pride \u2013 3v1\"}]},{\"@type\":\"WebSite\",\"@id\":\"https:\\\/\\\/prideshop.eu\\\/de\\\/#website\",\"url\":\"https:\\\/\\\/prideshop.eu\\\/de\\\/\",\"name\":\"PRIDEshop\",\"description\":\"Oprema za Borilne \u0160porte\",\"publisher\":{\"@id\":\"https:\\\/\\\/prideshop.eu\\\/de\\\/#organization\"},\"potentialAction\":[{\"@type\":\"SearchAction\",\"target\":{\"@type\":\"EntryPoint\",\"urlTemplate\":\"https:\\\/\\\/prideshop.eu\\\/de\\\/?s={search_term_string}\"},\"query-input\":{\"@type\":\"PropertyValueSpecification\",\"valueRequired\":true,\"valueName\":\"search_term_string\"}}],\"inLanguage\":\"de\"},{\"@type\":\"Organization\",\"@id\":\"https:\\\/\\\/prideshop.eu\\\/de\\\/#organization\",\"name\":\"PRIDEshop\",\"url\":\"https:\\\/\\\/prideshop.eu\\\/de\\\/\",\"logo\":{\"@type\":\"ImageObject\",\"inLanguage\":\"de\",\"@id\":\"https:\\\/\\\/prideshop.eu\\\/de\\\/#\\\/schema\\\/logo\\\/image\\\/\",\"url\":\"\",\"contentUrl\":\"\",\"caption\":\"PRIDEshop\"},\"image\":{\"@id\":\"https:\\\/\\\/prideshop.eu\\\/de\\\/#\\\/schema\\\/logo\\\/image\\\/\"},\"sameAs\":[\"https:\\\/\\\/sl-si.facebook.com\\\/PrideShopeu\"]}]}<\/script>\n<!-- \/ Yoast SEO plugin. -->","yoast_head_json":{"title":"3\u2011in\u20111 Sporttasche mit Rucksackfunktion Pride \u2013 3v1 - PRIDEshop","description":"Sporttasche \/ Rucksack, Pride. F\u00fcr alle, die ein modernes Design und Funktionalit\u00e4t in einem auf Wettk\u00e4mpfen wollen.","robots":{"index":"index","follow":"follow","max-snippet":"max-snippet:-1","max-image-preview":"max-image-preview:large","max-video-preview":"max-video-preview:-1"},"canonical":"https:\/\/prideshop.eu\/de\/shop\/equipment-de\/sporttaschen\/sporttasche-rucksack-3-in-1-pride\/","og_locale":"de_DE","og_type":"article","og_title":"3\u2011in\u20111 Sporttasche mit Rucksackfunktion Pride \u2013 3v1 - PRIDEshop","og_description":"Sporttasche \/ Rucksack, Pride. F\u00fcr alle, die ein modernes Design und Funktionalit\u00e4t in einem auf Wettk\u00e4mpfen wollen.","og_url":"https:\/\/prideshop.eu\/de\/shop\/equipment-de\/sporttaschen\/sporttasche-rucksack-3-in-1-pride\/","og_site_name":"PRIDEshop","article_publisher":"https:\/\/sl-si.facebook.com\/PrideShopeu","article_modified_time":"2025-08-04T08:47:40+00:00","og_image":[{"width":600,"height":600,"url":"https:\/\/prideshop.eu\/wp-content\/uploads\/2020\/08\/sportna-torba-nahrbtnik-3-v-1-pride-2423.jpeg","type":"image\/jpeg"}],"twitter_card":"summary_large_image","schema":{"@context":"https:\/\/schema.org","@graph":[{"@type":"WebPage","@id":"https:\/\/prideshop.eu\/de\/shop\/equipment-de\/sporttaschen\/sporttasche-rucksack-3-in-1-pride\/","url":"https:\/\/prideshop.eu\/de\/shop\/equipment-de\/sporttaschen\/sporttasche-rucksack-3-in-1-pride\/","name":"3\u2011in\u20111 Sporttasche mit Rucksackfunktion Pride \u2013 3v1 - PRIDEshop","isPartOf":{"@id":"https:\/\/prideshop.eu\/de\/#website"},"primaryImageOfPage":{"@id":"https:\/\/prideshop.eu\/de\/shop\/equipment-de\/sporttaschen\/sporttasche-rucksack-3-in-1-pride\/#primaryimage"},"image":{"@id":"https:\/\/prideshop.eu\/de\/shop\/equipment-de\/sporttaschen\/sporttasche-rucksack-3-in-1-pride\/#primaryimage"},"thumbnailUrl":"https:\/\/prideshop.eu\/wp-content\/uploads\/2020\/08\/sportna-torba-nahrbtnik-3-v-1-pride-2423.jpeg","datePublished":"2020-08-28T07:53:27+00:00","dateModified":"2025-08-04T08:47:40+00:00","description":"Sporttasche \/ Rucksack, Pride. F\u00fcr alle, die ein modernes Design und Funktionalit\u00e4t in einem auf Wettk\u00e4mpfen wollen.","breadcrumb":{"@id":"https:\/\/prideshop.eu\/de\/shop\/equipment-de\/sporttaschen\/sporttasche-rucksack-3-in-1-pride\/#breadcrumb"},"inLanguage":"de","potentialAction":[{"@type":"ReadAction","target":["https:\/\/prideshop.eu\/de\/shop\/equipment-de\/sporttaschen\/sporttasche-rucksack-3-in-1-pride\/"]}]},{"@type":"ImageObject","inLanguage":"de","@id":"https:\/\/prideshop.eu\/de\/shop\/equipment-de\/sporttaschen\/sporttasche-rucksack-3-in-1-pride\/#primaryimage","url":"https:\/\/prideshop.eu\/wp-content\/uploads\/2020\/08\/sportna-torba-nahrbtnik-3-v-1-pride-2423.jpeg","contentUrl":"https:\/\/prideshop.eu\/wp-content\/uploads\/2020\/08\/sportna-torba-nahrbtnik-3-v-1-pride-2423.jpeg","width":600,"height":600,"caption":"Pride Sporttasche in Schwarz"},{"@type":"BreadcrumbList","@id":"https:\/\/prideshop.eu\/de\/shop\/equipment-de\/sporttaschen\/sporttasche-rucksack-3-in-1-pride\/#breadcrumb","itemListElement":[{"@type":"ListItem","position":1,"name":"Home","item":"https:\/\/prideshop.eu\/de\/"},{"@type":"ListItem","position":2,"name":"Gesch\u00e4ft","item":"https:\/\/prideshop.eu\/de\/geschaeft\/"},{"@type":"ListItem","position":3,"name":"3\u2011in\u20111 Sporttasche mit Rucksackfunktion Pride \u2013 3v1"}]},{"@type":"WebSite","@id":"https:\/\/prideshop.eu\/de\/#website","url":"https:\/\/prideshop.eu\/de\/","name":"PRIDEshop","description":"Oprema za Borilne \u0160porte","publisher":{"@id":"https:\/\/prideshop.eu\/de\/#organization"},"potentialAction":[{"@type":"SearchAction","target":{"@type":"EntryPoint","urlTemplate":"https:\/\/prideshop.eu\/de\/?s={search_term_string}"},"query-input":{"@type":"PropertyValueSpecification","valueRequired":true,"valueName":"search_term_string"}}],"inLanguage":"de"},{"@type":"Organization","@id":"https:\/\/prideshop.eu\/de\/#organization","name":"PRIDEshop","url":"https:\/\/prideshop.eu\/de\/","logo":{"@type":"ImageObject","inLanguage":"de","@id":"https:\/\/prideshop.eu\/de\/#\/schema\/logo\/image\/","url":"","contentUrl":"","caption":"PRIDEshop"},"image":{"@id":"https:\/\/prideshop.eu\/de\/#\/schema\/logo\/image\/"},"sameAs":["https:\/\/sl-si.facebook.com\/PrideShopeu"]}]}},"_links":{"self":[{"href":"https:\/\/prideshop.eu\/de\/wp-json\/wp\/v2\/product\/9734","targetHints":{"allow":["GET"]}}],"collection":[{"href":"https:\/\/prideshop.eu\/de\/wp-json\/wp\/v2\/product"}],"about":[{"href":"https:\/\/prideshop.eu\/de\/wp-json\/wp\/v2\/types\/product"}],"replies":[{"embeddable":true,"href":"https:\/\/prideshop.eu\/de\/wp-json\/wp\/v2\/comments?post=9734"}],"wp:featuredmedia":[{"embeddable":true,"href":"https:\/\/prideshop.eu\/de\/wp-json\/wp\/v2\/media\/24396"}],"wp:attachment":[{"href":"https:\/\/prideshop.eu\/de\/wp-json\/wp\/v2\/media?parent=9734"}],"wp:term":[{"taxonomy":"product_brand","embeddable":true,"href":"https:\/\/prideshop.eu\/de\/wp-json\/wp\/v2\/product_brand?post=9734"},{"taxonomy":"product_cat","embeddable":true,"href":"https:\/\/prideshop.eu\/de\/wp-json\/wp\/v2\/product_cat?post=9734"},{"taxonomy":"product_tag","embeddable":true,"href":"https:\/\/prideshop.eu\/de\/wp-json\/wp\/v2\/product_tag?post=9734"}],"curies":[{"name":"wp","href":"https:\/\/api.w.org\/{rel}","templated":true}]}}