{"id":9781,"date":"2020-08-28T11:57:22","date_gmt":"2020-08-28T09:57:22","guid":{"rendered":"https:\/\/prideshop.eu\/spletna-trgovina\/unkategorisiert\/karategi-kata-kimono-pride\/"},"modified":"2026-01-12T21:05:00","modified_gmt":"2026-01-12T20:05:00","slug":"karateanzug-kata-gi-shinryu-pride","status":"publish","type":"product","link":"https:\/\/prideshop.eu\/de\/shop\/sportarten\/karate-ausruestung\/karateanzuge\/karateanzug-kata-gi-shinryu-pride\/","title":{"rendered":"Karateanzug Kata Pride \u2013 Shinryu"},"content":{"rendered":"<h3>Karateanzug Kata Pride \u2013 Shinryu<\/h3>\n<div>Karateanzug Kata\u2013gi Shinryu, Pride. Das neue Kata\u2013Gi KarateAnzug Modell der Marke Pride Shinryu ist eine Verbesserung gegen\u00fcber den vorherigen Kata\u2013Gi Karateanzug mit seinem speziellen Design und hochwertigen Material. Der Pride Karate Anzug f\u00fcr Katas Shinryu wurde mit Hilfe von weltbekannten Kata\u2013Meistern entworfen und \u00fcbertrifft alle fr\u00fcheren Modelle in Qualit\u00e4t. Der Kata Gi wurde von der World Karate Federation ausgezeichnet und f\u00fcr alle Welt\u2013 und Europameisterschaften zugelassen. &#8220;Shinryu&#8221; bedeutet auf Japanisch &#8220;g\u00f6ttlicher Drache&#8221;, und Drachen werden in der japanischen Kultur oft als m\u00e4chtige, blaue und sch\u00fctzende Kreaturen dargestellt. Dieser Name spiegelt die Anmut und St\u00e4rke wider, die f\u00fcr die Durchf\u00fchrung von Katas im Karate erforderlich sind, sowie den Respekt vor Tradition und Kampfk\u00fcnsten, der untrennbar mit dem Tragen eines Karateanzug verbunden ist.<\/div>\n<div><\/div>\n<div>Dicke: 12oz. 100% Baumwolle. Symbolisches Bild.<\/div>\n","protected":false},"excerpt":{"rendered":"<div>Karateanzug Kata\u2013gi Shinryu, Pride. Das neue Kata\u2013Gi KarateAnzug Modell der Marke Pride Shinryu ist eine Verbesserung gegen\u00fcber den vorherigen Kata\u2013Gi Karateanzug mit seinem speziellen Design und hochwertigen Material. Der Pride Karate Anzug f\u00fcr Katas Shinryu wurde mit Hilfe von weltbekannten Kata\u2013Meistern entworfen und \u00fcbertrifft alle fr\u00fcheren Modelle in Qualit\u00e4t.<\/div>\n","protected":false},"featured_media":42973,"comment_status":"open","ping_status":"closed","template":"","meta":{"_acf_changed":false},"product_brand":[2086],"product_cat":[606,600,580,710,1907,656],"product_tag":[],"class_list":{"0":"post-9781","1":"product","2":"type-product","3":"status-publish","4":"has-post-thumbnail","6":"product_brand-pride","7":"product_cat-anzuge-fur-kamfsportarten","8":"product_cat-bekleidung-und-schuhe","9":"product_cat-equipment-de","10":"product_cat-karate-ausruestung","11":"product_cat-karateanzuge","12":"product_cat-sportarten","14":"first","15":"instock","16":"taxable","17":"shipping-taxable","18":"purchasable","19":"product-type-variable"},"acf":[],"yoast_head":"<!-- This site is optimized with the Yoast SEO plugin v27.5 - https:\/\/yoast.com\/product\/yoast-seo-wordpress\/ -->\n<title>Karateanzug Kata Pride \u2013 Shinryu - PRIDEshop<\/title>\n<meta name=\"description\" content=\"Karateanzug Kata-gi Shinryu, Pride. Das neue Kata-Gi KarateAnzug Modell der Marke Pride Shinryu ist eine Verbesserung gegen\u00fcber den vorherigen Kata-Gi Karateanzug mit seinem speziellen Design und hochwertigen Material.\" \/>\n<meta name=\"robots\" content=\"index, follow, max-snippet:-1, max-image-preview:large, max-video-preview:-1\" \/>\n<link rel=\"canonical\" href=\"https:\/\/prideshop.eu\/de\/shop\/sportarten\/karate-ausruestung\/karateanzuge\/karateanzug-kata-gi-shinryu-pride\/\" \/>\n<meta property=\"og:locale\" content=\"de_DE\" \/>\n<meta property=\"og:type\" content=\"article\" \/>\n<meta property=\"og:title\" content=\"Karateanzug Kata Pride \u2013 Shinryu - PRIDEshop\" \/>\n<meta property=\"og:description\" content=\"Karateanzug Kata-gi Shinryu, Pride. Das neue Kata-Gi KarateAnzug Modell der Marke Pride Shinryu ist eine Verbesserung gegen\u00fcber den vorherigen Kata-Gi Karateanzug mit seinem speziellen Design und hochwertigen Material.\" \/>\n<meta property=\"og:url\" content=\"https:\/\/prideshop.eu\/de\/shop\/sportarten\/karate-ausruestung\/karateanzuge\/karateanzug-kata-gi-shinryu-pride\/\" \/>\n<meta property=\"og:site_name\" content=\"PRIDEshop\" \/>\n<meta property=\"article:publisher\" content=\"https:\/\/sl-si.facebook.com\/PrideShopeu\" \/>\n<meta property=\"article:modified_time\" content=\"2026-01-12T20:05:00+00:00\" \/>\n<meta property=\"og:image\" content=\"https:\/\/prideshop.eu\/wp-content\/uploads\/2020\/08\/karate-kata-kimono-shinryu-pride-2505.jpg\" \/>\n\t<meta property=\"og:image:width\" content=\"600\" \/>\n\t<meta property=\"og:image:height\" content=\"600\" \/>\n\t<meta property=\"og:image:type\" content=\"image\/jpeg\" \/>\n<meta name=\"twitter:card\" content=\"summary_large_image\" \/>\n<meta name=\"twitter:label1\" content=\"Gesch\u00e4tzte Lesezeit\" \/>\n\t<meta name=\"twitter:data1\" content=\"1\u00a0Minute\" \/>\n<script type=\"application\/ld+json\" class=\"yoast-schema-graph\">{\"@context\":\"https:\\\/\\\/schema.org\",\"@graph\":[{\"@type\":\"WebPage\",\"@id\":\"https:\\\/\\\/prideshop.eu\\\/de\\\/shop\\\/sportarten\\\/karate-ausruestung\\\/karateanzuge\\\/karateanzug-kata-gi-shinryu-pride\\\/\",\"url\":\"https:\\\/\\\/prideshop.eu\\\/de\\\/shop\\\/sportarten\\\/karate-ausruestung\\\/karateanzuge\\\/karateanzug-kata-gi-shinryu-pride\\\/\",\"name\":\"Karateanzug Kata Pride \u2013 Shinryu - PRIDEshop\",\"isPartOf\":{\"@id\":\"https:\\\/\\\/prideshop.eu\\\/de\\\/#website\"},\"primaryImageOfPage\":{\"@id\":\"https:\\\/\\\/prideshop.eu\\\/de\\\/shop\\\/sportarten\\\/karate-ausruestung\\\/karateanzuge\\\/karateanzug-kata-gi-shinryu-pride\\\/#primaryimage\"},\"image\":{\"@id\":\"https:\\\/\\\/prideshop.eu\\\/de\\\/shop\\\/sportarten\\\/karate-ausruestung\\\/karateanzuge\\\/karateanzug-kata-gi-shinryu-pride\\\/#primaryimage\"},\"thumbnailUrl\":\"https:\\\/\\\/prideshop.eu\\\/wp-content\\\/uploads\\\/2020\\\/08\\\/karate-kata-kimono-shinryu-pride-2505.jpg\",\"datePublished\":\"2020-08-28T09:57:22+00:00\",\"dateModified\":\"2026-01-12T20:05:00+00:00\",\"description\":\"Karateanzug Kata-gi Shinryu, Pride. Das neue Kata-Gi KarateAnzug Modell der Marke Pride Shinryu ist eine Verbesserung gegen\u00fcber den vorherigen Kata-Gi Karateanzug mit seinem speziellen Design und hochwertigen Material.\",\"breadcrumb\":{\"@id\":\"https:\\\/\\\/prideshop.eu\\\/de\\\/shop\\\/sportarten\\\/karate-ausruestung\\\/karateanzuge\\\/karateanzug-kata-gi-shinryu-pride\\\/#breadcrumb\"},\"inLanguage\":\"de\",\"potentialAction\":[{\"@type\":\"ReadAction\",\"target\":[\"https:\\\/\\\/prideshop.eu\\\/de\\\/shop\\\/sportarten\\\/karate-ausruestung\\\/karateanzuge\\\/karateanzug-kata-gi-shinryu-pride\\\/\"]}]},{\"@type\":\"ImageObject\",\"inLanguage\":\"de\",\"@id\":\"https:\\\/\\\/prideshop.eu\\\/de\\\/shop\\\/sportarten\\\/karate-ausruestung\\\/karateanzuge\\\/karateanzug-kata-gi-shinryu-pride\\\/#primaryimage\",\"url\":\"https:\\\/\\\/prideshop.eu\\\/wp-content\\\/uploads\\\/2020\\\/08\\\/karate-kata-kimono-shinryu-pride-2505.jpg\",\"contentUrl\":\"https:\\\/\\\/prideshop.eu\\\/wp-content\\\/uploads\\\/2020\\\/08\\\/karate-kata-kimono-shinryu-pride-2505.jpg\",\"width\":600,\"height\":600,\"caption\":\"karateanzug-kata-gi-shinryu-pride\"},{\"@type\":\"BreadcrumbList\",\"@id\":\"https:\\\/\\\/prideshop.eu\\\/de\\\/shop\\\/sportarten\\\/karate-ausruestung\\\/karateanzuge\\\/karateanzug-kata-gi-shinryu-pride\\\/#breadcrumb\",\"itemListElement\":[{\"@type\":\"ListItem\",\"position\":1,\"name\":\"Home\",\"item\":\"https:\\\/\\\/prideshop.eu\\\/de\\\/\"},{\"@type\":\"ListItem\",\"position\":2,\"name\":\"Gesch\u00e4ft\",\"item\":\"https:\\\/\\\/prideshop.eu\\\/de\\\/geschaeft\\\/\"},{\"@type\":\"ListItem\",\"position\":3,\"name\":\"Karateanzug Kata Pride \u2013 Shinryu\"}]},{\"@type\":\"WebSite\",\"@id\":\"https:\\\/\\\/prideshop.eu\\\/de\\\/#website\",\"url\":\"https:\\\/\\\/prideshop.eu\\\/de\\\/\",\"name\":\"PRIDEshop\",\"description\":\"Oprema za Borilne \u0160porte\",\"publisher\":{\"@id\":\"https:\\\/\\\/prideshop.eu\\\/de\\\/#organization\"},\"potentialAction\":[{\"@type\":\"SearchAction\",\"target\":{\"@type\":\"EntryPoint\",\"urlTemplate\":\"https:\\\/\\\/prideshop.eu\\\/de\\\/?s={search_term_string}\"},\"query-input\":{\"@type\":\"PropertyValueSpecification\",\"valueRequired\":true,\"valueName\":\"search_term_string\"}}],\"inLanguage\":\"de\"},{\"@type\":\"Organization\",\"@id\":\"https:\\\/\\\/prideshop.eu\\\/de\\\/#organization\",\"name\":\"PRIDEshop\",\"url\":\"https:\\\/\\\/prideshop.eu\\\/de\\\/\",\"logo\":{\"@type\":\"ImageObject\",\"inLanguage\":\"de\",\"@id\":\"https:\\\/\\\/prideshop.eu\\\/de\\\/#\\\/schema\\\/logo\\\/image\\\/\",\"url\":\"\",\"contentUrl\":\"\",\"caption\":\"PRIDEshop\"},\"image\":{\"@id\":\"https:\\\/\\\/prideshop.eu\\\/de\\\/#\\\/schema\\\/logo\\\/image\\\/\"},\"sameAs\":[\"https:\\\/\\\/sl-si.facebook.com\\\/PrideShopeu\"]}]}<\/script>\n<!-- \/ Yoast SEO plugin. -->","yoast_head_json":{"title":"Karateanzug Kata Pride \u2013 Shinryu - PRIDEshop","description":"Karateanzug Kata-gi Shinryu, Pride. Das neue Kata-Gi KarateAnzug Modell der Marke Pride Shinryu ist eine Verbesserung gegen\u00fcber den vorherigen Kata-Gi Karateanzug mit seinem speziellen Design und hochwertigen Material.","robots":{"index":"index","follow":"follow","max-snippet":"max-snippet:-1","max-image-preview":"max-image-preview:large","max-video-preview":"max-video-preview:-1"},"canonical":"https:\/\/prideshop.eu\/de\/shop\/sportarten\/karate-ausruestung\/karateanzuge\/karateanzug-kata-gi-shinryu-pride\/","og_locale":"de_DE","og_type":"article","og_title":"Karateanzug Kata Pride \u2013 Shinryu - PRIDEshop","og_description":"Karateanzug Kata-gi Shinryu, Pride. Das neue Kata-Gi KarateAnzug Modell der Marke Pride Shinryu ist eine Verbesserung gegen\u00fcber den vorherigen Kata-Gi Karateanzug mit seinem speziellen Design und hochwertigen Material.","og_url":"https:\/\/prideshop.eu\/de\/shop\/sportarten\/karate-ausruestung\/karateanzuge\/karateanzug-kata-gi-shinryu-pride\/","og_site_name":"PRIDEshop","article_publisher":"https:\/\/sl-si.facebook.com\/PrideShopeu","article_modified_time":"2026-01-12T20:05:00+00:00","og_image":[{"width":600,"height":600,"url":"https:\/\/prideshop.eu\/wp-content\/uploads\/2020\/08\/karate-kata-kimono-shinryu-pride-2505.jpg","type":"image\/jpeg"}],"twitter_card":"summary_large_image","twitter_misc":{"Gesch\u00e4tzte Lesezeit":"1\u00a0Minute"},"schema":{"@context":"https:\/\/schema.org","@graph":[{"@type":"WebPage","@id":"https:\/\/prideshop.eu\/de\/shop\/sportarten\/karate-ausruestung\/karateanzuge\/karateanzug-kata-gi-shinryu-pride\/","url":"https:\/\/prideshop.eu\/de\/shop\/sportarten\/karate-ausruestung\/karateanzuge\/karateanzug-kata-gi-shinryu-pride\/","name":"Karateanzug Kata Pride \u2013 Shinryu - PRIDEshop","isPartOf":{"@id":"https:\/\/prideshop.eu\/de\/#website"},"primaryImageOfPage":{"@id":"https:\/\/prideshop.eu\/de\/shop\/sportarten\/karate-ausruestung\/karateanzuge\/karateanzug-kata-gi-shinryu-pride\/#primaryimage"},"image":{"@id":"https:\/\/prideshop.eu\/de\/shop\/sportarten\/karate-ausruestung\/karateanzuge\/karateanzug-kata-gi-shinryu-pride\/#primaryimage"},"thumbnailUrl":"https:\/\/prideshop.eu\/wp-content\/uploads\/2020\/08\/karate-kata-kimono-shinryu-pride-2505.jpg","datePublished":"2020-08-28T09:57:22+00:00","dateModified":"2026-01-12T20:05:00+00:00","description":"Karateanzug Kata-gi Shinryu, Pride. Das neue Kata-Gi KarateAnzug Modell der Marke Pride Shinryu ist eine Verbesserung gegen\u00fcber den vorherigen Kata-Gi Karateanzug mit seinem speziellen Design und hochwertigen Material.","breadcrumb":{"@id":"https:\/\/prideshop.eu\/de\/shop\/sportarten\/karate-ausruestung\/karateanzuge\/karateanzug-kata-gi-shinryu-pride\/#breadcrumb"},"inLanguage":"de","potentialAction":[{"@type":"ReadAction","target":["https:\/\/prideshop.eu\/de\/shop\/sportarten\/karate-ausruestung\/karateanzuge\/karateanzug-kata-gi-shinryu-pride\/"]}]},{"@type":"ImageObject","inLanguage":"de","@id":"https:\/\/prideshop.eu\/de\/shop\/sportarten\/karate-ausruestung\/karateanzuge\/karateanzug-kata-gi-shinryu-pride\/#primaryimage","url":"https:\/\/prideshop.eu\/wp-content\/uploads\/2020\/08\/karate-kata-kimono-shinryu-pride-2505.jpg","contentUrl":"https:\/\/prideshop.eu\/wp-content\/uploads\/2020\/08\/karate-kata-kimono-shinryu-pride-2505.jpg","width":600,"height":600,"caption":"karateanzug-kata-gi-shinryu-pride"},{"@type":"BreadcrumbList","@id":"https:\/\/prideshop.eu\/de\/shop\/sportarten\/karate-ausruestung\/karateanzuge\/karateanzug-kata-gi-shinryu-pride\/#breadcrumb","itemListElement":[{"@type":"ListItem","position":1,"name":"Home","item":"https:\/\/prideshop.eu\/de\/"},{"@type":"ListItem","position":2,"name":"Gesch\u00e4ft","item":"https:\/\/prideshop.eu\/de\/geschaeft\/"},{"@type":"ListItem","position":3,"name":"Karateanzug Kata Pride \u2013 Shinryu"}]},{"@type":"WebSite","@id":"https:\/\/prideshop.eu\/de\/#website","url":"https:\/\/prideshop.eu\/de\/","name":"PRIDEshop","description":"Oprema za Borilne \u0160porte","publisher":{"@id":"https:\/\/prideshop.eu\/de\/#organization"},"potentialAction":[{"@type":"SearchAction","target":{"@type":"EntryPoint","urlTemplate":"https:\/\/prideshop.eu\/de\/?s={search_term_string}"},"query-input":{"@type":"PropertyValueSpecification","valueRequired":true,"valueName":"search_term_string"}}],"inLanguage":"de"},{"@type":"Organization","@id":"https:\/\/prideshop.eu\/de\/#organization","name":"PRIDEshop","url":"https:\/\/prideshop.eu\/de\/","logo":{"@type":"ImageObject","inLanguage":"de","@id":"https:\/\/prideshop.eu\/de\/#\/schema\/logo\/image\/","url":"","contentUrl":"","caption":"PRIDEshop"},"image":{"@id":"https:\/\/prideshop.eu\/de\/#\/schema\/logo\/image\/"},"sameAs":["https:\/\/sl-si.facebook.com\/PrideShopeu"]}]}},"_links":{"self":[{"href":"https:\/\/prideshop.eu\/de\/wp-json\/wp\/v2\/product\/9781","targetHints":{"allow":["GET"]}}],"collection":[{"href":"https:\/\/prideshop.eu\/de\/wp-json\/wp\/v2\/product"}],"about":[{"href":"https:\/\/prideshop.eu\/de\/wp-json\/wp\/v2\/types\/product"}],"replies":[{"embeddable":true,"href":"https:\/\/prideshop.eu\/de\/wp-json\/wp\/v2\/comments?post=9781"}],"wp:featuredmedia":[{"embeddable":true,"href":"https:\/\/prideshop.eu\/de\/wp-json\/wp\/v2\/media\/42973"}],"wp:attachment":[{"href":"https:\/\/prideshop.eu\/de\/wp-json\/wp\/v2\/media?parent=9781"}],"wp:term":[{"taxonomy":"product_brand","embeddable":true,"href":"https:\/\/prideshop.eu\/de\/wp-json\/wp\/v2\/product_brand?post=9781"},{"taxonomy":"product_cat","embeddable":true,"href":"https:\/\/prideshop.eu\/de\/wp-json\/wp\/v2\/product_cat?post=9781"},{"taxonomy":"product_tag","embeddable":true,"href":"https:\/\/prideshop.eu\/de\/wp-json\/wp\/v2\/product_tag?post=9781"}],"curies":[{"name":"wp","href":"https:\/\/api.w.org\/{rel}","templated":true}]}}