{"id":9819,"date":"2020-08-28T15:09:15","date_gmt":"2020-08-28T13:09:15","guid":{"rendered":"https:\/\/prideshop.eu\/spletna-trgovina\/unkategorisiert\/judogi-kimono-650g-pride\/"},"modified":"2025-08-04T10:47:54","modified_gmt":"2025-08-04T08:47:54","slug":"judoanzug-650g-weis-platinum-pride","status":"publish","type":"product","link":"https:\/\/prideshop.eu\/de\/shop\/sportarten\/judo-de\/judo-anzuge-judogi-und-kleidung\/judoanzug-650g-weis-platinum-pride\/","title":{"rendered":"Judoanzug 650\u202fg wei\u00df Pride \u2013 Platinum"},"content":{"rendered":"<h3>Judoanzug 650\u202fg wei\u00df Pride \u2013 Platinum<\/h3>\n<p>Judoanzug 650g Wei\u00df Platinum, Pride. Das meist gesuchte Pride Modell des Judogi\u00a0 im letzten Jahr.nGeeignet f\u00fcr Kinder und Anf\u00e4nger im Judo die noch auf dem Weg zum besten Resultaten sind. Auch f\u00fcr Praktikanten von Aikido und Jiu Jitsu geeignet.nAus fester Baumwolle (650\/m2) gemacht. Im Set sind eine Hose mit Band in der Taille und eine Jacke.<\/p>\n","protected":false},"excerpt":{"rendered":"<p>Judoanzug 650g Wei\u00df Platinum, Pride. Das meist gesuchte Pride Modell des Judogi\u00a0 im letzten Jahr.nGeeignet f\u00fcr Kinder und Anf\u00e4nger im Judo die noch auf dem Weg zum besten Resultaten sind. Auch f\u00fcr Praktikanten von Aikido und Jiu Jitsu geeignet.nAus fester Baumwolle (650\/m2) gemacht. Im Set sind eine Hose mit Band in der Taille und eine Jacke.<\/p>\n","protected":false},"featured_media":24336,"comment_status":"open","ping_status":"closed","template":"","meta":{"_acf_changed":false},"product_brand":[2086],"product_cat":[658,660,606,600,580,690,694,700,704,656],"product_tag":[],"class_list":{"0":"post-9819","1":"product","2":"type-product","3":"status-publish","4":"has-post-thumbnail","6":"product_brand-pride","7":"product_cat-aikido-de","8":"product_cat-aikido-anzuge-und-kleidung","9":"product_cat-anzuge-fur-kamfsportarten","10":"product_cat-bekleidung-und-schuhe","11":"product_cat-equipment-de","12":"product_cat-ju-jitsu-de","13":"product_cat-ju-jutsu-anzuge-und-kleidung","14":"product_cat-judo-de","15":"product_cat-judo-anzuge-judogi-und-kleidung","16":"product_cat-sportarten","18":"first","19":"instock","20":"taxable","21":"shipping-taxable","22":"purchasable","23":"product-type-variable"},"acf":[],"yoast_head":"<!-- This site is optimized with the Yoast SEO plugin v27.5 - https:\/\/yoast.com\/product\/yoast-seo-wordpress\/ -->\n<title>Judoanzug 650\u202fg wei\u00df Pride \u2013 Platinum - PRIDEshop<\/title>\n<meta name=\"description\" content=\"Judoanzug 650g Wei\u00df Platinum, Pride. Das meist gesuchte Pride Modell des Judogi\u00a0 im letzten Jahr. Geeignet f\u00fcr Kinder und Anf\u00e4nger im Judo die noch auf dem Weg zum besten Resultaten sind. Auch f\u00fcr Praktikanten von Aikido und Jiu Jitsu geeignet. Aus fester Baumwolle (650\/m2) gemacht. Im Set sind eine Hose mit Band in der Taille und eine Jacke.\" \/>\n<meta name=\"robots\" content=\"index, follow, max-snippet:-1, max-image-preview:large, max-video-preview:-1\" \/>\n<link rel=\"canonical\" href=\"https:\/\/prideshop.eu\/de\/shop\/sportarten\/judo-de\/judo-anzuge-judogi-und-kleidung\/judoanzug-650g-weis-platinum-pride\/\" \/>\n<meta property=\"og:locale\" content=\"de_DE\" \/>\n<meta property=\"og:type\" content=\"article\" \/>\n<meta property=\"og:title\" content=\"Judoanzug 650\u202fg wei\u00df Pride \u2013 Platinum - PRIDEshop\" \/>\n<meta property=\"og:description\" content=\"Judoanzug 650g Wei\u00df Platinum, Pride. Das meist gesuchte Pride Modell des Judogi\u00a0 im letzten Jahr. Geeignet f\u00fcr Kinder und Anf\u00e4nger im Judo die noch auf dem Weg zum besten Resultaten sind. Auch f\u00fcr Praktikanten von Aikido und Jiu Jitsu geeignet. Aus fester Baumwolle (650\/m2) gemacht. Im Set sind eine Hose mit Band in der Taille und eine Jacke.\" \/>\n<meta property=\"og:url\" content=\"https:\/\/prideshop.eu\/de\/shop\/sportarten\/judo-de\/judo-anzuge-judogi-und-kleidung\/judoanzug-650g-weis-platinum-pride\/\" \/>\n<meta property=\"og:site_name\" content=\"PRIDEshop\" \/>\n<meta property=\"article:publisher\" content=\"https:\/\/sl-si.facebook.com\/PrideShopeu\" \/>\n<meta property=\"article:modified_time\" content=\"2025-08-04T08:47:54+00:00\" \/>\n<meta property=\"og:image\" content=\"https:\/\/prideshop.eu\/wp-content\/uploads\/2020\/08\/judo-kimono-650g-pride-w-2542.jpg\" \/>\n\t<meta property=\"og:image:width\" content=\"600\" \/>\n\t<meta property=\"og:image:height\" content=\"600\" \/>\n\t<meta property=\"og:image:type\" content=\"image\/jpeg\" \/>\n<meta name=\"twitter:card\" content=\"summary_large_image\" \/>\n<script type=\"application\/ld+json\" class=\"yoast-schema-graph\">{\"@context\":\"https:\\\/\\\/schema.org\",\"@graph\":[{\"@type\":\"WebPage\",\"@id\":\"https:\\\/\\\/prideshop.eu\\\/de\\\/shop\\\/sportarten\\\/judo-de\\\/judo-anzuge-judogi-und-kleidung\\\/judoanzug-650g-weis-platinum-pride\\\/\",\"url\":\"https:\\\/\\\/prideshop.eu\\\/de\\\/shop\\\/sportarten\\\/judo-de\\\/judo-anzuge-judogi-und-kleidung\\\/judoanzug-650g-weis-platinum-pride\\\/\",\"name\":\"Judoanzug 650\u202fg wei\u00df Pride \u2013 Platinum - PRIDEshop\",\"isPartOf\":{\"@id\":\"https:\\\/\\\/prideshop.eu\\\/de\\\/#website\"},\"primaryImageOfPage\":{\"@id\":\"https:\\\/\\\/prideshop.eu\\\/de\\\/shop\\\/sportarten\\\/judo-de\\\/judo-anzuge-judogi-und-kleidung\\\/judoanzug-650g-weis-platinum-pride\\\/#primaryimage\"},\"image\":{\"@id\":\"https:\\\/\\\/prideshop.eu\\\/de\\\/shop\\\/sportarten\\\/judo-de\\\/judo-anzuge-judogi-und-kleidung\\\/judoanzug-650g-weis-platinum-pride\\\/#primaryimage\"},\"thumbnailUrl\":\"https:\\\/\\\/prideshop.eu\\\/wp-content\\\/uploads\\\/2020\\\/08\\\/judo-kimono-650g-pride-w-2542.jpg\",\"datePublished\":\"2020-08-28T13:09:15+00:00\",\"dateModified\":\"2025-08-04T08:47:54+00:00\",\"description\":\"Judoanzug 650g Wei\u00df Platinum, Pride. Das meist gesuchte Pride Modell des Judogi\u00a0 im letzten Jahr. Geeignet f\u00fcr Kinder und Anf\u00e4nger im Judo die noch auf dem Weg zum besten Resultaten sind. Auch f\u00fcr Praktikanten von Aikido und Jiu Jitsu geeignet. Aus fester Baumwolle (650\\\/m2) gemacht. Im Set sind eine Hose mit Band in der Taille und eine Jacke.\",\"breadcrumb\":{\"@id\":\"https:\\\/\\\/prideshop.eu\\\/de\\\/shop\\\/sportarten\\\/judo-de\\\/judo-anzuge-judogi-und-kleidung\\\/judoanzug-650g-weis-platinum-pride\\\/#breadcrumb\"},\"inLanguage\":\"de\",\"potentialAction\":[{\"@type\":\"ReadAction\",\"target\":[\"https:\\\/\\\/prideshop.eu\\\/de\\\/shop\\\/sportarten\\\/judo-de\\\/judo-anzuge-judogi-und-kleidung\\\/judoanzug-650g-weis-platinum-pride\\\/\"]}]},{\"@type\":\"ImageObject\",\"inLanguage\":\"de\",\"@id\":\"https:\\\/\\\/prideshop.eu\\\/de\\\/shop\\\/sportarten\\\/judo-de\\\/judo-anzuge-judogi-und-kleidung\\\/judoanzug-650g-weis-platinum-pride\\\/#primaryimage\",\"url\":\"https:\\\/\\\/prideshop.eu\\\/wp-content\\\/uploads\\\/2020\\\/08\\\/judo-kimono-650g-pride-w-2542.jpg\",\"contentUrl\":\"https:\\\/\\\/prideshop.eu\\\/wp-content\\\/uploads\\\/2020\\\/08\\\/judo-kimono-650g-pride-w-2542.jpg\",\"width\":600,\"height\":600,\"caption\":\"Judoanzug 650g Wei\u00df Platinum | Pride\"},{\"@type\":\"BreadcrumbList\",\"@id\":\"https:\\\/\\\/prideshop.eu\\\/de\\\/shop\\\/sportarten\\\/judo-de\\\/judo-anzuge-judogi-und-kleidung\\\/judoanzug-650g-weis-platinum-pride\\\/#breadcrumb\",\"itemListElement\":[{\"@type\":\"ListItem\",\"position\":1,\"name\":\"Home\",\"item\":\"https:\\\/\\\/prideshop.eu\\\/de\\\/\"},{\"@type\":\"ListItem\",\"position\":2,\"name\":\"Gesch\u00e4ft\",\"item\":\"https:\\\/\\\/prideshop.eu\\\/de\\\/geschaeft\\\/\"},{\"@type\":\"ListItem\",\"position\":3,\"name\":\"Judoanzug 650\u202fg wei\u00df Pride \u2013 Platinum\"}]},{\"@type\":\"WebSite\",\"@id\":\"https:\\\/\\\/prideshop.eu\\\/de\\\/#website\",\"url\":\"https:\\\/\\\/prideshop.eu\\\/de\\\/\",\"name\":\"PRIDEshop\",\"description\":\"Oprema za Borilne \u0160porte\",\"publisher\":{\"@id\":\"https:\\\/\\\/prideshop.eu\\\/de\\\/#organization\"},\"potentialAction\":[{\"@type\":\"SearchAction\",\"target\":{\"@type\":\"EntryPoint\",\"urlTemplate\":\"https:\\\/\\\/prideshop.eu\\\/de\\\/?s={search_term_string}\"},\"query-input\":{\"@type\":\"PropertyValueSpecification\",\"valueRequired\":true,\"valueName\":\"search_term_string\"}}],\"inLanguage\":\"de\"},{\"@type\":\"Organization\",\"@id\":\"https:\\\/\\\/prideshop.eu\\\/de\\\/#organization\",\"name\":\"PRIDEshop\",\"url\":\"https:\\\/\\\/prideshop.eu\\\/de\\\/\",\"logo\":{\"@type\":\"ImageObject\",\"inLanguage\":\"de\",\"@id\":\"https:\\\/\\\/prideshop.eu\\\/de\\\/#\\\/schema\\\/logo\\\/image\\\/\",\"url\":\"\",\"contentUrl\":\"\",\"caption\":\"PRIDEshop\"},\"image\":{\"@id\":\"https:\\\/\\\/prideshop.eu\\\/de\\\/#\\\/schema\\\/logo\\\/image\\\/\"},\"sameAs\":[\"https:\\\/\\\/sl-si.facebook.com\\\/PrideShopeu\"]}]}<\/script>\n<!-- \/ Yoast SEO plugin. -->","yoast_head_json":{"title":"Judoanzug 650\u202fg wei\u00df Pride \u2013 Platinum - PRIDEshop","description":"Judoanzug 650g Wei\u00df Platinum, Pride. Das meist gesuchte Pride Modell des Judogi\u00a0 im letzten Jahr. Geeignet f\u00fcr Kinder und Anf\u00e4nger im Judo die noch auf dem Weg zum besten Resultaten sind. Auch f\u00fcr Praktikanten von Aikido und Jiu Jitsu geeignet. Aus fester Baumwolle (650\/m2) gemacht. Im Set sind eine Hose mit Band in der Taille und eine Jacke.","robots":{"index":"index","follow":"follow","max-snippet":"max-snippet:-1","max-image-preview":"max-image-preview:large","max-video-preview":"max-video-preview:-1"},"canonical":"https:\/\/prideshop.eu\/de\/shop\/sportarten\/judo-de\/judo-anzuge-judogi-und-kleidung\/judoanzug-650g-weis-platinum-pride\/","og_locale":"de_DE","og_type":"article","og_title":"Judoanzug 650\u202fg wei\u00df Pride \u2013 Platinum - PRIDEshop","og_description":"Judoanzug 650g Wei\u00df Platinum, Pride. Das meist gesuchte Pride Modell des Judogi\u00a0 im letzten Jahr. Geeignet f\u00fcr Kinder und Anf\u00e4nger im Judo die noch auf dem Weg zum besten Resultaten sind. Auch f\u00fcr Praktikanten von Aikido und Jiu Jitsu geeignet. Aus fester Baumwolle (650\/m2) gemacht. Im Set sind eine Hose mit Band in der Taille und eine Jacke.","og_url":"https:\/\/prideshop.eu\/de\/shop\/sportarten\/judo-de\/judo-anzuge-judogi-und-kleidung\/judoanzug-650g-weis-platinum-pride\/","og_site_name":"PRIDEshop","article_publisher":"https:\/\/sl-si.facebook.com\/PrideShopeu","article_modified_time":"2025-08-04T08:47:54+00:00","og_image":[{"width":600,"height":600,"url":"https:\/\/prideshop.eu\/wp-content\/uploads\/2020\/08\/judo-kimono-650g-pride-w-2542.jpg","type":"image\/jpeg"}],"twitter_card":"summary_large_image","schema":{"@context":"https:\/\/schema.org","@graph":[{"@type":"WebPage","@id":"https:\/\/prideshop.eu\/de\/shop\/sportarten\/judo-de\/judo-anzuge-judogi-und-kleidung\/judoanzug-650g-weis-platinum-pride\/","url":"https:\/\/prideshop.eu\/de\/shop\/sportarten\/judo-de\/judo-anzuge-judogi-und-kleidung\/judoanzug-650g-weis-platinum-pride\/","name":"Judoanzug 650\u202fg wei\u00df Pride \u2013 Platinum - PRIDEshop","isPartOf":{"@id":"https:\/\/prideshop.eu\/de\/#website"},"primaryImageOfPage":{"@id":"https:\/\/prideshop.eu\/de\/shop\/sportarten\/judo-de\/judo-anzuge-judogi-und-kleidung\/judoanzug-650g-weis-platinum-pride\/#primaryimage"},"image":{"@id":"https:\/\/prideshop.eu\/de\/shop\/sportarten\/judo-de\/judo-anzuge-judogi-und-kleidung\/judoanzug-650g-weis-platinum-pride\/#primaryimage"},"thumbnailUrl":"https:\/\/prideshop.eu\/wp-content\/uploads\/2020\/08\/judo-kimono-650g-pride-w-2542.jpg","datePublished":"2020-08-28T13:09:15+00:00","dateModified":"2025-08-04T08:47:54+00:00","description":"Judoanzug 650g Wei\u00df Platinum, Pride. Das meist gesuchte Pride Modell des Judogi\u00a0 im letzten Jahr. Geeignet f\u00fcr Kinder und Anf\u00e4nger im Judo die noch auf dem Weg zum besten Resultaten sind. Auch f\u00fcr Praktikanten von Aikido und Jiu Jitsu geeignet. Aus fester Baumwolle (650\/m2) gemacht. Im Set sind eine Hose mit Band in der Taille und eine Jacke.","breadcrumb":{"@id":"https:\/\/prideshop.eu\/de\/shop\/sportarten\/judo-de\/judo-anzuge-judogi-und-kleidung\/judoanzug-650g-weis-platinum-pride\/#breadcrumb"},"inLanguage":"de","potentialAction":[{"@type":"ReadAction","target":["https:\/\/prideshop.eu\/de\/shop\/sportarten\/judo-de\/judo-anzuge-judogi-und-kleidung\/judoanzug-650g-weis-platinum-pride\/"]}]},{"@type":"ImageObject","inLanguage":"de","@id":"https:\/\/prideshop.eu\/de\/shop\/sportarten\/judo-de\/judo-anzuge-judogi-und-kleidung\/judoanzug-650g-weis-platinum-pride\/#primaryimage","url":"https:\/\/prideshop.eu\/wp-content\/uploads\/2020\/08\/judo-kimono-650g-pride-w-2542.jpg","contentUrl":"https:\/\/prideshop.eu\/wp-content\/uploads\/2020\/08\/judo-kimono-650g-pride-w-2542.jpg","width":600,"height":600,"caption":"Judoanzug 650g Wei\u00df Platinum | Pride"},{"@type":"BreadcrumbList","@id":"https:\/\/prideshop.eu\/de\/shop\/sportarten\/judo-de\/judo-anzuge-judogi-und-kleidung\/judoanzug-650g-weis-platinum-pride\/#breadcrumb","itemListElement":[{"@type":"ListItem","position":1,"name":"Home","item":"https:\/\/prideshop.eu\/de\/"},{"@type":"ListItem","position":2,"name":"Gesch\u00e4ft","item":"https:\/\/prideshop.eu\/de\/geschaeft\/"},{"@type":"ListItem","position":3,"name":"Judoanzug 650\u202fg wei\u00df Pride \u2013 Platinum"}]},{"@type":"WebSite","@id":"https:\/\/prideshop.eu\/de\/#website","url":"https:\/\/prideshop.eu\/de\/","name":"PRIDEshop","description":"Oprema za Borilne \u0160porte","publisher":{"@id":"https:\/\/prideshop.eu\/de\/#organization"},"potentialAction":[{"@type":"SearchAction","target":{"@type":"EntryPoint","urlTemplate":"https:\/\/prideshop.eu\/de\/?s={search_term_string}"},"query-input":{"@type":"PropertyValueSpecification","valueRequired":true,"valueName":"search_term_string"}}],"inLanguage":"de"},{"@type":"Organization","@id":"https:\/\/prideshop.eu\/de\/#organization","name":"PRIDEshop","url":"https:\/\/prideshop.eu\/de\/","logo":{"@type":"ImageObject","inLanguage":"de","@id":"https:\/\/prideshop.eu\/de\/#\/schema\/logo\/image\/","url":"","contentUrl":"","caption":"PRIDEshop"},"image":{"@id":"https:\/\/prideshop.eu\/de\/#\/schema\/logo\/image\/"},"sameAs":["https:\/\/sl-si.facebook.com\/PrideShopeu"]}]}},"_links":{"self":[{"href":"https:\/\/prideshop.eu\/de\/wp-json\/wp\/v2\/product\/9819","targetHints":{"allow":["GET"]}}],"collection":[{"href":"https:\/\/prideshop.eu\/de\/wp-json\/wp\/v2\/product"}],"about":[{"href":"https:\/\/prideshop.eu\/de\/wp-json\/wp\/v2\/types\/product"}],"replies":[{"embeddable":true,"href":"https:\/\/prideshop.eu\/de\/wp-json\/wp\/v2\/comments?post=9819"}],"wp:featuredmedia":[{"embeddable":true,"href":"https:\/\/prideshop.eu\/de\/wp-json\/wp\/v2\/media\/24336"}],"wp:attachment":[{"href":"https:\/\/prideshop.eu\/de\/wp-json\/wp\/v2\/media?parent=9819"}],"wp:term":[{"taxonomy":"product_brand","embeddable":true,"href":"https:\/\/prideshop.eu\/de\/wp-json\/wp\/v2\/product_brand?post=9819"},{"taxonomy":"product_cat","embeddable":true,"href":"https:\/\/prideshop.eu\/de\/wp-json\/wp\/v2\/product_cat?post=9819"},{"taxonomy":"product_tag","embeddable":true,"href":"https:\/\/prideshop.eu\/de\/wp-json\/wp\/v2\/product_tag?post=9819"}],"curies":[{"name":"wp","href":"https:\/\/api.w.org\/{rel}","templated":true}]}}