{"id":9971,"date":"2020-11-06T15:37:49","date_gmt":"2020-11-06T14:37:49","guid":{"rendered":"https:\/\/prideshop.eu\/spletna-trgovina\/unkategorisiert\/ersatzschlauch-fur-boxbirne-pride\/"},"modified":"2025-08-04T10:48:09","modified_gmt":"2025-08-04T08:48:09","slug":"ersatzschlauch-fur-boxbirne-pride","status":"publish","type":"product","link":"https:\/\/prideshop.eu\/de\/shop\/equipment-de\/trainingsgerate\/boxbirne-und-doppelendballe\/ersatzschlauch-fur-boxbirne-pride\/","title":{"rendered":"Ersatzblase f\u00fcr Boxbirne Pride \u2013 AirCore"},"content":{"rendered":"<h3>Ersatzblase f\u00fcr Boxbirne Pride \u2013 AirCore<\/h3>\n<p>Ersatzschlauch f\u00fcr Boxbirne, Pride Ist Ihre schnelle Boxbirne durchgestochen? Wir haben eine L\u00f6sung f\u00fcr Sie. Das Ersatzrohr f\u00fcr die Boxbirne passt auf alle Gr\u00f6\u00dfen der schnellen Boxbirnen. Den Gummi Innen einfach ersetzen.<\/p>\n","protected":false},"excerpt":{"rendered":"<p>Ersatzschlauch f\u00fcr Boxbirne, Pride Ist Ihre schnelle Boxbirne durchgestochen? Wir haben eine L\u00f6sung f\u00fcr Sie. Das Ersatzrohr f\u00fcr die Boxbirne passt auf alle Gr\u00f6\u00dfen der schnellen Boxbirnen. Den Gummi Innen einfach ersetzen.<\/p>\n","protected":false},"featured_media":33191,"comment_status":"open","ping_status":"closed","template":"","meta":{"_acf_changed":false},"product_brand":[2086],"product_cat":[618,580,588,616,582],"product_tag":[],"class_list":{"0":"post-9971","1":"product","2":"type-product","3":"status-publish","4":"has-post-thumbnail","6":"product_brand-pride","7":"product_cat-boxbirne-und-doppelendballe","8":"product_cat-equipment-de","9":"product_cat-sonstiges","10":"product_cat-trainingsgerate","11":"product_cat-zusatzlische-angebote","13":"first","14":"outofstock","15":"taxable","16":"shipping-taxable","17":"purchasable","18":"product-type-simple"},"acf":[],"yoast_head":"<!-- This site is optimized with the Yoast SEO plugin v27.4 - https:\/\/yoast.com\/product\/yoast-seo-wordpress\/ -->\n<title>Ersatzblase f\u00fcr Boxbirne Pride \u2013 AirCore - PRIDEshop<\/title>\n<meta name=\"description\" content=\"Ersatzschlauch f\u00fcr Boxbirne, Pride. Das Ersatzrohr f\u00fcr die Boxbirne passt auf alle Gr\u00f6\u00dfen der schnellen Boxbirnen. Den Gummi Innen einfach ersetzen.\" \/>\n<meta name=\"robots\" content=\"index, follow, max-snippet:-1, max-image-preview:large, max-video-preview:-1\" \/>\n<link rel=\"canonical\" href=\"https:\/\/prideshop.eu\/de\/shop\/equipment-de\/trainingsgerate\/boxbirne-und-doppelendballe\/ersatzschlauch-fur-boxbirne-pride\/\" \/>\n<meta property=\"og:locale\" content=\"de_DE\" \/>\n<meta property=\"og:type\" content=\"article\" \/>\n<meta property=\"og:title\" content=\"Ersatzblase f\u00fcr Boxbirne Pride \u2013 AirCore - PRIDEshop\" \/>\n<meta property=\"og:description\" content=\"Ersatzschlauch f\u00fcr Boxbirne, Pride. Das Ersatzrohr f\u00fcr die Boxbirne passt auf alle Gr\u00f6\u00dfen der schnellen Boxbirnen. Den Gummi Innen einfach ersetzen.\" \/>\n<meta property=\"og:url\" content=\"https:\/\/prideshop.eu\/de\/shop\/equipment-de\/trainingsgerate\/boxbirne-und-doppelendballe\/ersatzschlauch-fur-boxbirne-pride\/\" \/>\n<meta property=\"og:site_name\" content=\"PRIDEshop\" \/>\n<meta property=\"article:publisher\" content=\"https:\/\/sl-si.facebook.com\/PrideShopeu\" \/>\n<meta property=\"article:modified_time\" content=\"2025-08-04T08:48:09+00:00\" \/>\n<meta property=\"og:image\" content=\"https:\/\/prideshop.eu\/wp-content\/uploads\/2020\/11\/nadomestna-zracnica-za-boks-hrusko-pride-3018.jpeg\" \/>\n\t<meta property=\"og:image:width\" content=\"600\" \/>\n\t<meta property=\"og:image:height\" content=\"600\" \/>\n\t<meta property=\"og:image:type\" content=\"image\/jpeg\" \/>\n<meta name=\"twitter:card\" content=\"summary_large_image\" \/>\n<script type=\"application\/ld+json\" class=\"yoast-schema-graph\">{\"@context\":\"https:\\\/\\\/schema.org\",\"@graph\":[{\"@type\":\"WebPage\",\"@id\":\"https:\\\/\\\/prideshop.eu\\\/de\\\/shop\\\/equipment-de\\\/trainingsgerate\\\/boxbirne-und-doppelendballe\\\/ersatzschlauch-fur-boxbirne-pride\\\/\",\"url\":\"https:\\\/\\\/prideshop.eu\\\/de\\\/shop\\\/equipment-de\\\/trainingsgerate\\\/boxbirne-und-doppelendballe\\\/ersatzschlauch-fur-boxbirne-pride\\\/\",\"name\":\"Ersatzblase f\u00fcr Boxbirne Pride \u2013 AirCore - PRIDEshop\",\"isPartOf\":{\"@id\":\"https:\\\/\\\/prideshop.eu\\\/de\\\/#website\"},\"primaryImageOfPage\":{\"@id\":\"https:\\\/\\\/prideshop.eu\\\/de\\\/shop\\\/equipment-de\\\/trainingsgerate\\\/boxbirne-und-doppelendballe\\\/ersatzschlauch-fur-boxbirne-pride\\\/#primaryimage\"},\"image\":{\"@id\":\"https:\\\/\\\/prideshop.eu\\\/de\\\/shop\\\/equipment-de\\\/trainingsgerate\\\/boxbirne-und-doppelendballe\\\/ersatzschlauch-fur-boxbirne-pride\\\/#primaryimage\"},\"thumbnailUrl\":\"https:\\\/\\\/prideshop.eu\\\/wp-content\\\/uploads\\\/2020\\\/11\\\/nadomestna-zracnica-za-boks-hrusko-pride-3018.jpeg\",\"datePublished\":\"2020-11-06T14:37:49+00:00\",\"dateModified\":\"2025-08-04T08:48:09+00:00\",\"description\":\"Ersatzschlauch f\u00fcr Boxbirne, Pride. Das Ersatzrohr f\u00fcr die Boxbirne passt auf alle Gr\u00f6\u00dfen der schnellen Boxbirnen. Den Gummi Innen einfach ersetzen.\",\"breadcrumb\":{\"@id\":\"https:\\\/\\\/prideshop.eu\\\/de\\\/shop\\\/equipment-de\\\/trainingsgerate\\\/boxbirne-und-doppelendballe\\\/ersatzschlauch-fur-boxbirne-pride\\\/#breadcrumb\"},\"inLanguage\":\"de\",\"potentialAction\":[{\"@type\":\"ReadAction\",\"target\":[\"https:\\\/\\\/prideshop.eu\\\/de\\\/shop\\\/equipment-de\\\/trainingsgerate\\\/boxbirne-und-doppelendballe\\\/ersatzschlauch-fur-boxbirne-pride\\\/\"]}]},{\"@type\":\"ImageObject\",\"inLanguage\":\"de\",\"@id\":\"https:\\\/\\\/prideshop.eu\\\/de\\\/shop\\\/equipment-de\\\/trainingsgerate\\\/boxbirne-und-doppelendballe\\\/ersatzschlauch-fur-boxbirne-pride\\\/#primaryimage\",\"url\":\"https:\\\/\\\/prideshop.eu\\\/wp-content\\\/uploads\\\/2020\\\/11\\\/nadomestna-zracnica-za-boks-hrusko-pride-3018.jpeg\",\"contentUrl\":\"https:\\\/\\\/prideshop.eu\\\/wp-content\\\/uploads\\\/2020\\\/11\\\/nadomestna-zracnica-za-boks-hrusko-pride-3018.jpeg\",\"width\":600,\"height\":600,\"caption\":\"Ersatzschlauch f\u00fcr Boxbirne Pride\"},{\"@type\":\"BreadcrumbList\",\"@id\":\"https:\\\/\\\/prideshop.eu\\\/de\\\/shop\\\/equipment-de\\\/trainingsgerate\\\/boxbirne-und-doppelendballe\\\/ersatzschlauch-fur-boxbirne-pride\\\/#breadcrumb\",\"itemListElement\":[{\"@type\":\"ListItem\",\"position\":1,\"name\":\"Home\",\"item\":\"https:\\\/\\\/prideshop.eu\\\/de\\\/\"},{\"@type\":\"ListItem\",\"position\":2,\"name\":\"Gesch\u00e4ft\",\"item\":\"https:\\\/\\\/prideshop.eu\\\/de\\\/geschaeft\\\/\"},{\"@type\":\"ListItem\",\"position\":3,\"name\":\"Ersatzblase f\u00fcr Boxbirne Pride \u2013 AirCore\"}]},{\"@type\":\"WebSite\",\"@id\":\"https:\\\/\\\/prideshop.eu\\\/de\\\/#website\",\"url\":\"https:\\\/\\\/prideshop.eu\\\/de\\\/\",\"name\":\"PRIDEshop\",\"description\":\"Oprema za Borilne \u0160porte\",\"publisher\":{\"@id\":\"https:\\\/\\\/prideshop.eu\\\/de\\\/#organization\"},\"potentialAction\":[{\"@type\":\"SearchAction\",\"target\":{\"@type\":\"EntryPoint\",\"urlTemplate\":\"https:\\\/\\\/prideshop.eu\\\/de\\\/?s={search_term_string}\"},\"query-input\":{\"@type\":\"PropertyValueSpecification\",\"valueRequired\":true,\"valueName\":\"search_term_string\"}}],\"inLanguage\":\"de\"},{\"@type\":\"Organization\",\"@id\":\"https:\\\/\\\/prideshop.eu\\\/de\\\/#organization\",\"name\":\"PRIDEshop\",\"url\":\"https:\\\/\\\/prideshop.eu\\\/de\\\/\",\"logo\":{\"@type\":\"ImageObject\",\"inLanguage\":\"de\",\"@id\":\"https:\\\/\\\/prideshop.eu\\\/de\\\/#\\\/schema\\\/logo\\\/image\\\/\",\"url\":\"\",\"contentUrl\":\"\",\"caption\":\"PRIDEshop\"},\"image\":{\"@id\":\"https:\\\/\\\/prideshop.eu\\\/de\\\/#\\\/schema\\\/logo\\\/image\\\/\"},\"sameAs\":[\"https:\\\/\\\/sl-si.facebook.com\\\/PrideShopeu\"]}]}<\/script>\n<!-- \/ Yoast SEO plugin. -->","yoast_head_json":{"title":"Ersatzblase f\u00fcr Boxbirne Pride \u2013 AirCore - PRIDEshop","description":"Ersatzschlauch f\u00fcr Boxbirne, Pride. Das Ersatzrohr f\u00fcr die Boxbirne passt auf alle Gr\u00f6\u00dfen der schnellen Boxbirnen. Den Gummi Innen einfach ersetzen.","robots":{"index":"index","follow":"follow","max-snippet":"max-snippet:-1","max-image-preview":"max-image-preview:large","max-video-preview":"max-video-preview:-1"},"canonical":"https:\/\/prideshop.eu\/de\/shop\/equipment-de\/trainingsgerate\/boxbirne-und-doppelendballe\/ersatzschlauch-fur-boxbirne-pride\/","og_locale":"de_DE","og_type":"article","og_title":"Ersatzblase f\u00fcr Boxbirne Pride \u2013 AirCore - PRIDEshop","og_description":"Ersatzschlauch f\u00fcr Boxbirne, Pride. Das Ersatzrohr f\u00fcr die Boxbirne passt auf alle Gr\u00f6\u00dfen der schnellen Boxbirnen. Den Gummi Innen einfach ersetzen.","og_url":"https:\/\/prideshop.eu\/de\/shop\/equipment-de\/trainingsgerate\/boxbirne-und-doppelendballe\/ersatzschlauch-fur-boxbirne-pride\/","og_site_name":"PRIDEshop","article_publisher":"https:\/\/sl-si.facebook.com\/PrideShopeu","article_modified_time":"2025-08-04T08:48:09+00:00","og_image":[{"width":600,"height":600,"url":"https:\/\/prideshop.eu\/wp-content\/uploads\/2020\/11\/nadomestna-zracnica-za-boks-hrusko-pride-3018.jpeg","type":"image\/jpeg"}],"twitter_card":"summary_large_image","schema":{"@context":"https:\/\/schema.org","@graph":[{"@type":"WebPage","@id":"https:\/\/prideshop.eu\/de\/shop\/equipment-de\/trainingsgerate\/boxbirne-und-doppelendballe\/ersatzschlauch-fur-boxbirne-pride\/","url":"https:\/\/prideshop.eu\/de\/shop\/equipment-de\/trainingsgerate\/boxbirne-und-doppelendballe\/ersatzschlauch-fur-boxbirne-pride\/","name":"Ersatzblase f\u00fcr Boxbirne Pride \u2013 AirCore - PRIDEshop","isPartOf":{"@id":"https:\/\/prideshop.eu\/de\/#website"},"primaryImageOfPage":{"@id":"https:\/\/prideshop.eu\/de\/shop\/equipment-de\/trainingsgerate\/boxbirne-und-doppelendballe\/ersatzschlauch-fur-boxbirne-pride\/#primaryimage"},"image":{"@id":"https:\/\/prideshop.eu\/de\/shop\/equipment-de\/trainingsgerate\/boxbirne-und-doppelendballe\/ersatzschlauch-fur-boxbirne-pride\/#primaryimage"},"thumbnailUrl":"https:\/\/prideshop.eu\/wp-content\/uploads\/2020\/11\/nadomestna-zracnica-za-boks-hrusko-pride-3018.jpeg","datePublished":"2020-11-06T14:37:49+00:00","dateModified":"2025-08-04T08:48:09+00:00","description":"Ersatzschlauch f\u00fcr Boxbirne, Pride. Das Ersatzrohr f\u00fcr die Boxbirne passt auf alle Gr\u00f6\u00dfen der schnellen Boxbirnen. Den Gummi Innen einfach ersetzen.","breadcrumb":{"@id":"https:\/\/prideshop.eu\/de\/shop\/equipment-de\/trainingsgerate\/boxbirne-und-doppelendballe\/ersatzschlauch-fur-boxbirne-pride\/#breadcrumb"},"inLanguage":"de","potentialAction":[{"@type":"ReadAction","target":["https:\/\/prideshop.eu\/de\/shop\/equipment-de\/trainingsgerate\/boxbirne-und-doppelendballe\/ersatzschlauch-fur-boxbirne-pride\/"]}]},{"@type":"ImageObject","inLanguage":"de","@id":"https:\/\/prideshop.eu\/de\/shop\/equipment-de\/trainingsgerate\/boxbirne-und-doppelendballe\/ersatzschlauch-fur-boxbirne-pride\/#primaryimage","url":"https:\/\/prideshop.eu\/wp-content\/uploads\/2020\/11\/nadomestna-zracnica-za-boks-hrusko-pride-3018.jpeg","contentUrl":"https:\/\/prideshop.eu\/wp-content\/uploads\/2020\/11\/nadomestna-zracnica-za-boks-hrusko-pride-3018.jpeg","width":600,"height":600,"caption":"Ersatzschlauch f\u00fcr Boxbirne Pride"},{"@type":"BreadcrumbList","@id":"https:\/\/prideshop.eu\/de\/shop\/equipment-de\/trainingsgerate\/boxbirne-und-doppelendballe\/ersatzschlauch-fur-boxbirne-pride\/#breadcrumb","itemListElement":[{"@type":"ListItem","position":1,"name":"Home","item":"https:\/\/prideshop.eu\/de\/"},{"@type":"ListItem","position":2,"name":"Gesch\u00e4ft","item":"https:\/\/prideshop.eu\/de\/geschaeft\/"},{"@type":"ListItem","position":3,"name":"Ersatzblase f\u00fcr Boxbirne Pride \u2013 AirCore"}]},{"@type":"WebSite","@id":"https:\/\/prideshop.eu\/de\/#website","url":"https:\/\/prideshop.eu\/de\/","name":"PRIDEshop","description":"Oprema za Borilne \u0160porte","publisher":{"@id":"https:\/\/prideshop.eu\/de\/#organization"},"potentialAction":[{"@type":"SearchAction","target":{"@type":"EntryPoint","urlTemplate":"https:\/\/prideshop.eu\/de\/?s={search_term_string}"},"query-input":{"@type":"PropertyValueSpecification","valueRequired":true,"valueName":"search_term_string"}}],"inLanguage":"de"},{"@type":"Organization","@id":"https:\/\/prideshop.eu\/de\/#organization","name":"PRIDEshop","url":"https:\/\/prideshop.eu\/de\/","logo":{"@type":"ImageObject","inLanguage":"de","@id":"https:\/\/prideshop.eu\/de\/#\/schema\/logo\/image\/","url":"","contentUrl":"","caption":"PRIDEshop"},"image":{"@id":"https:\/\/prideshop.eu\/de\/#\/schema\/logo\/image\/"},"sameAs":["https:\/\/sl-si.facebook.com\/PrideShopeu"]}]}},"_links":{"self":[{"href":"https:\/\/prideshop.eu\/de\/wp-json\/wp\/v2\/product\/9971","targetHints":{"allow":["GET"]}}],"collection":[{"href":"https:\/\/prideshop.eu\/de\/wp-json\/wp\/v2\/product"}],"about":[{"href":"https:\/\/prideshop.eu\/de\/wp-json\/wp\/v2\/types\/product"}],"replies":[{"embeddable":true,"href":"https:\/\/prideshop.eu\/de\/wp-json\/wp\/v2\/comments?post=9971"}],"wp:featuredmedia":[{"embeddable":true,"href":"https:\/\/prideshop.eu\/de\/wp-json\/wp\/v2\/media\/33191"}],"wp:attachment":[{"href":"https:\/\/prideshop.eu\/de\/wp-json\/wp\/v2\/media?parent=9971"}],"wp:term":[{"taxonomy":"product_brand","embeddable":true,"href":"https:\/\/prideshop.eu\/de\/wp-json\/wp\/v2\/product_brand?post=9971"},{"taxonomy":"product_cat","embeddable":true,"href":"https:\/\/prideshop.eu\/de\/wp-json\/wp\/v2\/product_cat?post=9971"},{"taxonomy":"product_tag","embeddable":true,"href":"https:\/\/prideshop.eu\/de\/wp-json\/wp\/v2\/product_tag?post=9971"}],"curies":[{"name":"wp","href":"https:\/\/api.w.org\/{rel}","templated":true}]}}