{"id":34456,"date":"2022-05-18T08:02:52","date_gmt":"2022-05-18T06:02:52","guid":{"rendered":"https:\/\/prideshop.eu\/about-the-company-3\/"},"modified":"2022-07-07T12:43:06","modified_gmt":"2022-07-07T10:43:06","slug":"about-the-company","status":"publish","type":"page","link":"https:\/\/prideshop.eu\/en\/about-the-company\/","title":{"rendered":"About the company"},"content":{"rendered":"<div class=\"row\"  id=\"row-1436324695\">\n\n\t<div id=\"col-1498736682\" class=\"col small-12 large-12\"  >\n\t\t\t\t<div class=\"col-inner\"  >\n\t\t\t\n\t\t\t\n<h1 class=\"podstran\">ABOUT THE COMPANY<\/h1>\n\t\t<\/div>\n\t\t\t\t\t<\/div>\n\n\t\n<\/div>\n<div class=\"row\"  id=\"row-22245257\">\n\n\t<div id=\"col-1557277875\" class=\"col medium-6 small-12 large-6\"  >\n\t\t\t\t<div class=\"col-inner\"  >\n\t\t\t\n\t\t\t\n<p><strong>Dear combat sports and martial arts enthusiasts. We are proud to present our online store where you will find a vast selection of high quality and affordable martial arts equipment to fit your needs, be it the biggest martial arts competitions and trainings or simply recreation and leisure.<\/strong><\/p>\n<p>&nbsp;<\/p>\n<p>The wide range of different products speaks for the quality and satisfaction of our loyal customers and friends, who include many world champions in various martial arts. We have been supplying our products since 1997. We offer martial arts equipment by the following brands:<\/p>\n<figure class=\"wp-block-table\">\n<table class=\"table-brands-list\" style=\"border: none!important;\">\n<tbody>\n<tr>\n<td style=\"width: 50%!important; padding-top: 0!important; padding-bottom: 0!important; background-color: white!important; color: #031430!important; border: none!important;\">\n<ul class=\"podstrani-ul\">\n<li><strong>Adidas<\/strong><\/li>\n<li><strong>Arawaza<\/strong><\/li>\n<li><strong>DAX<\/strong><\/li>\n<li><strong>Everlast<\/strong><\/li>\n<li><strong>Namman Muay<\/strong><\/li>\n<li><strong>Pride<\/strong><\/li>\n<\/ul>\n<\/td>\n<td style=\"width: 50%!important; padding-top: 0!important; padding-bottom: 0!important; background-color: white!important; color: #031430!important; border: none!important;\">\n<ul class=\"podstrani-ul\">\n<li><strong>Prideshop<\/strong><\/li>\n<li><strong>Tajd Team<\/strong><\/li>\n<li><strong>Tokaido<\/strong><\/li>\n<li><strong>UFC<\/strong><\/li>\n<li><strong>Venum<\/strong><\/li>\n<li><strong>WKF<\/strong><\/li>\n<\/ul>\n<\/td>\n<\/tr>\n<\/tbody>\n<\/table>\n<\/figure>\n\t\t<\/div>\n\t\t\t\t\t<\/div>\n\n\t\n\n\t<div id=\"col-108784347\" class=\"col medium-6 small-12 large-6\"  >\n\t\t\t\t<div class=\"col-inner\"  >\n\t\t\t\n\t\t\t\n\t<div class=\"img has-hover x md-x lg-x y md-y lg-y\" id=\"image_497509035\">\n\t\t\t\t\t\t\t\t<div class=\"img-inner dark\" >\n\t\t\t\t\t\t\t\t\t\n\t\t\t\t\t<\/div>\n\t\t\t\t\t\t\t\t\n<style>\n#image_497509035 {\n  width: 100%;\n}\n<\/style>\n\t<\/div>\n\t\n\t\t<\/div>\n\t\t\t\t\t<\/div>\n\n\t\n<\/div>\n\t<div id=\"gap-40145131\" class=\"gap-element clearfix\" style=\"display:block; height:auto;\">\n\t\t\n<style>\n#gap-40145131 {\n  padding-top: 30px;\n}\n<\/style>\n\t<\/div>\n\t\n<div class=\"row\"  id=\"row-1048815374\">\n\n\t<div id=\"col-1495683757\" class=\"col medium-6 small-12 large-6\"  >\n\t\t\t\t<div class=\"col-inner\"  >\n\t\t\t\n\t\t\t\n\t<div class=\"img has-hover x md-x lg-x y md-y lg-y\" id=\"image_75156990\">\n\t\t\t\t\t\t\t\t<div class=\"img-inner dark\" >\n\t\t\t<img decoding=\"async\" width=\"600\" height=\"600\" src=\"https:\/\/prideshop.eu\/wp-content\/uploads\/2020\/10\/profesionalna-celada-za-sparing-z-zascito-japonski-stil-pride-pp51.jpeg\" class=\"attachment-large size-large\" alt=\"Profesionalna \u010delada za sparing s popolno za\u0161\u010dito japonski stil\" srcset=\"https:\/\/prideshop.eu\/wp-content\/uploads\/2020\/10\/profesionalna-celada-za-sparing-z-zascito-japonski-stil-pride-pp51.jpeg 600w, https:\/\/prideshop.eu\/wp-content\/uploads\/2020\/10\/profesionalna-celada-za-sparing-z-zascito-japonski-stil-pride-pp51-247x247.jpeg 247w, https:\/\/prideshop.eu\/wp-content\/uploads\/2020\/10\/profesionalna-celada-za-sparing-z-zascito-japonski-stil-pride-pp51-100x100.jpeg 100w, https:\/\/prideshop.eu\/wp-content\/uploads\/2020\/10\/profesionalna-celada-za-sparing-z-zascito-japonski-stil-pride-pp51-510x510.jpeg 510w, https:\/\/prideshop.eu\/wp-content\/uploads\/2020\/10\/profesionalna-celada-za-sparing-z-zascito-japonski-stil-pride-pp51-500x500.jpeg 500w\" sizes=\"(max-width: 600px) 100vw, 600px\" \/>\t\t\t\t\t\t\n\t\t\t\t\t<\/div>\n\t\t\t\t\t\t\t\t\n<style>\n#image_75156990 {\n  width: 100%;\n}\n<\/style>\n\t<\/div>\n\t\n\t\t<\/div>\n\t\t\t\t\t<\/div>\n\n\t\n\n\t<div id=\"col-1368359360\" class=\"col medium-6 small-12 large-6\"  >\n\t\t\t\t<div class=\"col-inner\"  >\n\t\t\t\n\t\t\t\n<p>Products we offer are approved by international sports federations, such as:<br \/>\n<strong>AIBA<\/strong>, <strong>WT<\/strong>, <strong>ITF<\/strong>, <strong>WKF<\/strong>, <strong>IJF<\/strong>, <strong>WAKO<\/strong>, <strong>IBJJF<\/strong>, <strong>WBO<\/strong>,\u2026<\/p>\n<p>A large selection of brands provides a rich offer. We are most proud of our flagship brands Adidas and PRIDE.<\/p>\n<p>Become a champion with the equipment made by the champions and don&#8217;t forget:<\/p>\n<h3 class=\"h3-podstran\" style=\"padding-bottom: 20px;\"><strong>THE FIGHT BEGINS BEFORE ENTERING THE RING! <\/strong><\/h3>\n<p><strong>Phone number:<\/strong> <a href=\"tel:+386040557044\">+386 (0) 40 557 044 <\/a><\/p>\n<p><strong>E-mail:<\/strong> <a href=\"mailto:info@prideshop.eu\">info@prideshop.eu<\/a><\/p>\n<p><strong>Company:<\/strong> ADK RING, trgovina in zastopstvo, d.o.o.;<\/p>\n<p><strong>Address:<\/strong> Ulica heroja \u0160arha 30, 3000 Celje, Slovenia;<\/p>\n<p><strong>Status:<\/strong> VAT payer;<\/p>\n<p><strong>DDV ID:<\/strong> SI73637696;<\/p>\n<p><strong>Registration number:<\/strong> 3633365000;<\/p>\n<p><strong>Activity code: <\/strong>G46.490 &#8211; Wholesale of other household goods;<\/p>\n<p><strong>Office of the Tax Administration of the Republic of Slovenia:<\/strong> Celje;<\/p>\n<p><strong>IBAN:<\/strong> SI56 1010 0005 1986 078; Type: T; Banka: Banka Intesa Sanpaolo d.d.; Opened: 13.5.2013.;<\/p>\n\t\t<\/div>\n\t\t\t\t\t<\/div>\n\n\t\n<\/div>\n<div class=\"row align-middle\"  id=\"row-1197295072\">\n\n\t<div id=\"col-887404127\" class=\"col medium-2 small-12 large-2\"  >\n\t\t\t\t<div class=\"col-inner\"  >\n\t\t\t\n\t\t\t\n\t<div class=\"img has-hover x md-x lg-x y md-y lg-y\" id=\"image_1925357765\">\n\t\t\t\t\t\t\t\t<div class=\"img-inner dark\" >\n\t\t\t\t\t\t\t\t\t\n\t\t\t\t\t<\/div>\n\t\t\t\t\t\t\t\t\n<style>\n#image_1925357765 {\n  width: 100%;\n}\n<\/style>\n\t<\/div>\n\t\n\t\t<\/div>\n\t\t\t\t\t<\/div>\n\n\t\n\n\t<div id=\"col-1607299301\" class=\"col medium-2 small-12 large-2\"  >\n\t\t\t\t<div class=\"col-inner\"  >\n\t\t\t\n\t\t\t\n\t<div class=\"img has-hover x md-x lg-x y md-y lg-y\" id=\"image_1834831838\">\n\t\t\t\t\t\t\t\t<div class=\"img-inner dark\" >\n\t\t\t<img decoding=\"async\" width=\"600\" height=\"600\" src=\"https:\/\/prideshop.eu\/wp-content\/uploads\/2020\/11\/profesionalni-trening-fokuserji-pride-3100-rb.jpeg\" class=\"attachment-large size-large\" alt=\"Professionelle Trainings Handpratzen Pride rot\" srcset=\"https:\/\/prideshop.eu\/wp-content\/uploads\/2020\/11\/profesionalni-trening-fokuserji-pride-3100-rb.jpeg 600w, https:\/\/prideshop.eu\/wp-content\/uploads\/2020\/11\/profesionalni-trening-fokuserji-pride-3100-rb-247x247.jpeg 247w, https:\/\/prideshop.eu\/wp-content\/uploads\/2020\/11\/profesionalni-trening-fokuserji-pride-3100-rb-100x100.jpeg 100w, https:\/\/prideshop.eu\/wp-content\/uploads\/2020\/11\/profesionalni-trening-fokuserji-pride-3100-rb-510x510.jpeg 510w, https:\/\/prideshop.eu\/wp-content\/uploads\/2020\/11\/profesionalni-trening-fokuserji-pride-3100-rb-500x500.jpeg 500w\" sizes=\"(max-width: 600px) 100vw, 600px\" \/>\t\t\t\t\t\t\n\t\t\t\t\t<\/div>\n\t\t\t\t\t\t\t\t\n<style>\n#image_1834831838 {\n  width: 100%;\n}\n<\/style>\n\t<\/div>\n\t\n\t\t<\/div>\n\t\t\t\t\t<\/div>\n\n\t\n\n\t<div id=\"col-1055118711\" class=\"col medium-2 small-12 large-2\"  >\n\t\t\t\t<div class=\"col-inner\"  >\n\t\t\t\n\t\t\t\n\t<div class=\"img has-hover x md-x lg-x y md-y lg-y\" id=\"image_1351792149\">\n\t\t\t\t\t\t\t\t<div class=\"img-inner dark\" >\n\t\t\t<img decoding=\"async\" width=\"600\" height=\"600\" src=\"https:\/\/prideshop.eu\/wp-content\/uploads\/2020\/11\/profesionalni-trening-fokuserji-pride-3100-yb.jpeg\" class=\"attachment-large size-large\" alt=\"Professionelle Trainings Handpratzen Pride gelb\" srcset=\"https:\/\/prideshop.eu\/wp-content\/uploads\/2020\/11\/profesionalni-trening-fokuserji-pride-3100-yb.jpeg 600w, https:\/\/prideshop.eu\/wp-content\/uploads\/2020\/11\/profesionalni-trening-fokuserji-pride-3100-yb-247x247.jpeg 247w, https:\/\/prideshop.eu\/wp-content\/uploads\/2020\/11\/profesionalni-trening-fokuserji-pride-3100-yb-100x100.jpeg 100w, https:\/\/prideshop.eu\/wp-content\/uploads\/2020\/11\/profesionalni-trening-fokuserji-pride-3100-yb-510x510.jpeg 510w, https:\/\/prideshop.eu\/wp-content\/uploads\/2020\/11\/profesionalni-trening-fokuserji-pride-3100-yb-500x500.jpeg 500w\" sizes=\"(max-width: 600px) 100vw, 600px\" \/>\t\t\t\t\t\t\n\t\t\t\t\t<\/div>\n\t\t\t\t\t\t\t\t\n<style>\n#image_1351792149 {\n  width: 100%;\n}\n<\/style>\n\t<\/div>\n\t\n\t\t<\/div>\n\t\t\t\t\t<\/div>\n\n\t\n\n\t<div id=\"col-451365039\" class=\"col medium-2 small-12 large-2\"  >\n\t\t\t\t<div class=\"col-inner\"  >\n\t\t\t\n\t\t\t\n\t<div class=\"img has-hover x md-x lg-x y md-y lg-y\" id=\"image_1218410620\">\n\t\t\t\t\t\t\t\t<div class=\"img-inner dark\" >\n\t\t\t\t\t\t\t\t\t\n\t\t\t\t\t<\/div>\n\t\t\t\t\t\t\t\t\n<style>\n#image_1218410620 {\n  width: 100%;\n}\n<\/style>\n\t<\/div>\n\t\n\t\t<\/div>\n\t\t\t\t\t<\/div>\n\n\t\n\n\t<div id=\"col-583879710\" class=\"col medium-2 small-12 large-2\"  >\n\t\t\t\t<div class=\"col-inner\"  >\n\t\t\t\n\t\t\t\n\t<div class=\"img has-hover x md-x lg-x y md-y lg-y\" id=\"image_100616204\">\n\t\t\t\t\t\t\t\t<div class=\"img-inner dark\" >\n\t\t\t<img decoding=\"async\" width=\"861\" height=\"574\" src=\"https:\/\/prideshop.eu\/wp-content\/uploads\/2022\/04\/Logo-4.png\" class=\"attachment-large size-large\" alt=\"\" srcset=\"https:\/\/prideshop.eu\/wp-content\/uploads\/2022\/04\/Logo-4.png 861w, https:\/\/prideshop.eu\/wp-content\/uploads\/2022\/04\/Logo-4-510x340.png 510w, https:\/\/prideshop.eu\/wp-content\/uploads\/2022\/04\/Logo-4-800x533.png 800w, https:\/\/prideshop.eu\/wp-content\/uploads\/2022\/04\/Logo-4-768x512.png 768w\" sizes=\"(max-width: 861px) 100vw, 861px\" \/>\t\t\t\t\t\t\n\t\t\t\t\t<\/div>\n\t\t\t\t\t\t\t\t\n<style>\n#image_100616204 {\n  width: 100%;\n}\n<\/style>\n\t<\/div>\n\t\n\t\t<\/div>\n\t\t\t\t\t<\/div>\n\n\t\n\n\t<div id=\"col-1470961286\" class=\"col medium-2 small-12 large-2\"  >\n\t\t\t\t<div class=\"col-inner\"  >\n\t\t\t\n\t\t\t\n\t<div class=\"img has-hover x md-x lg-x y md-y lg-y\" id=\"image_1007681115\">\n\t\t\t\t\t\t\t\t<div class=\"img-inner dark\" >\n\t\t\t<img decoding=\"async\" width=\"600\" height=\"600\" src=\"https:\/\/prideshop.eu\/wp-content\/uploads\/2020\/09\/taekwondo-kimono-wt-adi-flex-3-adidas-A903-1.jpeg\" class=\"attachment-large size-large\" alt=\"Taekwondo kimono WT ADI-FLEX 3 Adidas white with black stripes\" srcset=\"https:\/\/prideshop.eu\/wp-content\/uploads\/2020\/09\/taekwondo-kimono-wt-adi-flex-3-adidas-A903-1.jpeg 600w, https:\/\/prideshop.eu\/wp-content\/uploads\/2020\/09\/taekwondo-kimono-wt-adi-flex-3-adidas-A903-1-247x247.jpeg 247w, https:\/\/prideshop.eu\/wp-content\/uploads\/2020\/09\/taekwondo-kimono-wt-adi-flex-3-adidas-A903-1-100x100.jpeg 100w, https:\/\/prideshop.eu\/wp-content\/uploads\/2020\/09\/taekwondo-kimono-wt-adi-flex-3-adidas-A903-1-510x510.jpeg 510w, https:\/\/prideshop.eu\/wp-content\/uploads\/2020\/09\/taekwondo-kimono-wt-adi-flex-3-adidas-A903-1-500x500.jpeg 500w\" sizes=\"(max-width: 600px) 100vw, 600px\" \/>\t\t\t\t\t\t\n\t\t\t\t\t<\/div>\n\t\t\t\t\t\t\t\t\n<style>\n#image_1007681115 {\n  width: 100%;\n}\n<\/style>\n\t<\/div>\n\t\n\t\t<\/div>\n\t\t\t\t\t<\/div>\n\n\t\n\n\t<div id=\"col-1051672027\" class=\"col medium-2 small-12 large-2\"  >\n\t\t\t\t<div class=\"col-inner\"  >\n\t\t\t\n\t\t\t\n\t<div class=\"img has-hover x md-x lg-x y md-y lg-y\" id=\"image_227992609\">\n\t\t\t\t\t\t\t\t<div class=\"img-inner dark\" >\n\t\t\t<img decoding=\"async\" width=\"600\" height=\"600\" src=\"https:\/\/prideshop.eu\/wp-content\/uploads\/2020\/11\/profesionalni-trening-fokuserji-pride-3100-pb.jpeg\" class=\"attachment-large size-large\" alt=\"Professionelle Trainings Handpratzen Pride blau\" srcset=\"https:\/\/prideshop.eu\/wp-content\/uploads\/2020\/11\/profesionalni-trening-fokuserji-pride-3100-pb.jpeg 600w, https:\/\/prideshop.eu\/wp-content\/uploads\/2020\/11\/profesionalni-trening-fokuserji-pride-3100-pb-247x247.jpeg 247w, https:\/\/prideshop.eu\/wp-content\/uploads\/2020\/11\/profesionalni-trening-fokuserji-pride-3100-pb-100x100.jpeg 100w, https:\/\/prideshop.eu\/wp-content\/uploads\/2020\/11\/profesionalni-trening-fokuserji-pride-3100-pb-510x510.jpeg 510w, https:\/\/prideshop.eu\/wp-content\/uploads\/2020\/11\/profesionalni-trening-fokuserji-pride-3100-pb-500x500.jpeg 500w\" sizes=\"(max-width: 600px) 100vw, 600px\" \/>\t\t\t\t\t\t\n\t\t\t\t\t<\/div>\n\t\t\t\t\t\t\t\t\n<style>\n#image_227992609 {\n  width: 100%;\n}\n<\/style>\n\t<\/div>\n\t\n\t\t<\/div>\n\t\t\t\t\t<\/div>\n\n\t\n\n\t<div id=\"col-1764258194\" class=\"col medium-2 small-12 large-2\"  >\n\t\t\t\t<div class=\"col-inner\"  >\n\t\t\t\n\t\t\t\n\t<div class=\"img has-hover x md-x lg-x y md-y lg-y\" id=\"image_377577456\">\n\t\t\t\t\t\t\t\t<div class=\"img-inner dark\" >\n\t\t\t<img decoding=\"async\" width=\"600\" height=\"600\" src=\"https:\/\/prideshop.eu\/wp-content\/uploads\/2020\/11\/pro-trening-fokuserji-adistar-speed-adidas-a7705.jpeg\" class=\"attachment-large size-large\" alt=\"Pro trening fokuserji Adistar Adidas\" srcset=\"https:\/\/prideshop.eu\/wp-content\/uploads\/2020\/11\/pro-trening-fokuserji-adistar-speed-adidas-a7705.jpeg 600w, https:\/\/prideshop.eu\/wp-content\/uploads\/2020\/11\/pro-trening-fokuserji-adistar-speed-adidas-a7705-247x247.jpeg 247w, https:\/\/prideshop.eu\/wp-content\/uploads\/2020\/11\/pro-trening-fokuserji-adistar-speed-adidas-a7705-100x100.jpeg 100w, https:\/\/prideshop.eu\/wp-content\/uploads\/2020\/11\/pro-trening-fokuserji-adistar-speed-adidas-a7705-510x510.jpeg 510w, https:\/\/prideshop.eu\/wp-content\/uploads\/2020\/11\/pro-trening-fokuserji-adistar-speed-adidas-a7705-500x500.jpeg 500w\" sizes=\"(max-width: 600px) 100vw, 600px\" \/>\t\t\t\t\t\t\n\t\t\t\t\t<\/div>\n\t\t\t\t\t\t\t\t\n<style>\n#image_377577456 {\n  width: 100%;\n}\n<\/style>\n\t<\/div>\n\t\n\t\t<\/div>\n\t\t\t\t\t<\/div>\n\n\t\n\n\t<div id=\"col-1403481039\" class=\"col medium-2 small-12 large-2\"  >\n\t\t\t\t<div class=\"col-inner\"  >\n\t\t\t\n\t\t\t\n\t<div class=\"img has-hover x md-x lg-x y md-y lg-y\" id=\"image_2109207385\">\n\t\t\t\t\t\t\t\t<div class=\"img-inner dark\" >\n\t\t\t<img decoding=\"async\" width=\"600\" height=\"600\" src=\"https:\/\/prideshop.eu\/wp-content\/uploads\/2020\/11\/drog-za-dvigovanje-telesa-pride-7194-1.jpeg\" class=\"attachment-large size-large\" alt=\"Drog za dvigovanje telesa Pride\" srcset=\"https:\/\/prideshop.eu\/wp-content\/uploads\/2020\/11\/drog-za-dvigovanje-telesa-pride-7194-1.jpeg 600w, https:\/\/prideshop.eu\/wp-content\/uploads\/2020\/11\/drog-za-dvigovanje-telesa-pride-7194-1-247x247.jpeg 247w, https:\/\/prideshop.eu\/wp-content\/uploads\/2020\/11\/drog-za-dvigovanje-telesa-pride-7194-1-100x100.jpeg 100w, https:\/\/prideshop.eu\/wp-content\/uploads\/2020\/11\/drog-za-dvigovanje-telesa-pride-7194-1-510x510.jpeg 510w, https:\/\/prideshop.eu\/wp-content\/uploads\/2020\/11\/drog-za-dvigovanje-telesa-pride-7194-1-500x500.jpeg 500w\" sizes=\"(max-width: 600px) 100vw, 600px\" \/>\t\t\t\t\t\t\n\t\t\t\t\t<\/div>\n\t\t\t\t\t\t\t\t\n<style>\n#image_2109207385 {\n  width: 100%;\n}\n<\/style>\n\t<\/div>\n\t\n\t\t<\/div>\n\t\t\t\t\t<\/div>\n\n\t\n\n\t<div id=\"col-644622101\" class=\"col medium-2 small-12 large-2\"  >\n\t\t\t\t<div class=\"col-inner\"  >\n\t\t\t\n\t\t\t\n\t<div class=\"img has-hover x md-x lg-x y md-y lg-y\" id=\"image_551454342\">\n\t\t\t\t\t\t\t\t<div class=\"img-inner dark\" >\n\t\t\t<img decoding=\"async\" width=\"600\" height=\"600\" src=\"https:\/\/prideshop.eu\/wp-content\/uploads\/2020\/11\/drog-za-dvigovanje-telesa-pride-7194.jpeg\" class=\"attachment-large size-large\" alt=\"Drog za dvigovanje telesa Pride\" srcset=\"https:\/\/prideshop.eu\/wp-content\/uploads\/2020\/11\/drog-za-dvigovanje-telesa-pride-7194.jpeg 600w, https:\/\/prideshop.eu\/wp-content\/uploads\/2020\/11\/drog-za-dvigovanje-telesa-pride-7194-247x247.jpeg 247w, https:\/\/prideshop.eu\/wp-content\/uploads\/2020\/11\/drog-za-dvigovanje-telesa-pride-7194-100x100.jpeg 100w, https:\/\/prideshop.eu\/wp-content\/uploads\/2020\/11\/drog-za-dvigovanje-telesa-pride-7194-510x510.jpeg 510w, https:\/\/prideshop.eu\/wp-content\/uploads\/2020\/11\/drog-za-dvigovanje-telesa-pride-7194-500x500.jpeg 500w\" sizes=\"(max-width: 600px) 100vw, 600px\" \/>\t\t\t\t\t\t\n\t\t\t\t\t<\/div>\n\t\t\t\t\t\t\t\t\n<style>\n#image_551454342 {\n  width: 100%;\n}\n<\/style>\n\t<\/div>\n\t\n\t\t<\/div>\n\t\t\t\t\t<\/div>\n\n\t\n\n\t<div id=\"col-242175260\" class=\"col medium-2 small-12 large-2\"  >\n\t\t\t\t<div class=\"col-inner\"  >\n\t\t\t\n\t\t\t\n\t<div class=\"img has-hover x md-x lg-x y md-y lg-y\" id=\"image_127890128\">\n\t\t\t\t\t\t\t\t<div class=\"img-inner dark\" >\n\t\t\t<img decoding=\"async\" width=\"600\" height=\"600\" src=\"https:\/\/prideshop.eu\/wp-content\/uploads\/2020\/11\/nadomestna-zracnica-za-boks-hrusko-pride-3018.jpeg\" class=\"attachment-large size-large\" alt=\"Spare Speedball Bladder Pride\" srcset=\"https:\/\/prideshop.eu\/wp-content\/uploads\/2020\/11\/nadomestna-zracnica-za-boks-hrusko-pride-3018.jpeg 600w, https:\/\/prideshop.eu\/wp-content\/uploads\/2020\/11\/nadomestna-zracnica-za-boks-hrusko-pride-3018-247x247.jpeg 247w, https:\/\/prideshop.eu\/wp-content\/uploads\/2020\/11\/nadomestna-zracnica-za-boks-hrusko-pride-3018-100x100.jpeg 100w, https:\/\/prideshop.eu\/wp-content\/uploads\/2020\/11\/nadomestna-zracnica-za-boks-hrusko-pride-3018-510x510.jpeg 510w, https:\/\/prideshop.eu\/wp-content\/uploads\/2020\/11\/nadomestna-zracnica-za-boks-hrusko-pride-3018-500x500.jpeg 500w\" sizes=\"(max-width: 600px) 100vw, 600px\" \/>\t\t\t\t\t\t\n\t\t\t\t\t<\/div>\n\t\t\t\t\t\t\t\t\n<style>\n#image_127890128 {\n  width: 100%;\n}\n<\/style>\n\t<\/div>\n\t\n\t\t<\/div>\n\t\t\t\t\t<\/div>\n\n\t\n\n\t<div id=\"col-663701889\" class=\"col medium-2 small-12 large-2\"  >\n\t\t\t\t<div class=\"col-inner\"  >\n\t\t\t\n\t\t\t\n\t<div class=\"img has-hover x md-x lg-x y md-y lg-y\" id=\"image_68420567\">\n\t\t\t\t\t\t\t\t<div class=\"img-inner dark\" >\n\t\t\t<img decoding=\"async\" width=\"600\" height=\"600\" src=\"https:\/\/prideshop.eu\/wp-content\/uploads\/2020\/09\/taekwondo-kimono-wt-adi-flex-3-adidas-A903-2.jpeg\" class=\"attachment-large size-large\" alt=\"Taekwondo kimono WT ADI-FLEX 3 Adidas white with black stripes\" srcset=\"https:\/\/prideshop.eu\/wp-content\/uploads\/2020\/09\/taekwondo-kimono-wt-adi-flex-3-adidas-A903-2.jpeg 600w, https:\/\/prideshop.eu\/wp-content\/uploads\/2020\/09\/taekwondo-kimono-wt-adi-flex-3-adidas-A903-2-247x247.jpeg 247w, https:\/\/prideshop.eu\/wp-content\/uploads\/2020\/09\/taekwondo-kimono-wt-adi-flex-3-adidas-A903-2-100x100.jpeg 100w, https:\/\/prideshop.eu\/wp-content\/uploads\/2020\/09\/taekwondo-kimono-wt-adi-flex-3-adidas-A903-2-510x510.jpeg 510w, https:\/\/prideshop.eu\/wp-content\/uploads\/2020\/09\/taekwondo-kimono-wt-adi-flex-3-adidas-A903-2-500x500.jpeg 500w\" sizes=\"(max-width: 600px) 100vw, 600px\" \/>\t\t\t\t\t\t\n\t\t\t\t\t<\/div>\n\t\t\t\t\t\t\t\t\n<style>\n#image_68420567 {\n  width: 100%;\n}\n<\/style>\n\t<\/div>\n\t\n\t\t<\/div>\n\t\t\t\t\t<\/div>\n\n\t\n<\/div>\n","protected":false},"excerpt":{"rendered":"","protected":false},"author":5756,"featured_media":0,"parent":0,"menu_order":0,"comment_status":"closed","ping_status":"closed","template":"","meta":{"_acf_changed":false,"footnotes":""},"class_list":["post-34456","page","type-page","status-publish","hentry"],"acf":[],"yoast_head":"<!-- This site is optimized with the Yoast SEO plugin v27.5 - https:\/\/yoast.com\/product\/yoast-seo-wordpress\/ -->\n<title>About the company - PRIDEshop<\/title>\n<meta name=\"robots\" content=\"index, follow, max-snippet:-1, max-image-preview:large, max-video-preview:-1\" \/>\n<link rel=\"canonical\" href=\"https:\/\/prideshop.eu\/en\/about-the-company\/\" \/>\n<meta property=\"og:locale\" content=\"en_US\" \/>\n<meta property=\"og:type\" content=\"article\" \/>\n<meta property=\"og:title\" content=\"About the company - PRIDEshop\" \/>\n<meta property=\"og:url\" content=\"https:\/\/prideshop.eu\/en\/about-the-company\/\" \/>\n<meta property=\"og:site_name\" content=\"PRIDEshop\" \/>\n<meta property=\"article:publisher\" content=\"https:\/\/sl-si.facebook.com\/PrideShopeu\" \/>\n<meta property=\"article:modified_time\" content=\"2022-07-07T10:43:06+00:00\" \/>\n<meta name=\"twitter:card\" content=\"summary_large_image\" \/>\n<meta name=\"twitter:label1\" content=\"Est. reading time\" \/>\n\t<meta name=\"twitter:data1\" content=\"2 minutes\" \/>\n<script type=\"application\/ld+json\" class=\"yoast-schema-graph\">{\"@context\":\"https:\\\/\\\/schema.org\",\"@graph\":[{\"@type\":\"WebPage\",\"@id\":\"https:\\\/\\\/prideshop.eu\\\/en\\\/about-the-company\\\/\",\"url\":\"https:\\\/\\\/prideshop.eu\\\/en\\\/about-the-company\\\/\",\"name\":\"About the company - PRIDEshop\",\"isPartOf\":{\"@id\":\"https:\\\/\\\/prideshop.eu\\\/en\\\/#website\"},\"datePublished\":\"2022-05-18T06:02:52+00:00\",\"dateModified\":\"2022-07-07T10:43:06+00:00\",\"breadcrumb\":{\"@id\":\"https:\\\/\\\/prideshop.eu\\\/en\\\/about-the-company\\\/#breadcrumb\"},\"inLanguage\":\"en-US\",\"potentialAction\":[{\"@type\":\"ReadAction\",\"target\":[\"https:\\\/\\\/prideshop.eu\\\/en\\\/about-the-company\\\/\"]}]},{\"@type\":\"BreadcrumbList\",\"@id\":\"https:\\\/\\\/prideshop.eu\\\/en\\\/about-the-company\\\/#breadcrumb\",\"itemListElement\":[{\"@type\":\"ListItem\",\"position\":1,\"name\":\"Home\",\"item\":\"https:\\\/\\\/prideshop.eu\\\/en\\\/\"},{\"@type\":\"ListItem\",\"position\":2,\"name\":\"About the company\"}]},{\"@type\":\"WebSite\",\"@id\":\"https:\\\/\\\/prideshop.eu\\\/en\\\/#website\",\"url\":\"https:\\\/\\\/prideshop.eu\\\/en\\\/\",\"name\":\"PRIDEshop\",\"description\":\"Oprema za Borilne \u0160porte\",\"publisher\":{\"@id\":\"https:\\\/\\\/prideshop.eu\\\/en\\\/#organization\"},\"potentialAction\":[{\"@type\":\"SearchAction\",\"target\":{\"@type\":\"EntryPoint\",\"urlTemplate\":\"https:\\\/\\\/prideshop.eu\\\/en\\\/?s={search_term_string}\"},\"query-input\":{\"@type\":\"PropertyValueSpecification\",\"valueRequired\":true,\"valueName\":\"search_term_string\"}}],\"inLanguage\":\"en-US\"},{\"@type\":\"Organization\",\"@id\":\"https:\\\/\\\/prideshop.eu\\\/en\\\/#organization\",\"name\":\"PRIDEshop\",\"url\":\"https:\\\/\\\/prideshop.eu\\\/en\\\/\",\"logo\":{\"@type\":\"ImageObject\",\"inLanguage\":\"en-US\",\"@id\":\"https:\\\/\\\/prideshop.eu\\\/en\\\/#\\\/schema\\\/logo\\\/image\\\/\",\"url\":\"\",\"contentUrl\":\"\",\"caption\":\"PRIDEshop\"},\"image\":{\"@id\":\"https:\\\/\\\/prideshop.eu\\\/en\\\/#\\\/schema\\\/logo\\\/image\\\/\"},\"sameAs\":[\"https:\\\/\\\/sl-si.facebook.com\\\/PrideShopeu\"]}]}<\/script>\n<!-- \/ Yoast SEO plugin. -->","yoast_head_json":{"title":"About the company - PRIDEshop","robots":{"index":"index","follow":"follow","max-snippet":"max-snippet:-1","max-image-preview":"max-image-preview:large","max-video-preview":"max-video-preview:-1"},"canonical":"https:\/\/prideshop.eu\/en\/about-the-company\/","og_locale":"en_US","og_type":"article","og_title":"About the company - PRIDEshop","og_url":"https:\/\/prideshop.eu\/en\/about-the-company\/","og_site_name":"PRIDEshop","article_publisher":"https:\/\/sl-si.facebook.com\/PrideShopeu","article_modified_time":"2022-07-07T10:43:06+00:00","twitter_card":"summary_large_image","twitter_misc":{"Est. reading time":"2 minutes"},"schema":{"@context":"https:\/\/schema.org","@graph":[{"@type":"WebPage","@id":"https:\/\/prideshop.eu\/en\/about-the-company\/","url":"https:\/\/prideshop.eu\/en\/about-the-company\/","name":"About the company - PRIDEshop","isPartOf":{"@id":"https:\/\/prideshop.eu\/en\/#website"},"datePublished":"2022-05-18T06:02:52+00:00","dateModified":"2022-07-07T10:43:06+00:00","breadcrumb":{"@id":"https:\/\/prideshop.eu\/en\/about-the-company\/#breadcrumb"},"inLanguage":"en-US","potentialAction":[{"@type":"ReadAction","target":["https:\/\/prideshop.eu\/en\/about-the-company\/"]}]},{"@type":"BreadcrumbList","@id":"https:\/\/prideshop.eu\/en\/about-the-company\/#breadcrumb","itemListElement":[{"@type":"ListItem","position":1,"name":"Home","item":"https:\/\/prideshop.eu\/en\/"},{"@type":"ListItem","position":2,"name":"About the company"}]},{"@type":"WebSite","@id":"https:\/\/prideshop.eu\/en\/#website","url":"https:\/\/prideshop.eu\/en\/","name":"PRIDEshop","description":"Oprema za Borilne \u0160porte","publisher":{"@id":"https:\/\/prideshop.eu\/en\/#organization"},"potentialAction":[{"@type":"SearchAction","target":{"@type":"EntryPoint","urlTemplate":"https:\/\/prideshop.eu\/en\/?s={search_term_string}"},"query-input":{"@type":"PropertyValueSpecification","valueRequired":true,"valueName":"search_term_string"}}],"inLanguage":"en-US"},{"@type":"Organization","@id":"https:\/\/prideshop.eu\/en\/#organization","name":"PRIDEshop","url":"https:\/\/prideshop.eu\/en\/","logo":{"@type":"ImageObject","inLanguage":"en-US","@id":"https:\/\/prideshop.eu\/en\/#\/schema\/logo\/image\/","url":"","contentUrl":"","caption":"PRIDEshop"},"image":{"@id":"https:\/\/prideshop.eu\/en\/#\/schema\/logo\/image\/"},"sameAs":["https:\/\/sl-si.facebook.com\/PrideShopeu"]}]}},"_links":{"self":[{"href":"https:\/\/prideshop.eu\/en\/wp-json\/wp\/v2\/pages\/34456","targetHints":{"allow":["GET"]}}],"collection":[{"href":"https:\/\/prideshop.eu\/en\/wp-json\/wp\/v2\/pages"}],"about":[{"href":"https:\/\/prideshop.eu\/en\/wp-json\/wp\/v2\/types\/page"}],"author":[{"embeddable":true,"href":"https:\/\/prideshop.eu\/en\/wp-json\/wp\/v2\/users\/5756"}],"replies":[{"embeddable":true,"href":"https:\/\/prideshop.eu\/en\/wp-json\/wp\/v2\/comments?post=34456"}],"version-history":[{"count":0,"href":"https:\/\/prideshop.eu\/en\/wp-json\/wp\/v2\/pages\/34456\/revisions"}],"wp:attachment":[{"href":"https:\/\/prideshop.eu\/en\/wp-json\/wp\/v2\/media?parent=34456"}],"curies":[{"name":"wp","href":"https:\/\/api.w.org\/{rel}","templated":true}]}}