{"id":12781,"date":"2020-09-03T12:07:38","date_gmt":"2020-09-03T10:07:38","guid":{"rendered":"https:\/\/prideshop.eu\/spletna-trgovina\/uncategorized\/womens-chest-guard-wkf-adidas\/"},"modified":"2025-08-06T11:02:46","modified_gmt":"2025-08-06T09:02:46","slug":"womens-chest-guard-wkf-adidas","status":"publish","type":"product","link":"https:\/\/prideshop.eu\/en\/shop\/sports\/kickboxing-en\/kickboxing-protection\/womens-chest-guard-wkf-adidas\/","title":{"rendered":"Women\u2019s chest guard WKF | Adidas"},"content":{"rendered":"","protected":false},"excerpt":{"rendered":"<p>Women\u2019s chest guard WKF, Adidas. It consists of a hard plastic (polyethylene) and a white elastic shirt. The shaped finger part maximally protects from punches to the chest and is suitable for all contact sports. It fits the CE standards. This item is approved by WKF.<\/p>\n","protected":false},"featured_media":49658,"comment_status":"open","ping_status":"closed","template":"","meta":{"_acf_changed":false},"product_brand":[2083],"product_cat":[645,663,677,579,709,719,721,731,633,647,655],"product_tag":[],"class_list":{"0":"post-12781","1":"product","2":"type-product","3":"status-publish","4":"has-post-thumbnail","6":"product_brand-adidas","7":"product_cat-body-protection","8":"product_cat-boxing","9":"product_cat-boxing-protection","10":"product_cat-equipment","11":"product_cat-karate-equipment","12":"product_cat-karate-protective-equipment","13":"product_cat-kickboxing-en","14":"product_cat-kickboxing-protection","15":"product_cat-protections","16":"product_cat-protectors-for-women","17":"product_cat-sports","19":"first","20":"instock","21":"taxable","22":"shipping-taxable","23":"purchasable","24":"product-type-variable"},"acf":[],"yoast_head":"<!-- This site is optimized with the Yoast SEO plugin v27.4 - https:\/\/yoast.com\/product\/yoast-seo-wordpress\/ -->\n<title>Women\u2019s chest guard WKF | Adidas - PRIDEshop<\/title>\n<meta name=\"robots\" content=\"index, follow, max-snippet:-1, max-image-preview:large, max-video-preview:-1\" \/>\n<link rel=\"canonical\" href=\"https:\/\/prideshop.eu\/en\/shop\/sports\/kickboxing-en\/kickboxing-protection\/womens-chest-guard-wkf-adidas\/\" \/>\n<meta property=\"og:locale\" content=\"en_US\" \/>\n<meta property=\"og:type\" content=\"article\" \/>\n<meta property=\"og:title\" content=\"Women\u2019s chest guard WKF | Adidas - PRIDEshop\" \/>\n<meta property=\"og:description\" content=\"Women\u2019s chest guard WKF, Adidas. It consists of a hard plastic (polyethylene) and a white elastic shirt. The shaped finger part maximally protects from punches to the chest and is suitable for all contact sports. It fits the CE standards. This item is approved by WKF.\" \/>\n<meta property=\"og:url\" content=\"https:\/\/prideshop.eu\/en\/shop\/sports\/kickboxing-en\/kickboxing-protection\/womens-chest-guard-wkf-adidas\/\" \/>\n<meta property=\"og:site_name\" content=\"PRIDEshop\" \/>\n<meta property=\"article:publisher\" content=\"https:\/\/sl-si.facebook.com\/PrideShopeu\" \/>\n<meta property=\"article:modified_time\" content=\"2025-08-06T09:02:46+00:00\" \/>\n<meta property=\"og:image\" content=\"https:\/\/prideshop.eu\/wp-content\/uploads\/2020\/09\/scitnik-za-prsa-wkf-adidas-a612.jpeg\" \/>\n\t<meta property=\"og:image:width\" content=\"600\" \/>\n\t<meta property=\"og:image:height\" content=\"600\" \/>\n\t<meta property=\"og:image:type\" content=\"image\/jpeg\" \/>\n<meta name=\"twitter:card\" content=\"summary_large_image\" \/>\n<script type=\"application\/ld+json\" class=\"yoast-schema-graph\">{\"@context\":\"https:\\\/\\\/schema.org\",\"@graph\":[{\"@type\":\"WebPage\",\"@id\":\"https:\\\/\\\/prideshop.eu\\\/en\\\/shop\\\/sports\\\/kickboxing-en\\\/kickboxing-protection\\\/womens-chest-guard-wkf-adidas\\\/\",\"url\":\"https:\\\/\\\/prideshop.eu\\\/en\\\/shop\\\/sports\\\/kickboxing-en\\\/kickboxing-protection\\\/womens-chest-guard-wkf-adidas\\\/\",\"name\":\"Women\u2019s chest guard WKF | Adidas - PRIDEshop\",\"isPartOf\":{\"@id\":\"https:\\\/\\\/prideshop.eu\\\/en\\\/#website\"},\"primaryImageOfPage\":{\"@id\":\"https:\\\/\\\/prideshop.eu\\\/en\\\/shop\\\/sports\\\/kickboxing-en\\\/kickboxing-protection\\\/womens-chest-guard-wkf-adidas\\\/#primaryimage\"},\"image\":{\"@id\":\"https:\\\/\\\/prideshop.eu\\\/en\\\/shop\\\/sports\\\/kickboxing-en\\\/kickboxing-protection\\\/womens-chest-guard-wkf-adidas\\\/#primaryimage\"},\"thumbnailUrl\":\"https:\\\/\\\/prideshop.eu\\\/wp-content\\\/uploads\\\/2020\\\/09\\\/scitnik-za-prsa-wkf-adidas-a612.jpeg\",\"datePublished\":\"2020-09-03T10:07:38+00:00\",\"dateModified\":\"2025-08-06T09:02:46+00:00\",\"breadcrumb\":{\"@id\":\"https:\\\/\\\/prideshop.eu\\\/en\\\/shop\\\/sports\\\/kickboxing-en\\\/kickboxing-protection\\\/womens-chest-guard-wkf-adidas\\\/#breadcrumb\"},\"inLanguage\":\"en-US\",\"potentialAction\":[{\"@type\":\"ReadAction\",\"target\":[\"https:\\\/\\\/prideshop.eu\\\/en\\\/shop\\\/sports\\\/kickboxing-en\\\/kickboxing-protection\\\/womens-chest-guard-wkf-adidas\\\/\"]}]},{\"@type\":\"ImageObject\",\"inLanguage\":\"en-US\",\"@id\":\"https:\\\/\\\/prideshop.eu\\\/en\\\/shop\\\/sports\\\/kickboxing-en\\\/kickboxing-protection\\\/womens-chest-guard-wkf-adidas\\\/#primaryimage\",\"url\":\"https:\\\/\\\/prideshop.eu\\\/wp-content\\\/uploads\\\/2020\\\/09\\\/scitnik-za-prsa-wkf-adidas-a612.jpeg\",\"contentUrl\":\"https:\\\/\\\/prideshop.eu\\\/wp-content\\\/uploads\\\/2020\\\/09\\\/scitnik-za-prsa-wkf-adidas-a612.jpeg\",\"width\":600,\"height\":600,\"caption\":\"\u0160\u010ditnik za \u017eenska prsa Adidas\"},{\"@type\":\"BreadcrumbList\",\"@id\":\"https:\\\/\\\/prideshop.eu\\\/en\\\/shop\\\/sports\\\/kickboxing-en\\\/kickboxing-protection\\\/womens-chest-guard-wkf-adidas\\\/#breadcrumb\",\"itemListElement\":[{\"@type\":\"ListItem\",\"position\":1,\"name\":\"Home\",\"item\":\"https:\\\/\\\/prideshop.eu\\\/en\\\/\"},{\"@type\":\"ListItem\",\"position\":2,\"name\":\"Shop\",\"item\":\"https:\\\/\\\/prideshop.eu\\\/en\\\/shop\\\/\"},{\"@type\":\"ListItem\",\"position\":3,\"name\":\"Women\u2019s chest guard WKF | Adidas\"}]},{\"@type\":\"WebSite\",\"@id\":\"https:\\\/\\\/prideshop.eu\\\/en\\\/#website\",\"url\":\"https:\\\/\\\/prideshop.eu\\\/en\\\/\",\"name\":\"PRIDEshop\",\"description\":\"Oprema za Borilne \u0160porte\",\"publisher\":{\"@id\":\"https:\\\/\\\/prideshop.eu\\\/en\\\/#organization\"},\"potentialAction\":[{\"@type\":\"SearchAction\",\"target\":{\"@type\":\"EntryPoint\",\"urlTemplate\":\"https:\\\/\\\/prideshop.eu\\\/en\\\/?s={search_term_string}\"},\"query-input\":{\"@type\":\"PropertyValueSpecification\",\"valueRequired\":true,\"valueName\":\"search_term_string\"}}],\"inLanguage\":\"en-US\"},{\"@type\":\"Organization\",\"@id\":\"https:\\\/\\\/prideshop.eu\\\/en\\\/#organization\",\"name\":\"PRIDEshop\",\"url\":\"https:\\\/\\\/prideshop.eu\\\/en\\\/\",\"logo\":{\"@type\":\"ImageObject\",\"inLanguage\":\"en-US\",\"@id\":\"https:\\\/\\\/prideshop.eu\\\/en\\\/#\\\/schema\\\/logo\\\/image\\\/\",\"url\":\"\",\"contentUrl\":\"\",\"caption\":\"PRIDEshop\"},\"image\":{\"@id\":\"https:\\\/\\\/prideshop.eu\\\/en\\\/#\\\/schema\\\/logo\\\/image\\\/\"},\"sameAs\":[\"https:\\\/\\\/sl-si.facebook.com\\\/PrideShopeu\"]}]}<\/script>\n<!-- \/ Yoast SEO plugin. -->","yoast_head_json":{"title":"Women\u2019s chest guard WKF | Adidas - PRIDEshop","robots":{"index":"index","follow":"follow","max-snippet":"max-snippet:-1","max-image-preview":"max-image-preview:large","max-video-preview":"max-video-preview:-1"},"canonical":"https:\/\/prideshop.eu\/en\/shop\/sports\/kickboxing-en\/kickboxing-protection\/womens-chest-guard-wkf-adidas\/","og_locale":"en_US","og_type":"article","og_title":"Women\u2019s chest guard WKF | Adidas - PRIDEshop","og_description":"Women\u2019s chest guard WKF, Adidas. It consists of a hard plastic (polyethylene) and a white elastic shirt. The shaped finger part maximally protects from punches to the chest and is suitable for all contact sports. It fits the CE standards. This item is approved by WKF.","og_url":"https:\/\/prideshop.eu\/en\/shop\/sports\/kickboxing-en\/kickboxing-protection\/womens-chest-guard-wkf-adidas\/","og_site_name":"PRIDEshop","article_publisher":"https:\/\/sl-si.facebook.com\/PrideShopeu","article_modified_time":"2025-08-06T09:02:46+00:00","og_image":[{"width":600,"height":600,"url":"https:\/\/prideshop.eu\/wp-content\/uploads\/2020\/09\/scitnik-za-prsa-wkf-adidas-a612.jpeg","type":"image\/jpeg"}],"twitter_card":"summary_large_image","schema":{"@context":"https:\/\/schema.org","@graph":[{"@type":"WebPage","@id":"https:\/\/prideshop.eu\/en\/shop\/sports\/kickboxing-en\/kickboxing-protection\/womens-chest-guard-wkf-adidas\/","url":"https:\/\/prideshop.eu\/en\/shop\/sports\/kickboxing-en\/kickboxing-protection\/womens-chest-guard-wkf-adidas\/","name":"Women\u2019s chest guard WKF | Adidas - PRIDEshop","isPartOf":{"@id":"https:\/\/prideshop.eu\/en\/#website"},"primaryImageOfPage":{"@id":"https:\/\/prideshop.eu\/en\/shop\/sports\/kickboxing-en\/kickboxing-protection\/womens-chest-guard-wkf-adidas\/#primaryimage"},"image":{"@id":"https:\/\/prideshop.eu\/en\/shop\/sports\/kickboxing-en\/kickboxing-protection\/womens-chest-guard-wkf-adidas\/#primaryimage"},"thumbnailUrl":"https:\/\/prideshop.eu\/wp-content\/uploads\/2020\/09\/scitnik-za-prsa-wkf-adidas-a612.jpeg","datePublished":"2020-09-03T10:07:38+00:00","dateModified":"2025-08-06T09:02:46+00:00","breadcrumb":{"@id":"https:\/\/prideshop.eu\/en\/shop\/sports\/kickboxing-en\/kickboxing-protection\/womens-chest-guard-wkf-adidas\/#breadcrumb"},"inLanguage":"en-US","potentialAction":[{"@type":"ReadAction","target":["https:\/\/prideshop.eu\/en\/shop\/sports\/kickboxing-en\/kickboxing-protection\/womens-chest-guard-wkf-adidas\/"]}]},{"@type":"ImageObject","inLanguage":"en-US","@id":"https:\/\/prideshop.eu\/en\/shop\/sports\/kickboxing-en\/kickboxing-protection\/womens-chest-guard-wkf-adidas\/#primaryimage","url":"https:\/\/prideshop.eu\/wp-content\/uploads\/2020\/09\/scitnik-za-prsa-wkf-adidas-a612.jpeg","contentUrl":"https:\/\/prideshop.eu\/wp-content\/uploads\/2020\/09\/scitnik-za-prsa-wkf-adidas-a612.jpeg","width":600,"height":600,"caption":"\u0160\u010ditnik za \u017eenska prsa Adidas"},{"@type":"BreadcrumbList","@id":"https:\/\/prideshop.eu\/en\/shop\/sports\/kickboxing-en\/kickboxing-protection\/womens-chest-guard-wkf-adidas\/#breadcrumb","itemListElement":[{"@type":"ListItem","position":1,"name":"Home","item":"https:\/\/prideshop.eu\/en\/"},{"@type":"ListItem","position":2,"name":"Shop","item":"https:\/\/prideshop.eu\/en\/shop\/"},{"@type":"ListItem","position":3,"name":"Women\u2019s chest guard WKF | Adidas"}]},{"@type":"WebSite","@id":"https:\/\/prideshop.eu\/en\/#website","url":"https:\/\/prideshop.eu\/en\/","name":"PRIDEshop","description":"Oprema za Borilne \u0160porte","publisher":{"@id":"https:\/\/prideshop.eu\/en\/#organization"},"potentialAction":[{"@type":"SearchAction","target":{"@type":"EntryPoint","urlTemplate":"https:\/\/prideshop.eu\/en\/?s={search_term_string}"},"query-input":{"@type":"PropertyValueSpecification","valueRequired":true,"valueName":"search_term_string"}}],"inLanguage":"en-US"},{"@type":"Organization","@id":"https:\/\/prideshop.eu\/en\/#organization","name":"PRIDEshop","url":"https:\/\/prideshop.eu\/en\/","logo":{"@type":"ImageObject","inLanguage":"en-US","@id":"https:\/\/prideshop.eu\/en\/#\/schema\/logo\/image\/","url":"","contentUrl":"","caption":"PRIDEshop"},"image":{"@id":"https:\/\/prideshop.eu\/en\/#\/schema\/logo\/image\/"},"sameAs":["https:\/\/sl-si.facebook.com\/PrideShopeu"]}]}},"_links":{"self":[{"href":"https:\/\/prideshop.eu\/en\/wp-json\/wp\/v2\/product\/12781","targetHints":{"allow":["GET"]}}],"collection":[{"href":"https:\/\/prideshop.eu\/en\/wp-json\/wp\/v2\/product"}],"about":[{"href":"https:\/\/prideshop.eu\/en\/wp-json\/wp\/v2\/types\/product"}],"replies":[{"embeddable":true,"href":"https:\/\/prideshop.eu\/en\/wp-json\/wp\/v2\/comments?post=12781"}],"wp:featuredmedia":[{"embeddable":true,"href":"https:\/\/prideshop.eu\/en\/wp-json\/wp\/v2\/media\/49658"}],"wp:attachment":[{"href":"https:\/\/prideshop.eu\/en\/wp-json\/wp\/v2\/media?parent=12781"}],"wp:term":[{"taxonomy":"product_brand","embeddable":true,"href":"https:\/\/prideshop.eu\/en\/wp-json\/wp\/v2\/product_brand?post=12781"},{"taxonomy":"product_cat","embeddable":true,"href":"https:\/\/prideshop.eu\/en\/wp-json\/wp\/v2\/product_cat?post=12781"},{"taxonomy":"product_tag","embeddable":true,"href":"https:\/\/prideshop.eu\/en\/wp-json\/wp\/v2\/product_tag?post=12781"}],"curies":[{"name":"wp","href":"https:\/\/api.w.org\/{rel}","templated":true}]}}