{"id":14016,"date":"2020-09-05T12:22:30","date_gmt":"2020-09-05T10:22:30","guid":{"rendered":"https:\/\/prideshop.eu\/spletna-trgovina\/uncategorized\/wt-shin-guard-adidas\/"},"modified":"2025-08-06T11:03:08","modified_gmt":"2025-08-06T09:03:08","slug":"wt-shin-guard-adidas","status":"publish","type":"product","link":"https:\/\/prideshop.eu\/en\/shop\/sports\/taekwondo-wt-olympic-sports\/taekwondo-wt-protection\/wt-shin-guard-adidas\/","title":{"rendered":"WT Shin Guard | Adidas"},"content":{"rendered":"","protected":false},"excerpt":{"rendered":"<p>WT Shin Guard, Adidas is an extremely light and ergonomically designed shin guard. Made of five protective layers that allow for great shock absorption and dispersion. The surface is covered in vinyl material, which ensures good ventilation and hygiene. It is attached to the leg with the help of elastic velcro straps. WT (World Taekwondo) approved item. Meets the CE standards!<\/p>\n","protected":false},"featured_media":36784,"comment_status":"open","ping_status":"closed","template":"","meta":{"_acf_changed":false},"product_brand":[2083],"product_cat":[643,579,733,741,633,655,755,765],"product_tag":[],"class_list":{"0":"post-14016","1":"product","2":"type-product","3":"status-publish","4":"has-post-thumbnail","6":"product_brand-adidas","7":"product_cat-arms-and-legs-protection","8":"product_cat-equipment","9":"product_cat-krav-maga-en","10":"product_cat-krav-maga-protection","11":"product_cat-protections","12":"product_cat-sports","13":"product_cat-taekwondo-wt-olympic-sports","14":"product_cat-taekwondo-wt-protection","16":"first","17":"instock","18":"taxable","19":"shipping-taxable","20":"purchasable","21":"product-type-variable"},"acf":[],"yoast_head":"<!-- This site is optimized with the Yoast SEO plugin v27.5 - https:\/\/yoast.com\/product\/yoast-seo-wordpress\/ -->\n<title>WT Shin Guard | Adidas - PRIDEshop<\/title>\n<meta name=\"robots\" content=\"index, follow, max-snippet:-1, max-image-preview:large, max-video-preview:-1\" \/>\n<link rel=\"canonical\" href=\"https:\/\/prideshop.eu\/en\/shop\/sports\/taekwondo-wt-olympic-sports\/taekwondo-wt-protection\/wt-shin-guard-adidas\/\" \/>\n<meta property=\"og:locale\" content=\"en_US\" \/>\n<meta property=\"og:type\" content=\"article\" \/>\n<meta property=\"og:title\" content=\"WT Shin Guard | Adidas - PRIDEshop\" \/>\n<meta property=\"og:description\" content=\"WT Shin Guard, Adidas is an extremely light and ergonomically designed shin guard. Made of five protective layers that allow for great shock absorption and dispersion. The surface is covered in vinyl material, which ensures good ventilation and hygiene. It is attached to the leg with the help of elastic velcro straps. WT (World Taekwondo) approved item. Meets the CE standards!\" \/>\n<meta property=\"og:url\" content=\"https:\/\/prideshop.eu\/en\/shop\/sports\/taekwondo-wt-olympic-sports\/taekwondo-wt-protection\/wt-shin-guard-adidas\/\" \/>\n<meta property=\"og:site_name\" content=\"PRIDEshop\" \/>\n<meta property=\"article:publisher\" content=\"https:\/\/sl-si.facebook.com\/PrideShopeu\" \/>\n<meta property=\"article:modified_time\" content=\"2025-08-06T09:03:08+00:00\" \/>\n<meta property=\"og:image\" content=\"https:\/\/prideshop.eu\/wp-content\/uploads\/2020\/09\/wt-scitnik-za-piscal-adidas-a970.jpeg\" \/>\n\t<meta property=\"og:image:width\" content=\"600\" \/>\n\t<meta property=\"og:image:height\" content=\"600\" \/>\n\t<meta property=\"og:image:type\" content=\"image\/jpeg\" \/>\n<meta name=\"twitter:card\" content=\"summary_large_image\" \/>\n<script type=\"application\/ld+json\" class=\"yoast-schema-graph\">{\"@context\":\"https:\\\/\\\/schema.org\",\"@graph\":[{\"@type\":\"WebPage\",\"@id\":\"https:\\\/\\\/prideshop.eu\\\/en\\\/shop\\\/sports\\\/taekwondo-wt-olympic-sports\\\/taekwondo-wt-protection\\\/wt-shin-guard-adidas\\\/\",\"url\":\"https:\\\/\\\/prideshop.eu\\\/en\\\/shop\\\/sports\\\/taekwondo-wt-olympic-sports\\\/taekwondo-wt-protection\\\/wt-shin-guard-adidas\\\/\",\"name\":\"WT Shin Guard | Adidas - PRIDEshop\",\"isPartOf\":{\"@id\":\"https:\\\/\\\/prideshop.eu\\\/en\\\/#website\"},\"primaryImageOfPage\":{\"@id\":\"https:\\\/\\\/prideshop.eu\\\/en\\\/shop\\\/sports\\\/taekwondo-wt-olympic-sports\\\/taekwondo-wt-protection\\\/wt-shin-guard-adidas\\\/#primaryimage\"},\"image\":{\"@id\":\"https:\\\/\\\/prideshop.eu\\\/en\\\/shop\\\/sports\\\/taekwondo-wt-olympic-sports\\\/taekwondo-wt-protection\\\/wt-shin-guard-adidas\\\/#primaryimage\"},\"thumbnailUrl\":\"https:\\\/\\\/prideshop.eu\\\/wp-content\\\/uploads\\\/2020\\\/09\\\/wt-scitnik-za-piscal-adidas-a970.jpeg\",\"datePublished\":\"2020-09-05T10:22:30+00:00\",\"dateModified\":\"2025-08-06T09:03:08+00:00\",\"breadcrumb\":{\"@id\":\"https:\\\/\\\/prideshop.eu\\\/en\\\/shop\\\/sports\\\/taekwondo-wt-olympic-sports\\\/taekwondo-wt-protection\\\/wt-shin-guard-adidas\\\/#breadcrumb\"},\"inLanguage\":\"en-US\",\"potentialAction\":[{\"@type\":\"ReadAction\",\"target\":[\"https:\\\/\\\/prideshop.eu\\\/en\\\/shop\\\/sports\\\/taekwondo-wt-olympic-sports\\\/taekwondo-wt-protection\\\/wt-shin-guard-adidas\\\/\"]}]},{\"@type\":\"ImageObject\",\"inLanguage\":\"en-US\",\"@id\":\"https:\\\/\\\/prideshop.eu\\\/en\\\/shop\\\/sports\\\/taekwondo-wt-olympic-sports\\\/taekwondo-wt-protection\\\/wt-shin-guard-adidas\\\/#primaryimage\",\"url\":\"https:\\\/\\\/prideshop.eu\\\/wp-content\\\/uploads\\\/2020\\\/09\\\/wt-scitnik-za-piscal-adidas-a970.jpeg\",\"contentUrl\":\"https:\\\/\\\/prideshop.eu\\\/wp-content\\\/uploads\\\/2020\\\/09\\\/wt-scitnik-za-piscal-adidas-a970.jpeg\",\"width\":600,\"height\":600,\"caption\":\"Taekwondo WT \u0161\u010ditnik za pi\u0161\u010dal Adidas\"},{\"@type\":\"BreadcrumbList\",\"@id\":\"https:\\\/\\\/prideshop.eu\\\/en\\\/shop\\\/sports\\\/taekwondo-wt-olympic-sports\\\/taekwondo-wt-protection\\\/wt-shin-guard-adidas\\\/#breadcrumb\",\"itemListElement\":[{\"@type\":\"ListItem\",\"position\":1,\"name\":\"Home\",\"item\":\"https:\\\/\\\/prideshop.eu\\\/en\\\/\"},{\"@type\":\"ListItem\",\"position\":2,\"name\":\"Shop\",\"item\":\"https:\\\/\\\/prideshop.eu\\\/en\\\/shop\\\/\"},{\"@type\":\"ListItem\",\"position\":3,\"name\":\"WT Shin Guard | Adidas\"}]},{\"@type\":\"WebSite\",\"@id\":\"https:\\\/\\\/prideshop.eu\\\/en\\\/#website\",\"url\":\"https:\\\/\\\/prideshop.eu\\\/en\\\/\",\"name\":\"PRIDEshop\",\"description\":\"Oprema za Borilne \u0160porte\",\"publisher\":{\"@id\":\"https:\\\/\\\/prideshop.eu\\\/en\\\/#organization\"},\"potentialAction\":[{\"@type\":\"SearchAction\",\"target\":{\"@type\":\"EntryPoint\",\"urlTemplate\":\"https:\\\/\\\/prideshop.eu\\\/en\\\/?s={search_term_string}\"},\"query-input\":{\"@type\":\"PropertyValueSpecification\",\"valueRequired\":true,\"valueName\":\"search_term_string\"}}],\"inLanguage\":\"en-US\"},{\"@type\":\"Organization\",\"@id\":\"https:\\\/\\\/prideshop.eu\\\/en\\\/#organization\",\"name\":\"PRIDEshop\",\"url\":\"https:\\\/\\\/prideshop.eu\\\/en\\\/\",\"logo\":{\"@type\":\"ImageObject\",\"inLanguage\":\"en-US\",\"@id\":\"https:\\\/\\\/prideshop.eu\\\/en\\\/#\\\/schema\\\/logo\\\/image\\\/\",\"url\":\"\",\"contentUrl\":\"\",\"caption\":\"PRIDEshop\"},\"image\":{\"@id\":\"https:\\\/\\\/prideshop.eu\\\/en\\\/#\\\/schema\\\/logo\\\/image\\\/\"},\"sameAs\":[\"https:\\\/\\\/sl-si.facebook.com\\\/PrideShopeu\"]}]}<\/script>\n<!-- \/ Yoast SEO plugin. -->","yoast_head_json":{"title":"WT Shin Guard | Adidas - PRIDEshop","robots":{"index":"index","follow":"follow","max-snippet":"max-snippet:-1","max-image-preview":"max-image-preview:large","max-video-preview":"max-video-preview:-1"},"canonical":"https:\/\/prideshop.eu\/en\/shop\/sports\/taekwondo-wt-olympic-sports\/taekwondo-wt-protection\/wt-shin-guard-adidas\/","og_locale":"en_US","og_type":"article","og_title":"WT Shin Guard | Adidas - PRIDEshop","og_description":"WT Shin Guard, Adidas is an extremely light and ergonomically designed shin guard. Made of five protective layers that allow for great shock absorption and dispersion. The surface is covered in vinyl material, which ensures good ventilation and hygiene. It is attached to the leg with the help of elastic velcro straps. WT (World Taekwondo) approved item. Meets the CE standards!","og_url":"https:\/\/prideshop.eu\/en\/shop\/sports\/taekwondo-wt-olympic-sports\/taekwondo-wt-protection\/wt-shin-guard-adidas\/","og_site_name":"PRIDEshop","article_publisher":"https:\/\/sl-si.facebook.com\/PrideShopeu","article_modified_time":"2025-08-06T09:03:08+00:00","og_image":[{"width":600,"height":600,"url":"https:\/\/prideshop.eu\/wp-content\/uploads\/2020\/09\/wt-scitnik-za-piscal-adidas-a970.jpeg","type":"image\/jpeg"}],"twitter_card":"summary_large_image","schema":{"@context":"https:\/\/schema.org","@graph":[{"@type":"WebPage","@id":"https:\/\/prideshop.eu\/en\/shop\/sports\/taekwondo-wt-olympic-sports\/taekwondo-wt-protection\/wt-shin-guard-adidas\/","url":"https:\/\/prideshop.eu\/en\/shop\/sports\/taekwondo-wt-olympic-sports\/taekwondo-wt-protection\/wt-shin-guard-adidas\/","name":"WT Shin Guard | Adidas - PRIDEshop","isPartOf":{"@id":"https:\/\/prideshop.eu\/en\/#website"},"primaryImageOfPage":{"@id":"https:\/\/prideshop.eu\/en\/shop\/sports\/taekwondo-wt-olympic-sports\/taekwondo-wt-protection\/wt-shin-guard-adidas\/#primaryimage"},"image":{"@id":"https:\/\/prideshop.eu\/en\/shop\/sports\/taekwondo-wt-olympic-sports\/taekwondo-wt-protection\/wt-shin-guard-adidas\/#primaryimage"},"thumbnailUrl":"https:\/\/prideshop.eu\/wp-content\/uploads\/2020\/09\/wt-scitnik-za-piscal-adidas-a970.jpeg","datePublished":"2020-09-05T10:22:30+00:00","dateModified":"2025-08-06T09:03:08+00:00","breadcrumb":{"@id":"https:\/\/prideshop.eu\/en\/shop\/sports\/taekwondo-wt-olympic-sports\/taekwondo-wt-protection\/wt-shin-guard-adidas\/#breadcrumb"},"inLanguage":"en-US","potentialAction":[{"@type":"ReadAction","target":["https:\/\/prideshop.eu\/en\/shop\/sports\/taekwondo-wt-olympic-sports\/taekwondo-wt-protection\/wt-shin-guard-adidas\/"]}]},{"@type":"ImageObject","inLanguage":"en-US","@id":"https:\/\/prideshop.eu\/en\/shop\/sports\/taekwondo-wt-olympic-sports\/taekwondo-wt-protection\/wt-shin-guard-adidas\/#primaryimage","url":"https:\/\/prideshop.eu\/wp-content\/uploads\/2020\/09\/wt-scitnik-za-piscal-adidas-a970.jpeg","contentUrl":"https:\/\/prideshop.eu\/wp-content\/uploads\/2020\/09\/wt-scitnik-za-piscal-adidas-a970.jpeg","width":600,"height":600,"caption":"Taekwondo WT \u0161\u010ditnik za pi\u0161\u010dal Adidas"},{"@type":"BreadcrumbList","@id":"https:\/\/prideshop.eu\/en\/shop\/sports\/taekwondo-wt-olympic-sports\/taekwondo-wt-protection\/wt-shin-guard-adidas\/#breadcrumb","itemListElement":[{"@type":"ListItem","position":1,"name":"Home","item":"https:\/\/prideshop.eu\/en\/"},{"@type":"ListItem","position":2,"name":"Shop","item":"https:\/\/prideshop.eu\/en\/shop\/"},{"@type":"ListItem","position":3,"name":"WT Shin Guard | Adidas"}]},{"@type":"WebSite","@id":"https:\/\/prideshop.eu\/en\/#website","url":"https:\/\/prideshop.eu\/en\/","name":"PRIDEshop","description":"Oprema za Borilne \u0160porte","publisher":{"@id":"https:\/\/prideshop.eu\/en\/#organization"},"potentialAction":[{"@type":"SearchAction","target":{"@type":"EntryPoint","urlTemplate":"https:\/\/prideshop.eu\/en\/?s={search_term_string}"},"query-input":{"@type":"PropertyValueSpecification","valueRequired":true,"valueName":"search_term_string"}}],"inLanguage":"en-US"},{"@type":"Organization","@id":"https:\/\/prideshop.eu\/en\/#organization","name":"PRIDEshop","url":"https:\/\/prideshop.eu\/en\/","logo":{"@type":"ImageObject","inLanguage":"en-US","@id":"https:\/\/prideshop.eu\/en\/#\/schema\/logo\/image\/","url":"","contentUrl":"","caption":"PRIDEshop"},"image":{"@id":"https:\/\/prideshop.eu\/en\/#\/schema\/logo\/image\/"},"sameAs":["https:\/\/sl-si.facebook.com\/PrideShopeu"]}]}},"_links":{"self":[{"href":"https:\/\/prideshop.eu\/en\/wp-json\/wp\/v2\/product\/14016","targetHints":{"allow":["GET"]}}],"collection":[{"href":"https:\/\/prideshop.eu\/en\/wp-json\/wp\/v2\/product"}],"about":[{"href":"https:\/\/prideshop.eu\/en\/wp-json\/wp\/v2\/types\/product"}],"replies":[{"embeddable":true,"href":"https:\/\/prideshop.eu\/en\/wp-json\/wp\/v2\/comments?post=14016"}],"wp:featuredmedia":[{"embeddable":true,"href":"https:\/\/prideshop.eu\/en\/wp-json\/wp\/v2\/media\/36784"}],"wp:attachment":[{"href":"https:\/\/prideshop.eu\/en\/wp-json\/wp\/v2\/media?parent=14016"}],"wp:term":[{"taxonomy":"product_brand","embeddable":true,"href":"https:\/\/prideshop.eu\/en\/wp-json\/wp\/v2\/product_brand?post=14016"},{"taxonomy":"product_cat","embeddable":true,"href":"https:\/\/prideshop.eu\/en\/wp-json\/wp\/v2\/product_cat?post=14016"},{"taxonomy":"product_tag","embeddable":true,"href":"https:\/\/prideshop.eu\/en\/wp-json\/wp\/v2\/product_tag?post=14016"}],"curies":[{"name":"wp","href":"https:\/\/api.w.org\/{rel}","templated":true}]}}