{"id":49572,"date":"2024-08-26T21:54:49","date_gmt":"2024-08-26T19:54:49","guid":{"rendered":"https:\/\/prideshop.eu\/?post_type=product&#038;p=49572"},"modified":"2026-01-08T08:13:59","modified_gmt":"2026-01-08T07:13:59","slug":"boxing-gloves-speed-50flx-adidas-kopija-2","status":"publish","type":"product","link":"https:\/\/prideshop.eu\/en\/shop\/sports\/muay-thai\/muay-thai-gloves\/boxing-gloves-speed-50flx-adidas-kopija-2\/","title":{"rendered":"Boxing Gloves Speed \u200b\u200b50FLX | Adidas"},"content":{"rendered":"<h3>Boksarske rokavice Adidas &#8211; Speed 50FLX &#8211; roza<\/h3>\n<p>Adidas Speed 50 FLX 3.0 boksarske rokavice roza_x000D_nso odli\u010dna izbira za trening z <a href=\"https:\/\/prideshop.eu\/kategorija-izdelkov\/oprema\/oprema-za-trening\/boks-vrece\/\">boksarskimi vre\u010dami<\/a>, boks, fitnes te\u010daje, kickboxing in vse boksarske vadbe. Te rokavice so izdelane iz trpe\u017enega in pro\u017enega umetnega usnja, kar zagotavlja dolgo \u017eivljenjsko dobo in vzdr\u017eljivost._x000D_n<\/p>\n<ul>\n<li style=\"list-style-type: none;\">\n<ul>_x000D_n<\/p>\n<li><strong>Nova pred oblikovana pena IMF:<\/strong> Rokavice so opremljene z napredno pred oblikovano peno IMF z visoko kompresijo, ki zagotavlja enakomerno absorpcijo udarcev in izbolj\u0161ano za\u0161\u010dito med treningom.<\/li>\n<\/ul>\n<\/li>\n<\/ul>\n<p>_x000D_n<\/p>\n<ul>\n<li style=\"list-style-type: none;\">\n<ul>\n<li><strong>Speed dizajn za hitrost:<\/strong> Ergonomski dizajn rokavic zagotavlja optimalno prilagoditev in omogo\u010da hitro gibanje, kar je idealno za intenzivne boksarske vadbe.<\/li>\n<\/ul>\n<\/li>\n<\/ul>\n<p>_x000D_n<\/p>\n<ul>\n<li style=\"list-style-type: none;\">\n<ul>\n<li><strong>Trden sistem zapiranja s trakom Velcro:<\/strong> Rokavice imajo mo\u010dan Velcro trak na zapestju, ki omogo\u010da enostavno prilagoditev in zagotavlja trdno in varno prileganje.<\/li>\n<\/ul>\n<\/li>\n<\/ul>\n<p>_x000D_n<\/p>\n<ul>\n<li style=\"list-style-type: none;\">\n<ul>\n<li><strong>Vnaprej oblikovana pena SDX:<\/strong> Pena SDX, ki se razteza od konic prstov do konca zapestja, nudi vrhunsko udobje in podporo za zapestje, hkrati pa odli\u010dno bla\u017ei udarce in zagotavlja visoko odpornost na udarce.<\/li>\n<\/ul>\n<\/li>\n<\/ul>\n<p>_x000D_n<\/p>\n<ul>\n<li style=\"list-style-type: none;\">\n<ul>\n<li><strong>Elasti\u010den PU ovitek:<\/strong> Popolnoma elasti\u010den PU ovitek okoli zapestja zagotavlja tesno in udobno prileganje ter dodatno za\u0161\u010dito.<\/li>\n<\/ul>\n<\/li>\n<\/ul>\n<p>_x000D_n<\/p>\n<ul>\n<li style=\"list-style-type: none;\">\n<ul>\n<li><strong>Polna najlonska podloga:<\/strong> Notranjost rokavic je oblo\u017eena s polno najlonsko podlogo, ki nudi dodatno udobje, vzdr\u017eljivost in odpornost proti vlagi, kar pripomore k dalj\u0161i \u017eivljenjski dobi rokavic.<\/li>\n<\/ul>\n<\/li>\n<\/ul>\n<p>_x000D_n<\/p>\n<p>_x000D_nSKU: adidas adiSBG50<\/p>\n","protected":false},"excerpt":{"rendered":"<p>Adidas Speed 50FLX boksarske rokavice\u00a0 so zasnovane za treninge z vre\u010dami, boks, fitnes te\u010daje in kickboxing. Narejene so iz trpe\u017enega umetnega usnja, ki zagotavlja dolgotrajno vzdr\u017eljivost in fleksibilnost. Vsebujejo napredno pred oblikovano IMF peno z visoko kompresijo.<\/p>\n","protected":false},"featured_media":49587,"comment_status":"open","ping_status":"closed","template":"","meta":{"_acf_changed":false},"product_brand":[2083],"product_cat":[663,669,579,637,721,727,777,783,633,655],"product_tag":[],"class_list":{"0":"post-49572","1":"product","2":"type-product","3":"status-publish","4":"has-post-thumbnail","6":"product_brand-adidas","7":"product_cat-boxing","8":"product_cat-boxing-gloves","9":"product_cat-equipment","10":"product_cat-gloves","11":"product_cat-kickboxing-en","12":"product_cat-kickboxing-gloves","13":"product_cat-muay-thai","14":"product_cat-muay-thai-gloves","15":"product_cat-protections","16":"product_cat-sports","18":"first","19":"instock","20":"featured","21":"taxable","22":"shipping-taxable","23":"purchasable","24":"product-type-variable"},"acf":[],"yoast_head":"<!-- This site is optimized with the Yoast SEO plugin v27.5 - https:\/\/yoast.com\/product\/yoast-seo-wordpress\/ -->\n<title>Boxing Gloves Speed \u200b\u200b50FLX | Adidas - PRIDEshop<\/title>\n<meta name=\"description\" content=\"Are designed for bag training, boxing, fitness classes and kickboxing. They are made of durable synthetic leather\" \/>\n<meta name=\"robots\" content=\"index, follow, max-snippet:-1, max-image-preview:large, max-video-preview:-1\" \/>\n<link rel=\"canonical\" href=\"https:\/\/prideshop.eu\/en\/shop\/sports\/muay-thai\/muay-thai-gloves\/boxing-gloves-speed-50flx-adidas-kopija-2\/\" \/>\n<meta property=\"og:locale\" content=\"en_US\" \/>\n<meta property=\"og:type\" content=\"article\" \/>\n<meta property=\"og:title\" content=\"Boxing Gloves Speed \u200b\u200b50FLX | Adidas - PRIDEshop\" \/>\n<meta property=\"og:description\" content=\"Are designed for bag training, boxing, fitness classes and kickboxing. They are made of durable synthetic leather\" \/>\n<meta property=\"og:url\" content=\"https:\/\/prideshop.eu\/en\/shop\/sports\/muay-thai\/muay-thai-gloves\/boxing-gloves-speed-50flx-adidas-kopija-2\/\" \/>\n<meta property=\"og:site_name\" content=\"PRIDEshop\" \/>\n<meta property=\"article:publisher\" content=\"https:\/\/sl-si.facebook.com\/PrideShopeu\" \/>\n<meta property=\"article:modified_time\" content=\"2026-01-08T07:13:59+00:00\" \/>\n<meta property=\"og:image\" content=\"https:\/\/prideshop.eu\/wp-content\/uploads\/2024\/08\/adidas-boksarske-rokavice-speed-50flx-a7150-pinkw.jpeg\" \/>\n\t<meta property=\"og:image:width\" content=\"1000\" \/>\n\t<meta property=\"og:image:height\" content=\"1000\" \/>\n\t<meta property=\"og:image:type\" content=\"image\/jpeg\" \/>\n<meta name=\"twitter:card\" content=\"summary_large_image\" \/>\n<meta name=\"twitter:label1\" content=\"Est. reading time\" \/>\n\t<meta name=\"twitter:data1\" content=\"1 minute\" \/>\n<script type=\"application\/ld+json\" class=\"yoast-schema-graph\">{\"@context\":\"https:\\\/\\\/schema.org\",\"@graph\":[{\"@type\":\"WebPage\",\"@id\":\"https:\\\/\\\/prideshop.eu\\\/en\\\/shop\\\/sports\\\/muay-thai\\\/muay-thai-gloves\\\/boxing-gloves-speed-50flx-adidas-kopija-2\\\/\",\"url\":\"https:\\\/\\\/prideshop.eu\\\/en\\\/shop\\\/sports\\\/muay-thai\\\/muay-thai-gloves\\\/boxing-gloves-speed-50flx-adidas-kopija-2\\\/\",\"name\":\"Boxing Gloves Speed \u200b\u200b50FLX | Adidas - PRIDEshop\",\"isPartOf\":{\"@id\":\"https:\\\/\\\/prideshop.eu\\\/en\\\/#website\"},\"primaryImageOfPage\":{\"@id\":\"https:\\\/\\\/prideshop.eu\\\/en\\\/shop\\\/sports\\\/muay-thai\\\/muay-thai-gloves\\\/boxing-gloves-speed-50flx-adidas-kopija-2\\\/#primaryimage\"},\"image\":{\"@id\":\"https:\\\/\\\/prideshop.eu\\\/en\\\/shop\\\/sports\\\/muay-thai\\\/muay-thai-gloves\\\/boxing-gloves-speed-50flx-adidas-kopija-2\\\/#primaryimage\"},\"thumbnailUrl\":\"https:\\\/\\\/prideshop.eu\\\/wp-content\\\/uploads\\\/2024\\\/08\\\/adidas-boksarske-rokavice-speed-50flx-a7150-pinkw.jpeg\",\"datePublished\":\"2024-08-26T19:54:49+00:00\",\"dateModified\":\"2026-01-08T07:13:59+00:00\",\"description\":\"Are designed for bag training, boxing, fitness classes and kickboxing. They are made of durable synthetic leather\",\"breadcrumb\":{\"@id\":\"https:\\\/\\\/prideshop.eu\\\/en\\\/shop\\\/sports\\\/muay-thai\\\/muay-thai-gloves\\\/boxing-gloves-speed-50flx-adidas-kopija-2\\\/#breadcrumb\"},\"inLanguage\":\"en-US\",\"potentialAction\":[{\"@type\":\"ReadAction\",\"target\":[\"https:\\\/\\\/prideshop.eu\\\/en\\\/shop\\\/sports\\\/muay-thai\\\/muay-thai-gloves\\\/boxing-gloves-speed-50flx-adidas-kopija-2\\\/\"]}]},{\"@type\":\"ImageObject\",\"inLanguage\":\"en-US\",\"@id\":\"https:\\\/\\\/prideshop.eu\\\/en\\\/shop\\\/sports\\\/muay-thai\\\/muay-thai-gloves\\\/boxing-gloves-speed-50flx-adidas-kopija-2\\\/#primaryimage\",\"url\":\"https:\\\/\\\/prideshop.eu\\\/wp-content\\\/uploads\\\/2024\\\/08\\\/adidas-boksarske-rokavice-speed-50flx-a7150-pinkw.jpeg\",\"contentUrl\":\"https:\\\/\\\/prideshop.eu\\\/wp-content\\\/uploads\\\/2024\\\/08\\\/adidas-boksarske-rokavice-speed-50flx-a7150-pinkw.jpeg\",\"width\":1000,\"height\":1000,\"caption\":\"Adidas boksarske rokavice speed 50FLX roza\"},{\"@type\":\"BreadcrumbList\",\"@id\":\"https:\\\/\\\/prideshop.eu\\\/en\\\/shop\\\/sports\\\/muay-thai\\\/muay-thai-gloves\\\/boxing-gloves-speed-50flx-adidas-kopija-2\\\/#breadcrumb\",\"itemListElement\":[{\"@type\":\"ListItem\",\"position\":1,\"name\":\"Home\",\"item\":\"https:\\\/\\\/prideshop.eu\\\/en\\\/\"},{\"@type\":\"ListItem\",\"position\":2,\"name\":\"Shop\",\"item\":\"https:\\\/\\\/prideshop.eu\\\/en\\\/shop\\\/\"},{\"@type\":\"ListItem\",\"position\":3,\"name\":\"Boxing Gloves Speed \u200b\u200b50FLX | Adidas\"}]},{\"@type\":\"WebSite\",\"@id\":\"https:\\\/\\\/prideshop.eu\\\/en\\\/#website\",\"url\":\"https:\\\/\\\/prideshop.eu\\\/en\\\/\",\"name\":\"PRIDEshop\",\"description\":\"Oprema za Borilne \u0160porte\",\"publisher\":{\"@id\":\"https:\\\/\\\/prideshop.eu\\\/en\\\/#organization\"},\"potentialAction\":[{\"@type\":\"SearchAction\",\"target\":{\"@type\":\"EntryPoint\",\"urlTemplate\":\"https:\\\/\\\/prideshop.eu\\\/en\\\/?s={search_term_string}\"},\"query-input\":{\"@type\":\"PropertyValueSpecification\",\"valueRequired\":true,\"valueName\":\"search_term_string\"}}],\"inLanguage\":\"en-US\"},{\"@type\":\"Organization\",\"@id\":\"https:\\\/\\\/prideshop.eu\\\/en\\\/#organization\",\"name\":\"PRIDEshop\",\"url\":\"https:\\\/\\\/prideshop.eu\\\/en\\\/\",\"logo\":{\"@type\":\"ImageObject\",\"inLanguage\":\"en-US\",\"@id\":\"https:\\\/\\\/prideshop.eu\\\/en\\\/#\\\/schema\\\/logo\\\/image\\\/\",\"url\":\"\",\"contentUrl\":\"\",\"caption\":\"PRIDEshop\"},\"image\":{\"@id\":\"https:\\\/\\\/prideshop.eu\\\/en\\\/#\\\/schema\\\/logo\\\/image\\\/\"},\"sameAs\":[\"https:\\\/\\\/sl-si.facebook.com\\\/PrideShopeu\"]}]}<\/script>\n<!-- \/ Yoast SEO plugin. -->","yoast_head_json":{"title":"Boxing Gloves Speed \u200b\u200b50FLX | Adidas - PRIDEshop","description":"Are designed for bag training, boxing, fitness classes and kickboxing. They are made of durable synthetic leather","robots":{"index":"index","follow":"follow","max-snippet":"max-snippet:-1","max-image-preview":"max-image-preview:large","max-video-preview":"max-video-preview:-1"},"canonical":"https:\/\/prideshop.eu\/en\/shop\/sports\/muay-thai\/muay-thai-gloves\/boxing-gloves-speed-50flx-adidas-kopija-2\/","og_locale":"en_US","og_type":"article","og_title":"Boxing Gloves Speed \u200b\u200b50FLX | Adidas - PRIDEshop","og_description":"Are designed for bag training, boxing, fitness classes and kickboxing. They are made of durable synthetic leather","og_url":"https:\/\/prideshop.eu\/en\/shop\/sports\/muay-thai\/muay-thai-gloves\/boxing-gloves-speed-50flx-adidas-kopija-2\/","og_site_name":"PRIDEshop","article_publisher":"https:\/\/sl-si.facebook.com\/PrideShopeu","article_modified_time":"2026-01-08T07:13:59+00:00","og_image":[{"width":1000,"height":1000,"url":"https:\/\/prideshop.eu\/wp-content\/uploads\/2024\/08\/adidas-boksarske-rokavice-speed-50flx-a7150-pinkw.jpeg","type":"image\/jpeg"}],"twitter_card":"summary_large_image","twitter_misc":{"Est. reading time":"1 minute"},"schema":{"@context":"https:\/\/schema.org","@graph":[{"@type":"WebPage","@id":"https:\/\/prideshop.eu\/en\/shop\/sports\/muay-thai\/muay-thai-gloves\/boxing-gloves-speed-50flx-adidas-kopija-2\/","url":"https:\/\/prideshop.eu\/en\/shop\/sports\/muay-thai\/muay-thai-gloves\/boxing-gloves-speed-50flx-adidas-kopija-2\/","name":"Boxing Gloves Speed \u200b\u200b50FLX | Adidas - PRIDEshop","isPartOf":{"@id":"https:\/\/prideshop.eu\/en\/#website"},"primaryImageOfPage":{"@id":"https:\/\/prideshop.eu\/en\/shop\/sports\/muay-thai\/muay-thai-gloves\/boxing-gloves-speed-50flx-adidas-kopija-2\/#primaryimage"},"image":{"@id":"https:\/\/prideshop.eu\/en\/shop\/sports\/muay-thai\/muay-thai-gloves\/boxing-gloves-speed-50flx-adidas-kopija-2\/#primaryimage"},"thumbnailUrl":"https:\/\/prideshop.eu\/wp-content\/uploads\/2024\/08\/adidas-boksarske-rokavice-speed-50flx-a7150-pinkw.jpeg","datePublished":"2024-08-26T19:54:49+00:00","dateModified":"2026-01-08T07:13:59+00:00","description":"Are designed for bag training, boxing, fitness classes and kickboxing. They are made of durable synthetic leather","breadcrumb":{"@id":"https:\/\/prideshop.eu\/en\/shop\/sports\/muay-thai\/muay-thai-gloves\/boxing-gloves-speed-50flx-adidas-kopija-2\/#breadcrumb"},"inLanguage":"en-US","potentialAction":[{"@type":"ReadAction","target":["https:\/\/prideshop.eu\/en\/shop\/sports\/muay-thai\/muay-thai-gloves\/boxing-gloves-speed-50flx-adidas-kopija-2\/"]}]},{"@type":"ImageObject","inLanguage":"en-US","@id":"https:\/\/prideshop.eu\/en\/shop\/sports\/muay-thai\/muay-thai-gloves\/boxing-gloves-speed-50flx-adidas-kopija-2\/#primaryimage","url":"https:\/\/prideshop.eu\/wp-content\/uploads\/2024\/08\/adidas-boksarske-rokavice-speed-50flx-a7150-pinkw.jpeg","contentUrl":"https:\/\/prideshop.eu\/wp-content\/uploads\/2024\/08\/adidas-boksarske-rokavice-speed-50flx-a7150-pinkw.jpeg","width":1000,"height":1000,"caption":"Adidas boksarske rokavice speed 50FLX roza"},{"@type":"BreadcrumbList","@id":"https:\/\/prideshop.eu\/en\/shop\/sports\/muay-thai\/muay-thai-gloves\/boxing-gloves-speed-50flx-adidas-kopija-2\/#breadcrumb","itemListElement":[{"@type":"ListItem","position":1,"name":"Home","item":"https:\/\/prideshop.eu\/en\/"},{"@type":"ListItem","position":2,"name":"Shop","item":"https:\/\/prideshop.eu\/en\/shop\/"},{"@type":"ListItem","position":3,"name":"Boxing Gloves Speed \u200b\u200b50FLX | Adidas"}]},{"@type":"WebSite","@id":"https:\/\/prideshop.eu\/en\/#website","url":"https:\/\/prideshop.eu\/en\/","name":"PRIDEshop","description":"Oprema za Borilne \u0160porte","publisher":{"@id":"https:\/\/prideshop.eu\/en\/#organization"},"potentialAction":[{"@type":"SearchAction","target":{"@type":"EntryPoint","urlTemplate":"https:\/\/prideshop.eu\/en\/?s={search_term_string}"},"query-input":{"@type":"PropertyValueSpecification","valueRequired":true,"valueName":"search_term_string"}}],"inLanguage":"en-US"},{"@type":"Organization","@id":"https:\/\/prideshop.eu\/en\/#organization","name":"PRIDEshop","url":"https:\/\/prideshop.eu\/en\/","logo":{"@type":"ImageObject","inLanguage":"en-US","@id":"https:\/\/prideshop.eu\/en\/#\/schema\/logo\/image\/","url":"","contentUrl":"","caption":"PRIDEshop"},"image":{"@id":"https:\/\/prideshop.eu\/en\/#\/schema\/logo\/image\/"},"sameAs":["https:\/\/sl-si.facebook.com\/PrideShopeu"]}]}},"_links":{"self":[{"href":"https:\/\/prideshop.eu\/en\/wp-json\/wp\/v2\/product\/49572","targetHints":{"allow":["GET"]}}],"collection":[{"href":"https:\/\/prideshop.eu\/en\/wp-json\/wp\/v2\/product"}],"about":[{"href":"https:\/\/prideshop.eu\/en\/wp-json\/wp\/v2\/types\/product"}],"replies":[{"embeddable":true,"href":"https:\/\/prideshop.eu\/en\/wp-json\/wp\/v2\/comments?post=49572"}],"wp:featuredmedia":[{"embeddable":true,"href":"https:\/\/prideshop.eu\/en\/wp-json\/wp\/v2\/media\/49587"}],"wp:attachment":[{"href":"https:\/\/prideshop.eu\/en\/wp-json\/wp\/v2\/media?parent=49572"}],"wp:term":[{"taxonomy":"product_brand","embeddable":true,"href":"https:\/\/prideshop.eu\/en\/wp-json\/wp\/v2\/product_brand?post=49572"},{"taxonomy":"product_cat","embeddable":true,"href":"https:\/\/prideshop.eu\/en\/wp-json\/wp\/v2\/product_cat?post=49572"},{"taxonomy":"product_tag","embeddable":true,"href":"https:\/\/prideshop.eu\/en\/wp-json\/wp\/v2\/product_tag?post=49572"}],"curies":[{"name":"wp","href":"https:\/\/api.w.org\/{rel}","templated":true}]}}